{"id":15578,"date":"2023-09-09T06:20:29","date_gmt":"2023-09-09T06:20:29","guid":{"rendered":"https:\/\/www.staging.proveca.com\/?page_id=15578"},"modified":"2023-11-20T14:28:41","modified_gmt":"2023-11-20T14:28:41","slug":"homepage","status":"publish","type":"page","link":"https:\/\/www.proveca.com\/de\/","title":{"rendered":"Startseite"},"content":{"rendered":"<div id='layer_slider_1'  class='avia-layerslider main_color avia-shadow  avia-builder-el-0  el_before_av_section  avia-builder-el-first  container_wrap fullsize'  style='height: 521px;'  ><\/div>\n\n<style type=\"text\/css\" data-created_by=\"avia_inline_auto\" id=\"style-css-av-kwm4enw6-601bc05c8206d08101178b6d1e494935\">\n.avia-section.av-kwm4enw6-601bc05c8206d08101178b6d1e494935{\nbackground-color:#2d578b;\nbackground:linear-gradient( to right, #2d578b, #2788c8 );\n}\n<\/style>\n<div id='av_section_1'  class='avia-section av-kwm4enw6-601bc05c8206d08101178b6d1e494935 main_color avia-section-large avia-no-border-styling  avia-builder-el-1  el_after_av_layerslider  el_before_av_section  avia-bg-style-scroll container_wrap fullsize'  ><div class='container av-section-cont-open' ><div class='template-page content  av-content-full alpha units'><div class='post-entry post-entry-type-page post-entry-15578'><div class='entry-content-wrapper clearfix'>\n<div class='flex_column_table av-911ma6-afb65643cca366701c1d38dba360ef4e sc-av_one_half av-break-at-tablet-flextable av-equal-height-column-flextable'>\n<style type=\"text\/css\" data-created_by=\"avia_inline_auto\" id=\"style-css-av-911ma6-afb65643cca366701c1d38dba360ef4e\">\n.flex_column.av-911ma6-afb65643cca366701c1d38dba360ef4e{\nwidth:47%;\nmargin-left:0;\npadding:20px 20px 20px 20px;\n}\n#top .flex_column_table.av-equal-height-column-flextable.av-911ma6-afb65643cca366701c1d38dba360ef4e .av-flex-placeholder{\nwidth:6%;\n}\n<\/style>\n<div  class='flex_column av-911ma6-afb65643cca366701c1d38dba360ef4e av_one_half  avia-builder-el-2  el_before_av_one_half  avia-builder-el-first  hp_top_ctas first av-break-at-tablet flex_column_table_cell av-equal-height-column av-align-top  '     ><p>\n<style type=\"text\/css\" data-created_by=\"avia_inline_auto\" id=\"style-css-av-aax4if-2b1e4cdce1129df6ab01f1664864c174\">\n#top .av-special-heading.av-aax4if-2b1e4cdce1129df6ab01f1664864c174{\npadding-bottom:0;\n}\nbody .av-special-heading.av-aax4if-2b1e4cdce1129df6ab01f1664864c174 .av-special-heading-tag .heading-char{\nfont-size:25px;\n}\n.av-special-heading.av-aax4if-2b1e4cdce1129df6ab01f1664864c174 .av-subheading{\nfont-size:15px;\n}\n<\/style>\n<div  class='av-special-heading av-aax4if-2b1e4cdce1129df6ab01f1664864c174 av-special-heading-h3  avia-builder-el-3  el_before_av_textblock  avia-builder-el-first '><h3 class='av-special-heading-tag '  >\u00dcber uns<\/h3><div class=\"special-heading-border\"><div class=\"special-heading-inner-border\"><\/div><\/div><\/div><br \/>\n<section  class='av_textblock_section av-9orl3b-be9c43a1eee55a0ff10237f605e29662 '  ><div class='avia_textblock' ><p>Proveca ist ausschlie\u00dflich auf die Entwicklung und Zulassung von Arzneimitteln f\u00fcr Kinder fokussiert.<\/p>\n<\/div><\/section><br \/>\n\n<style type=\"text\/css\" data-created_by=\"avia_inline_auto\" id=\"style-css-av-6lryhz-336c377c2624dc72caa5154ba1b2794c\">\n#top .hr.hr-invisible.av-6lryhz-336c377c2624dc72caa5154ba1b2794c{\nheight:40px;\n}\n<\/style>\n<div  class='hr av-6lryhz-336c377c2624dc72caa5154ba1b2794c hr-invisible  avia-builder-el-5  el_after_av_textblock  el_before_av_button '><span class='hr-inner '><span class=\"hr-inner-style\"><\/span><\/span><\/div><br \/>\n<div  class='avia-button-wrap av-k7xj3278-0b4515502b41d1bbbd0c2d8ed72348e1-wrap avia-button-left  avia-builder-el-6  el_after_av_hr  avia-builder-el-last '><a href='\/about\/'  class='avia-button av-k7xj3278-0b4515502b41d1bbbd0c2d8ed72348e1 av-link-btn avia-icon_select-yes-left-icon avia-size-small avia-position-left av-icon-on-hover avia-color-dark'   aria-label=\"MEHR ERFAHREN\"><span class='avia_button_icon avia_button_icon_left avia-iconfont avia-font-entypo-fontello' data-av_icon='\ue875' data-av_iconfont='entypo-fontello' ><\/span><span class='avia_iconbox_title' >MEHR ERFAHREN<\/span><\/a><\/div><\/p><\/div><div class='av-flex-placeholder'><\/div>\n<style type=\"text\/css\" data-created_by=\"avia_inline_auto\" id=\"style-css-av-2qkljr-421a5269cec3148a8c5ff57eb3be9e99\">\n.flex_column.av-2qkljr-421a5269cec3148a8c5ff57eb3be9e99{\nwidth:47%;\nmargin-left:0;\npadding:20px 20px 20px 20px;\n}\n#top .flex_column_table.av-equal-height-column-flextable.av-2qkljr-421a5269cec3148a8c5ff57eb3be9e99 .av-flex-placeholder{\nwidth:6%;\n}\n<\/style>\n<div  class='flex_column av-2qkljr-421a5269cec3148a8c5ff57eb3be9e99 av_one_half  avia-builder-el-7  el_after_av_one_half  avia-builder-el-last  hp_top_ctas av-break-at-tablet flex_column_table_cell av-equal-height-column av-align-top  '     ><p>\n<style type=\"text\/css\" data-created_by=\"avia_inline_auto\" id=\"style-css-av-7cpe6v-4d26b0d76a2a190b169d84ef87d7f757\">\n#top .av-special-heading.av-7cpe6v-4d26b0d76a2a190b169d84ef87d7f757{\npadding-bottom:0;\n}\nbody .av-special-heading.av-7cpe6v-4d26b0d76a2a190b169d84ef87d7f757 .av-special-heading-tag .heading-char{\nfont-size:25px;\n}\n.av-special-heading.av-7cpe6v-4d26b0d76a2a190b169d84ef87d7f757 .av-subheading{\nfont-size:15px;\n}\n<\/style>\n<div  class='av-special-heading av-7cpe6v-4d26b0d76a2a190b169d84ef87d7f757 av-special-heading-h3  avia-builder-el-8  el_before_av_textblock  avia-builder-el-first '><h3 class='av-special-heading-tag '  >Therapiebereiche<\/h3><div class=\"special-heading-border\"><div class=\"special-heading-inner-border\"><\/div><\/div><\/div><br \/>\n<section  class='av_textblock_section av-61a053-627ce221506db76757769bcfb9e6b7bd '  ><div class='avia_textblock' ><p>Proveca engagiert sich derzeit in 3 Therapiebereichen: Zerebralparese, Epilepsie und Herzinsuffizienz.<\/p>\n<\/div><\/section><br \/>\n\n<style type=\"text\/css\" data-created_by=\"avia_inline_auto\" id=\"style-css-av-3tiznr-d7d198aadcbb88c4b4ebb4eded0cc66a\">\n#top .hr.hr-invisible.av-3tiznr-d7d198aadcbb88c4b4ebb4eded0cc66a{\nheight:40px;\n}\n<\/style>\n<div  class='hr av-3tiznr-d7d198aadcbb88c4b4ebb4eded0cc66a hr-invisible  avia-builder-el-10  el_after_av_textblock  el_before_av_button '><span class='hr-inner '><span class=\"hr-inner-style\"><\/span><\/span><\/div><br \/>\n<div  class='avia-button-wrap av-k7xj3278-1-5f5fa19e43ad00465386b1a75cfd7ae7-wrap avia-button-left  avia-builder-el-11  el_after_av_hr  avia-builder-el-last '><a href='https:\/\/www.proveca.com\/de\/therapiebereiche\/'  class='avia-button av-k7xj3278-1-5f5fa19e43ad00465386b1a75cfd7ae7 av-link-btn avia-icon_select-yes-left-icon avia-size-small avia-position-left av-icon-on-hover avia-color-dark'   aria-label=\"MEHR ERFAHREN\"><span class='avia_button_icon avia_button_icon_left avia-iconfont avia-font-entypo-fontello' data-av_icon='\ue875' data-av_iconfont='entypo-fontello' ><\/span><span class='avia_iconbox_title' >MEHR ERFAHREN<\/span><\/a><\/div><\/p><\/div><\/div><!--close column table wrapper. Autoclose: 1 -->\n\n<\/div><\/div><\/div><!-- close content main div --><\/div><\/div><div id='av_section_2'  class='avia-section av-kwn59c03-e7b73d356372c68f4246de00e1e0cd0f main_color avia-section-large avia-no-border-styling  avia-builder-el-12  el_after_av_section  avia-builder-el-last  hp_copy_one invest_mid avia-bg-style-scroll container_wrap fullsize'  ><div class='container av-section-cont-open' ><div class='template-page content  av-content-full alpha units'><div class='post-entry post-entry-type-page post-entry-15578'><div class='entry-content-wrapper clearfix'>\n<div  class='flex_column av-av_one_full-048119fdb636ea3d70edc0b975509c6c av_one_full  avia-builder-el-13  el_before_av_one_half  avia-builder-el-first  first flex_column_div  '     ><style type=\"text\/css\" data-created_by=\"avia_inline_auto\" id=\"style-css-av-kwm5hpu1-1a1df819f9324d2d7af8ab0fd744fd6a\">\n#top .av-special-heading.av-kwm5hpu1-1a1df819f9324d2d7af8ab0fd744fd6a{\nmargin:0 0 -20px 0;\npadding-bottom:0;\n}\nbody .av-special-heading.av-kwm5hpu1-1a1df819f9324d2d7af8ab0fd744fd6a .av-special-heading-tag .heading-char{\nfont-size:25px;\n}\n.av-special-heading.av-kwm5hpu1-1a1df819f9324d2d7af8ab0fd744fd6a .av-subheading{\nfont-size:15px;\n}\n<\/style>\n<div  class='av-special-heading av-kwm5hpu1-1a1df819f9324d2d7af8ab0fd744fd6a av-special-heading-h1 blockquote modern-quote  avia-builder-el-14  avia-builder-el-no-sibling  hp_h1'><h1 class='av-special-heading-tag '  >Arzneimittel f\u00fcr Kinder<\/h1><div class=\"special-heading-border\"><div class=\"special-heading-inner-border\"><\/div><\/div><\/div><\/div><div  class='flex_column av-2yl3cn-e229cdf9557cd64003f6031525d8410a av_one_half  avia-builder-el-15  el_after_av_one_full  el_before_av_one_half  first flex_column_div  column-top-margin'     ><section  class='av_textblock_section av-kwm5hv2b-ff83ed29af8c32f82e19f54ce61acd0d '  ><div class='avia_textblock hp_copy_one_mid' ><p><strong>Proveca ist ein in Gro\u00dfbritannien ans\u00e4ssiges Pharmaunternehmen, das auf die Entwicklung und Zulassung von Arzneimitteln f\u00fcr einen nicht abgedeckten medizinischen Bedarf bei Kindern spezialisiert ist.<\/strong><\/p>\n<p>Proveca ist eines der f\u00fchrenden Unternehmen in der Zulassung von Kinderarzneimitteln nach dem europ\u00e4ischen Zulassungsverfahren PUMA (Paediatric Use Marketing Authorisation, Zulassung f\u00fcr die p\u00e4diatrische Verwendung). Die Verordnung wurde speziell geschaffen, um die Anzahl der f\u00fcr Kinder entwickelten und zugelassenen Arzneimittel ohne Patentschutz zu erh\u00f6hen.<\/p>\n<p>Das dynamische und erfahrene Team von Proveca ist bestrebt, das Leben von Kindern zu verbessern, von denen viele eine langfristige medikament\u00f6se Behandlung wegen chronischer Krankheiten ben\u00f6tigen.<\/p>\n<\/div><\/section><\/div><div  class='flex_column av-av_one_half-838c76ee294fa093a17e94dc54512b24 av_one_half  avia-builder-el-17  el_after_av_one_half  el_before_av_one_third  flex_column_div  column-top-margin'     ><section  class='av_textblock_section av-loegai0b-c714544a8eff501876a60641da6dcb4e '  ><div class='avia_textblock hp_copy_one_mid' ><p>Proveca ist Vorreiter bei zugelassenen Kinderarzneimitteln,die auf die spezifischen Anforderungen von Kindern zugeschnitten sind, und arbeitet zu diesem Zweck eng mit \u00c4rzten, Eltern, Betreuern und Kindern zusammen.<\/p>\n<p>Wir stellen Informationen und Schulungsmaterialien f\u00fcr medizinische Fachkr\u00e4fte, Eltern und Pflegepersonal zur Verf\u00fcgung.\u00a0 F\u00fcr weitere Informationen klicken Sie bitte auf die obigen Links.<\/p>\n<p>Wenn Sie weitere Unterst\u00fctzung ben\u00f6tigen, finden Sie Angaben zur Kontaktaufnahme auf unserer Kontaktseite.\u00a0 Wenn Sie unerw\u00fcnschte Nebenwirkungen oder sonstige Bedenken melden m\u00f6chten, besuchen Sie bitte die Seite \u201e<a href=\"\/de\/melden-eines-problems\/\">Ein Problem melden<\/a>\u201c.<\/p>\n<\/div><\/section><\/div><div class='flex_column_table av-dfp9mv-653a93bf039034b08580c723915ced44 sc-av_one_third av-equal-height-column-flextable'>\n<style type=\"text\/css\" data-created_by=\"avia_inline_auto\" id=\"style-css-av-dfp9mv-653a93bf039034b08580c723915ced44\">\n.flex_column.av-dfp9mv-653a93bf039034b08580c723915ced44{\npadding:20px 20px 20px 20px;\nbackground-color:#ecf2f6;\n}\n<\/style>\n<div  class='flex_column av-dfp9mv-653a93bf039034b08580c723915ced44 av_one_third  avia-builder-el-19  el_after_av_one_half  el_before_av_one_third  hp_top_ctas hp_inv_part first flex_column_table_cell av-equal-height-column av-align-top  column-top-margin'     ><p>\n<style type=\"text\/css\" data-created_by=\"avia_inline_auto\" id=\"style-css-av-cfym6v-544899077e39d4708ee393a4bf8a4783\">\n#top .av-special-heading.av-cfym6v-544899077e39d4708ee393a4bf8a4783{\npadding-bottom:0;\n}\nbody .av-special-heading.av-cfym6v-544899077e39d4708ee393a4bf8a4783 .av-special-heading-tag .heading-char{\nfont-size:25px;\n}\n.av-special-heading.av-cfym6v-544899077e39d4708ee393a4bf8a4783 .av-subheading{\nfont-size:15px;\n}\n<\/style>\n<div  class='av-special-heading av-cfym6v-544899077e39d4708ee393a4bf8a4783 av-special-heading-h3  avia-builder-el-20  el_before_av_textblock  avia-builder-el-first '><h3 class='av-special-heading-tag '  >Investoren<\/h3><div class=\"special-heading-border\"><div class=\"special-heading-inner-border\"><\/div><\/div><\/div><br \/>\n\n<style type=\"text\/css\" data-created_by=\"avia_inline_auto\" id=\"style-css-av-kwnah6rq-8004eb60153864cb276bc05855dd141a\">\n#top .av_textblock_section.av-kwnah6rq-8004eb60153864cb276bc05855dd141a .avia_textblock{\ncolor:#ffffff;\n}\n<\/style>\n<section  class='av_textblock_section av-kwnah6rq-8004eb60153864cb276bc05855dd141a '  ><div class='avia_textblock av_inherit_color' ><p>Informationen f\u00fcr Investoren und Medienvertreter.<\/p>\n<\/div><\/section><br \/>\n\n<style type=\"text\/css\" data-created_by=\"avia_inline_auto\" id=\"style-css-av-av_hr-65bd92347fddc685eba247be6d5a9a45\">\n#top .hr.hr-invisible.av-av_hr-65bd92347fddc685eba247be6d5a9a45{\nheight:40px;\n}\n<\/style>\n<div  class='hr av-av_hr-65bd92347fddc685eba247be6d5a9a45 hr-invisible  avia-builder-el-22  el_after_av_textblock  el_before_av_button '><span class='hr-inner '><span class=\"hr-inner-style\"><\/span><\/span><\/div><br \/>\n<div  class='avia-button-wrap av-kwnavxwq-a0d6e1d7fe66150ca3e000c5cd4a9532-wrap avia-button-right  avia-builder-el-23  el_after_av_hr  avia-builder-el-last  investor_team_link'><a href='\/investors\/'  class='avia-button av-kwnavxwq-a0d6e1d7fe66150ca3e000c5cd4a9532 av-link-btn avia-icon_select-yes-left-icon avia-size-small avia-position-right av-icon-on-hover avia-color-dark'   aria-label=\"Mehr Informationen\"><span class='avia_button_icon avia_button_icon_left avia-iconfont avia-font-entypo-fontello' data-av_icon='\ue879' data-av_iconfont='entypo-fontello' ><\/span><span class='avia_iconbox_title' >Mehr Informationen<\/span><\/a><\/div><\/p><\/div><div class='av-flex-placeholder'><\/div>\n<style type=\"text\/css\" data-created_by=\"avia_inline_auto\" id=\"style-css-av-llv5ic9p-93060d55552432cc49a665ff60c36267\">\n.flex_column.av-llv5ic9p-93060d55552432cc49a665ff60c36267{\npadding:20px 20px 20px 20px;\nbackground-color:#ecf2f6;\n}\n<\/style>\n<div  class='flex_column av-llv5ic9p-93060d55552432cc49a665ff60c36267 av_one_third  avia-builder-el-24  el_after_av_one_third  el_before_av_one_third  hp_top_ctas flex_column_table_cell av-equal-height-column av-align-top  column-top-margin'     ><p>\n<style type=\"text\/css\" data-created_by=\"avia_inline_auto\" id=\"style-css-av-llv6k6vg-04533ef88e2bac65abe2edeefe14de29\">\n#top .av-special-heading.av-llv6k6vg-04533ef88e2bac65abe2edeefe14de29{\npadding-bottom:0;\n}\nbody .av-special-heading.av-llv6k6vg-04533ef88e2bac65abe2edeefe14de29 .av-special-heading-tag .heading-char{\nfont-size:25px;\n}\n.av-special-heading.av-llv6k6vg-04533ef88e2bac65abe2edeefe14de29 .av-subheading{\nfont-size:15px;\n}\n<\/style>\n<div  class='av-special-heading av-llv6k6vg-04533ef88e2bac65abe2edeefe14de29 av-special-heading-h3  avia-builder-el-25  el_before_av_textblock  avia-builder-el-first '><h3 class='av-special-heading-tag '  >Contacts<\/h3><div class=\"special-heading-border\"><div class=\"special-heading-inner-border\"><\/div><\/div><\/div><br \/>\n<section  class='av_textblock_section av-llv58ryh-797cd53140746003fb05490528e24ad2 '  ><div class='avia_textblock' ><p style=\"text-align: left;\">Sollten Sie weitere Unterst\u00fctzung ben\u00f6tigen, finden Sie Informationen zur Kontaktaufnahme auf der <a href=\"https:\/\/www.proveca.com\/de\/kontakt\/\">Kontaktseite<\/a>.<\/p>\n<\/div><\/section><\/p><\/div><div class='av-flex-placeholder'><\/div>\n<style type=\"text\/css\" data-created_by=\"avia_inline_auto\" id=\"style-css-av-av_one_third-9ed7657b7e979d6a75fa47e9d13a75e0\">\n.flex_column.av-av_one_third-9ed7657b7e979d6a75fa47e9d13a75e0{\npadding:20px 20px 20px 20px;\nbackground-color:#ecf2f6;\n}\n<\/style>\n<div  class='flex_column av-av_one_third-9ed7657b7e979d6a75fa47e9d13a75e0 av_one_third  avia-builder-el-27  el_after_av_one_third  avia-builder-el-last  hp_top_ctas flex_column_table_cell av-equal-height-column av-align-top  column-top-margin'     ><p>\n<style type=\"text\/css\" data-created_by=\"avia_inline_auto\" id=\"style-css-av-lp6wg0oa-fb11e5d1c72ff41932bbe49a606b5bd0\">\n#top .av-special-heading.av-lp6wg0oa-fb11e5d1c72ff41932bbe49a606b5bd0{\npadding-bottom:0;\n}\nbody .av-special-heading.av-lp6wg0oa-fb11e5d1c72ff41932bbe49a606b5bd0 .av-special-heading-tag .heading-char{\nfont-size:25px;\n}\n.av-special-heading.av-lp6wg0oa-fb11e5d1c72ff41932bbe49a606b5bd0 .av-subheading{\nfont-size:15px;\n}\n<\/style>\n<div  class='av-special-heading av-lp6wg0oa-fb11e5d1c72ff41932bbe49a606b5bd0 av-special-heading-h3  avia-builder-el-28  el_before_av_textblock  avia-builder-el-first '><h3 class='av-special-heading-tag '  >Ein Problem melden<\/h3><div class=\"special-heading-border\"><div class=\"special-heading-inner-border\"><\/div><\/div><\/div><br \/>\n<section  class='av_textblock_section av-lp3ymnf7-d49a5dbbb7dbe0ef9c7b82619beb36fd '  ><div class='avia_textblock' ><p>Wenn Sie unerw\u00fcnschte Nebenwirkungen oder sonstige Bedenken melden m\u00f6chten, besuchen Sie bitte die Seite \u201e<a href=\"https:\/\/www.proveca.com\/de\/melden-eines-problems\/\">Ein Problem melden<\/a>\u201c.<\/p>\n<\/div><\/section><\/p><\/div><\/div><!--close column table wrapper. Autoclose: 1 -->\n","protected":false},"excerpt":{"rendered":"","protected":false},"author":1,"featured_media":0,"parent":0,"menu_order":0,"comment_status":"closed","ping_status":"closed","template":"","meta":{"footnotes":""},"class_list":["post-15578","page","type-page","status-publish","hentry"],"yoast_head":"<!-- This site is optimized with the Yoast SEO plugin v27.3 - https:\/\/yoast.com\/product\/yoast-seo-wordpress\/ -->\n<title>Proveca: Ein auf Arzneimittel f\u00fcr Kinder spezialisiertes Pharmaunternehmen<\/title>\n<meta name=\"description\" content=\"Proveca ist ein in Gro\u00dfbritannien ans\u00e4ssiges Pharmaunternehmen, das auf die Entwicklung und Zulassung von Arzneimitteln f\u00fcr Kinder f\u00fcr verschiedene Therapiebereiche spezialisiert ist. Mehr erfahren.\" \/>\n<meta name=\"robots\" content=\"index, follow, max-snippet:-1, max-image-preview:large, max-video-preview:-1\" \/>\n<link rel=\"canonical\" href=\"https:\/\/www.proveca.com\/de\/\" \/>\n<meta property=\"og:type\" content=\"article\" \/>\n<meta property=\"og:title\" content=\"Proveca: Ein auf Arzneimittel f\u00fcr Kinder spezialisiertes Pharmaunternehmen\" \/>\n<meta property=\"og:description\" content=\"Proveca ist ein in Gro\u00dfbritannien ans\u00e4ssiges Pharmaunternehmen, das auf die Entwicklung und Zulassung von Arzneimitteln f\u00fcr Kinder f\u00fcr verschiedene Therapiebereiche spezialisiert ist. Mehr erfahren.\" \/>\n<meta property=\"og:url\" content=\"https:\/\/www.proveca.com\/de\/\" \/>\n<meta property=\"og:site_name\" content=\"Proveca\" \/>\n<meta property=\"article:modified_time\" content=\"2023-11-20T14:28:41+00:00\" \/>\n<meta name=\"twitter:card\" content=\"summary_large_image\" \/>\n<meta name=\"twitter:label1\" content=\"Gesch\u00e4tzte Lesezeit\" \/>\n\t<meta name=\"twitter:data1\" content=\"10\u00a0Minuten\" \/>\n<script type=\"application\/ld+json\" class=\"yoast-schema-graph\">{\"@context\":\"https:\\\/\\\/schema.org\",\"@graph\":[{\"@type\":\"WebPage\",\"@id\":\"https:\\\/\\\/www.proveca.com\\\/de\\\/\",\"url\":\"https:\\\/\\\/www.proveca.com\\\/de\\\/\",\"name\":\"Proveca: Ein auf Arzneimittel f\u00fcr Kinder spezialisiertes Pharmaunternehmen\",\"isPartOf\":{\"@id\":\"https:\\\/\\\/www.proveca.com\\\/de\\\/#website\"},\"datePublished\":\"2023-09-09T06:20:29+00:00\",\"dateModified\":\"2023-11-20T14:28:41+00:00\",\"description\":\"Proveca ist ein in Gro\u00dfbritannien ans\u00e4ssiges Pharmaunternehmen, das auf die Entwicklung und Zulassung von Arzneimitteln f\u00fcr Kinder f\u00fcr verschiedene Therapiebereiche spezialisiert ist. Mehr erfahren.\",\"breadcrumb\":{\"@id\":\"https:\\\/\\\/www.proveca.com\\\/de\\\/#breadcrumb\"},\"inLanguage\":\"de\",\"potentialAction\":[{\"@type\":\"ReadAction\",\"target\":[\"https:\\\/\\\/www.proveca.com\\\/de\\\/\"]}]},{\"@type\":\"BreadcrumbList\",\"@id\":\"https:\\\/\\\/www.proveca.com\\\/de\\\/#breadcrumb\",\"itemListElement\":[{\"@type\":\"ListItem\",\"position\":1,\"name\":\"Home\",\"item\":\"https:\\\/\\\/www.proveca.com\\\/de\\\/homepage\\\/\"},{\"@type\":\"ListItem\",\"position\":2,\"name\":\"Startseite\"}]},{\"@type\":\"WebSite\",\"@id\":\"https:\\\/\\\/www.proveca.com\\\/de\\\/#website\",\"url\":\"https:\\\/\\\/www.proveca.com\\\/de\\\/\",\"name\":\"Proveca\",\"description\":\"Medicines for children\",\"potentialAction\":[{\"@type\":\"SearchAction\",\"target\":{\"@type\":\"EntryPoint\",\"urlTemplate\":\"https:\\\/\\\/www.proveca.com\\\/de\\\/?s={search_term_string}\"},\"query-input\":{\"@type\":\"PropertyValueSpecification\",\"valueRequired\":true,\"valueName\":\"search_term_string\"}}],\"inLanguage\":\"de\"}]}<\/script>\n<!-- \/ Yoast SEO plugin. -->","yoast_head_json":{"title":"Proveca: Ein auf Arzneimittel f\u00fcr Kinder spezialisiertes Pharmaunternehmen","description":"Proveca ist ein in Gro\u00dfbritannien ans\u00e4ssiges Pharmaunternehmen, das auf die Entwicklung und Zulassung von Arzneimitteln f\u00fcr Kinder f\u00fcr verschiedene Therapiebereiche spezialisiert ist. Mehr erfahren.","robots":{"index":"index","follow":"follow","max-snippet":"max-snippet:-1","max-image-preview":"max-image-preview:large","max-video-preview":"max-video-preview:-1"},"canonical":"https:\/\/www.proveca.com\/de\/","og_type":"article","og_title":"Proveca: Ein auf Arzneimittel f\u00fcr Kinder spezialisiertes Pharmaunternehmen","og_description":"Proveca ist ein in Gro\u00dfbritannien ans\u00e4ssiges Pharmaunternehmen, das auf die Entwicklung und Zulassung von Arzneimitteln f\u00fcr Kinder f\u00fcr verschiedene Therapiebereiche spezialisiert ist. Mehr erfahren.","og_url":"https:\/\/www.proveca.com\/de\/","og_site_name":"Proveca","article_modified_time":"2023-11-20T14:28:41+00:00","twitter_card":"summary_large_image","twitter_misc":{"Gesch\u00e4tzte Lesezeit":"10\u00a0Minuten"},"schema":{"@context":"https:\/\/schema.org","@graph":[{"@type":"WebPage","@id":"https:\/\/www.proveca.com\/de\/","url":"https:\/\/www.proveca.com\/de\/","name":"Proveca: Ein auf Arzneimittel f\u00fcr Kinder spezialisiertes Pharmaunternehmen","isPartOf":{"@id":"https:\/\/www.proveca.com\/de\/#website"},"datePublished":"2023-09-09T06:20:29+00:00","dateModified":"2023-11-20T14:28:41+00:00","description":"Proveca ist ein in Gro\u00dfbritannien ans\u00e4ssiges Pharmaunternehmen, das auf die Entwicklung und Zulassung von Arzneimitteln f\u00fcr Kinder f\u00fcr verschiedene Therapiebereiche spezialisiert ist. Mehr erfahren.","breadcrumb":{"@id":"https:\/\/www.proveca.com\/de\/#breadcrumb"},"inLanguage":"de","potentialAction":[{"@type":"ReadAction","target":["https:\/\/www.proveca.com\/de\/"]}]},{"@type":"BreadcrumbList","@id":"https:\/\/www.proveca.com\/de\/#breadcrumb","itemListElement":[{"@type":"ListItem","position":1,"name":"Home","item":"https:\/\/www.proveca.com\/de\/homepage\/"},{"@type":"ListItem","position":2,"name":"Startseite"}]},{"@type":"WebSite","@id":"https:\/\/www.proveca.com\/de\/#website","url":"https:\/\/www.proveca.com\/de\/","name":"Proveca","description":"Medicines for children","potentialAction":[{"@type":"SearchAction","target":{"@type":"EntryPoint","urlTemplate":"https:\/\/www.proveca.com\/de\/?s={search_term_string}"},"query-input":{"@type":"PropertyValueSpecification","valueRequired":true,"valueName":"search_term_string"}}],"inLanguage":"de"}]}},"_links":{"self":[{"href":"https:\/\/www.proveca.com\/de\/wp-json\/wp\/v2\/pages\/15578","targetHints":{"allow":["GET"]}}],"collection":[{"href":"https:\/\/www.proveca.com\/de\/wp-json\/wp\/v2\/pages"}],"about":[{"href":"https:\/\/www.proveca.com\/de\/wp-json\/wp\/v2\/types\/page"}],"author":[{"embeddable":true,"href":"https:\/\/www.proveca.com\/de\/wp-json\/wp\/v2\/users\/1"}],"replies":[{"embeddable":true,"href":"https:\/\/www.proveca.com\/de\/wp-json\/wp\/v2\/comments?post=15578"}],"version-history":[{"count":11,"href":"https:\/\/www.proveca.com\/de\/wp-json\/wp\/v2\/pages\/15578\/revisions"}],"predecessor-version":[{"id":16369,"href":"https:\/\/www.proveca.com\/de\/wp-json\/wp\/v2\/pages\/15578\/revisions\/16369"}],"wp:attachment":[{"href":"https:\/\/www.proveca.com\/de\/wp-json\/wp\/v2\/media?parent=15578"}],"curies":[{"name":"wp","href":"https:\/\/api.w.org\/{rel}","templated":true}]}}