{"id":3724,"date":"2013-04-07T16:28:54","date_gmt":"2013-04-07T16:28:54","guid":{"rendered":"https:\/\/provecaweb.geneticdigital.co.uk\/therapy-areas\/"},"modified":"2023-11-17T21:58:21","modified_gmt":"2023-11-17T21:58:21","slug":"therapiebereiche","status":"publish","type":"page","link":"https:\/\/www.proveca.com\/de\/therapiebereiche\/","title":{"rendered":"Therapiebereiche"},"content":{"rendered":"\n<style type=\"text\/css\" data-created_by=\"avia_inline_auto\" id=\"style-css-av-k7qc8ed7-159275eaa6f4c0c81e5fdd5a5a35ce23\">\n.avia-section.av-k7qc8ed7-159275eaa6f4c0c81e5fdd5a5a35ce23{\nbackground-color:#ecf2f6;\nbackground-image:url(https:\/\/www.proveca.com\/wp-content\/uploads\/2020\/03\/big-leaf-4.png);\nbackground-repeat:no-repeat;\nbackground-position:50% 50%;\nbackground-attachment:scroll;\n}\n<\/style>\n<div id='av_section_1'  class='avia-section av-k7qc8ed7-159275eaa6f4c0c81e5fdd5a5a35ce23 main_color avia-section-default avia-no-border-styling  avia-builder-el-0  el_before_av_section  avia-builder-el-first  avia-full-stretch avia-bg-style-scroll av-minimum-height av-minimum-height-custom av-height-custom  container_wrap fullsize'  data-section-bg-repeat='stretch' data-av_minimum_height_px='150'><div class='container av-section-cont-open' style='height:150px'><main  class='template-page content  av-content-full alpha units'><div class='post-entry post-entry-type-page post-entry-3724'><div class='entry-content-wrapper clearfix'>\n\n<style type=\"text\/css\" data-created_by=\"avia_inline_auto\" id=\"style-css-av-k7up14rm-309c1687c14d2441696c0c2ebc6945a5\">\n.flex_column.av-k7up14rm-309c1687c14d2441696c0c2ebc6945a5{\nborder-radius:0px 0px 0px 0px;\npadding:0px 0px 0px 0px;\n}\n<\/style>\n<div  class='flex_column av-k7up14rm-309c1687c14d2441696c0c2ebc6945a5 av_one_full  avia-builder-el-1  avia-builder-el-no-sibling  first flex_column_div av-animated-generic left-to-right av-zero-column-padding  '     ><style type=\"text\/css\" data-created_by=\"avia_inline_auto\" id=\"style-css-av-k9vfla67-02a30d3a462de24c8e30543942b3ca09\">\n#top .av-special-heading.av-k9vfla67-02a30d3a462de24c8e30543942b3ca09{\npadding-bottom:10px;\ncolor:#ffffff;\n}\nbody .av-special-heading.av-k9vfla67-02a30d3a462de24c8e30543942b3ca09 .av-special-heading-tag .heading-char{\nfont-size:25px;\n}\n.av-special-heading.av-k9vfla67-02a30d3a462de24c8e30543942b3ca09 .special-heading-inner-border{\nborder-color:#ffffff;\n}\n.av-special-heading.av-k9vfla67-02a30d3a462de24c8e30543942b3ca09 .av-subheading{\nfont-size:15px;\n}\n<\/style>\n<div  class='av-special-heading av-k9vfla67-02a30d3a462de24c8e30543942b3ca09 av-special-heading-h1 custom-color-heading blockquote modern-quote  avia-builder-el-2  avia-builder-el-no-sibling '><h1 class='av-special-heading-tag '  >Therapiebereiche<\/h1><div class=\"special-heading-border\"><div class=\"special-heading-inner-border\"><\/div><\/div><\/div><\/div>\n\n<\/div><\/div><\/main><!-- close content main element --><\/div><\/div><div id='av_section_2'  class='avia-section av-b8ocvq-848ec8889aa13f3b91d935de634f2344 main_color avia-section-default avia-no-border-styling  avia-builder-el-3  el_after_av_section  el_before_av_section  avia-bg-style-scroll container_wrap fullsize'  ><div class='container av-section-cont-open' ><div class='template-page content  av-content-full alpha units'><div class='post-entry post-entry-type-page post-entry-3724'><div class='entry-content-wrapper clearfix'>\n<div  class='flex_column av-av_three_fifth-048119fdb636ea3d70edc0b975509c6c av_three_fifth  avia-builder-el-4  el_before_av_two_fifth  avia-builder-el-first  first flex_column_div  '     ><style type=\"text\/css\" data-created_by=\"avia_inline_auto\" id=\"style-css-av-2ewq1o-a09d1cfcf6c61c272727a9f95fc0eeec\">\n#top .av-special-heading.av-2ewq1o-a09d1cfcf6c61c272727a9f95fc0eeec{\npadding-bottom:10px;\n}\nbody .av-special-heading.av-2ewq1o-a09d1cfcf6c61c272727a9f95fc0eeec .av-special-heading-tag .heading-char{\nfont-size:25px;\n}\n#top #wrap_all .av-special-heading.av-2ewq1o-a09d1cfcf6c61c272727a9f95fc0eeec .av-special-heading-tag{\nfont-size:38px;\n}\n.av-special-heading.av-2ewq1o-a09d1cfcf6c61c272727a9f95fc0eeec .av-subheading{\nfont-size:15px;\n}\n<\/style>\n<div  class='av-special-heading av-2ewq1o-a09d1cfcf6c61c272727a9f95fc0eeec av-special-heading-h2  avia-builder-el-5  avia-builder-el-no-sibling '><h2 class='av-special-heading-tag '  >Therapiebereiche<\/h2><div class=\"special-heading-border\"><div class=\"special-heading-inner-border\"><\/div><\/div><\/div><\/div><div  class='flex_column av-4lsfzg-a427634a30396450cb31b94663b8831f av_two_fifth  avia-builder-el-6  el_after_av_three_fifth  el_before_av_one_half  flex_column_div  '     ><section  class='av_textblock_section av-2lj2ak-a9e1010fd91e16f9f8123d0a54456405 '  ><div class='avia_textblock atde_flag' ><p><img loading=\"lazy\" decoding=\"async\" class=\"size-thumbnail wp-image-9925 alignright\" src=\"https:\/\/www.proveca.com\/wp-content\/uploads\/2023\/02\/germany-flag-80x80.webp\" alt=\"\" width=\"40\" height=\"40\" srcset=\"https:\/\/www.proveca.com\/wp-content\/uploads\/2023\/02\/germany-flag-80x80.webp 80w, https:\/\/www.proveca.com\/wp-content\/uploads\/2023\/02\/germany-flag-36x36.webp 36w, https:\/\/www.proveca.com\/wp-content\/uploads\/2023\/02\/germany-flag-180x180.webp 180w\" sizes=\"auto, (max-width: 40px) 100vw, 40px\" \/><img loading=\"lazy\" decoding=\"async\" class=\"size-thumbnail wp-image-7046 alignright\" src=\"https:\/\/www.proveca.com\/wp-content\/uploads\/2020\/12\/Flag_of_Austria_640-80x80.png\" alt=\"\" width=\"40\" height=\"40\" srcset=\"https:\/\/www.proveca.com\/wp-content\/uploads\/2020\/12\/Flag_of_Austria_640-80x80.png 80w, https:\/\/www.proveca.com\/wp-content\/uploads\/2020\/12\/Flag_of_Austria_640-36x36.png 36w, https:\/\/www.proveca.com\/wp-content\/uploads\/2020\/12\/Flag_of_Austria_640-180x180.png 180w\" sizes=\"auto, (max-width: 40px) 100vw, 40px\" \/><\/p>\n<\/div><\/section><\/div>\n<style type=\"text\/css\" data-created_by=\"avia_inline_auto\" id=\"style-css-av-93zaqe-6719ee2ffeb09ccf52b7dfa3fafcda10\">\n.flex_column.av-93zaqe-6719ee2ffeb09ccf52b7dfa3fafcda10{\nborder-radius:0px 0px 0px 0px;\npadding:0px 0px 0px 0px;\n}\n<\/style>\n<div  class='flex_column av-93zaqe-6719ee2ffeb09ccf52b7dfa3fafcda10 av_one_half  avia-builder-el-8  el_after_av_two_fifth  el_before_av_one_half  first flex_column_div av-zero-column-padding  '     ><section  class='av_textblock_section av-k6t9u9qf-8aa8302f23db86c480899c894fe2b675 '  ><div class='avia_textblock' ><p>Die meisten Arzneimittelentwicklungen sind traditionell auf Erwachsene ausgerichtet und beinhalten wenige oder gar keine klinischen Bewertungen f\u00fcr Kinder. Daher sind Arzneimittelzulassungen speziell f\u00fcr den p\u00e4diatrischen Gebrauch selten und es gibt daher einen gro\u00dfen, unerf\u00fcllten medizinischen Bedarf bei der Versorgung von Kindern. Obwohl viele Medikamente Kindern verabreicht werden, sind die meisten nicht explizit f\u00fcr die Anwendung bei Kindern zugelassen und stehen nicht in altersgerechten Formulierungen zur Verf\u00fcgung.<\/p>\n<p>Im Jahr 2007 leiteten die europ\u00e4ischen Regulierungsbeh\u00f6rden eine Reihe von Ma\u00dfnahmen ein, die darauf abzielten, Unternehmen Anreize zu bieten, bestehende nicht patentgesch\u00fctzte Arzneimittel f\u00fcr die Anwendung bei Kindern zuzulassen. Die bedeutendste dieser Ma\u00dfnahmen war die sogenannte PUMA-Zulassung (PUMA=Paediatric use marketing authorization). Diese Genehmigung f\u00fcr das Inverkehrbringen von Medikamenten ber\u00fccksichtigt die Indikation und geeignete Formulierung f\u00fcr die p\u00e4diatrische Bev\u00f6lkerung. Die Anforderungen f\u00fcr die Entwicklung von Arzneimitteln f\u00fcr den Einsatz bei Kindern sind in einem vereinbarten P\u00e4diatrischen Entwicklungsplan (PIP) festgelegt.<\/p>\n<p>Die Produktpipeline von Proveca wird \u00fcber einen strukturierten Identifizierungs- und Bewertungsprozess aufgestellt, wobei jeder potentielle Arzneistoff anhand einer Reihe von Schl\u00fcsselfaktoren bewertet wird, um den am besten geeigneten Kandidaten f\u00fcr ein weiteres Entwicklungsprogramm zu identifizieren.<\/p>\n<p>Der Prozess umfasst die Identifizierung potentieller Kandidaten und eine anschlie\u00dfende Bewertung (technische, regulatorische und Marktbewertung). Passende Arzneistoffe werden dann durch das PIP\/PUMA-Verfahren gef\u00fchrt, um eine europ\u00e4ische p\u00e4diatrische Zulassung zu erhalten.<\/p>\n<p>Proveca konzentriert sich auf die folgenden Therapiebereiche: Zerebralparese, Epilepsie und Herzinsuffizienz.<\/p>\n<\/div><\/section><\/div>\n<style type=\"text\/css\" data-created_by=\"avia_inline_auto\" id=\"style-css-av-7cemra-81e5828bbb92af2338ddd0a537c6d1c3\">\n.flex_column.av-7cemra-81e5828bbb92af2338ddd0a537c6d1c3{\nborder-radius:0px 0px 0px 0px;\npadding:0px 0px 0px 0px;\n}\n<\/style>\n<div  class='flex_column av-7cemra-81e5828bbb92af2338ddd0a537c6d1c3 av_one_half  avia-builder-el-10  el_after_av_one_half  avia-builder-el-last  flex_column_div av-zero-column-padding  '     ><section  class='av_textblock_section av-k6t9u9qf-1-61e567e45b3b062defd9ea36a399626e '  ><div class='avia_textblock' ><h3>Provecas Therapiebereiche:<\/h3>\n<\/div><\/section><br \/>\n<br \/>\n\n<style type=\"text\/css\" data-created_by=\"avia_inline_auto\" id=\"style-css-av-k8503lxo-a5d69035198b6c686bd732f9cb6c167c\">\n.avia-image-container.av-k8503lxo-a5d69035198b6c686bd732f9cb6c167c img.avia_image{\nbox-shadow:none;\n}\n.avia-image-container.av-k8503lxo-a5d69035198b6c686bd732f9cb6c167c .av-image-caption-overlay-center{\ncolor:#ffffff;\n}\n<\/style>\n<div  class='avia-image-container av-k8503lxo-a5d69035198b6c686bd732f9cb6c167c av-styling-no-styling avia_animated_image av-animated-when-visible-95 fade-in avia-align-center  avia-builder-el-13  el_after_av_codeblock  avia-builder-el-last '  ><div class=\"avia-image-container-inner\"><div class=\"avia-image-overlay-wrap\"><img decoding=\"async\" fetchpriority=\"high\" class='wp-image-5117 avia-img-lazy-loading-not-5117 avia_image ' src=\"https:\/\/www.proveca.com\/wp-content\/uploads\/2020\/03\/child_teddy_bear3.jpg\" alt='child_teddy_bear' title='child_teddy_bear3'  height=\"463\" width=\"498\" srcset=\"https:\/\/www.proveca.com\/wp-content\/uploads\/2020\/03\/child_teddy_bear3.jpg 498w, https:\/\/www.proveca.com\/wp-content\/uploads\/2020\/03\/child_teddy_bear3-300x279.jpg 300w\" sizes=\"(max-width: 498px) 100vw, 498px\" \/><\/div><\/div><\/div><\/p><\/div><\/div><\/div><\/div><!-- close content main div --><\/div><\/div>\n<style type=\"text\/css\" data-created_by=\"avia_inline_auto\" id=\"style-css-av-7vg2om-baa2067e1d9622bfe7a5a34ccb03421e\">\n.avia-section.av-7vg2om-baa2067e1d9622bfe7a5a34ccb03421e{\nbackground-color:#009fe3;\nbackground-image:unset;\n}\n<\/style>\n<div id='av_section_3'  class='avia-section av-7vg2om-baa2067e1d9622bfe7a5a34ccb03421e main_color avia-section-default avia-no-shadow  avia-builder-el-14  el_after_av_section  avia-builder-el-last  avia-bg-style-scroll container_wrap fullsize'  ><div class='container av-section-cont-open' ><div class='template-page content  av-content-full alpha units'><div class='post-entry post-entry-type-page post-entry-3724'><div class='entry-content-wrapper clearfix'>\n\n<style type=\"text\/css\" data-created_by=\"avia_inline_auto\" id=\"style-css-av-k98ioedo-c27e6fd8a52fad8fcf2af97e1cf10bcc\">\n#top .av-special-heading.av-k98ioedo-c27e6fd8a52fad8fcf2af97e1cf10bcc{\npadding-bottom:10px;\ncolor:#ecf2f6;\nfont-size:35px;\n}\nbody .av-special-heading.av-k98ioedo-c27e6fd8a52fad8fcf2af97e1cf10bcc .av-special-heading-tag .heading-char{\nfont-size:25px;\n}\n#top #wrap_all .av-special-heading.av-k98ioedo-c27e6fd8a52fad8fcf2af97e1cf10bcc .av-special-heading-tag{\nfont-size:35px;\n}\n.av-special-heading.av-k98ioedo-c27e6fd8a52fad8fcf2af97e1cf10bcc .special-heading-inner-border{\nborder-color:#ecf2f6;\n}\n.av-special-heading.av-k98ioedo-c27e6fd8a52fad8fcf2af97e1cf10bcc .av-subheading{\nfont-size:15px;\n}\n\n@media only screen and (min-width: 480px) and (max-width: 767px){ \n#top #wrap_all .av-special-heading.av-k98ioedo-c27e6fd8a52fad8fcf2af97e1cf10bcc .av-special-heading-tag{\nfont-size:0.8em;\n}\n}\n\n@media only screen and (max-width: 479px){ \n#top #wrap_all .av-special-heading.av-k98ioedo-c27e6fd8a52fad8fcf2af97e1cf10bcc .av-special-heading-tag{\nfont-size:0.8em;\n}\n}\n<\/style>\n<div  class='av-special-heading av-k98ioedo-c27e6fd8a52fad8fcf2af97e1cf10bcc av-special-heading-h2 custom-color-heading blockquote modern-quote modern-centered  avia-builder-el-15  avia-builder-el-no-sibling  av-inherit-size'><h2 class='av-special-heading-tag '  >Wir k\u00fcmmern uns um die Medikamente f\u00fcr Ihr Kind<\/h2><div class=\"special-heading-border\"><div class=\"special-heading-inner-border\"><\/div><\/div><\/div>\n<\/p>\n","protected":false},"excerpt":{"rendered":"","protected":false},"author":1,"featured_media":0,"parent":0,"menu_order":0,"comment_status":"open","ping_status":"closed","template":"","meta":{"footnotes":""},"class_list":["post-3724","page","type-page","status-publish","hentry"],"yoast_head":"<!-- This site is optimized with the Yoast SEO plugin v27.3 - https:\/\/yoast.com\/product\/yoast-seo-wordpress\/ -->\n<title>Therapiebereiche - Proveca<\/title>\n<meta name=\"robots\" content=\"index, follow, max-snippet:-1, max-image-preview:large, max-video-preview:-1\" \/>\n<link rel=\"canonical\" href=\"https:\/\/www.proveca.com\/de\/therapiebereiche\/\" \/>\n<meta property=\"og:type\" content=\"article\" \/>\n<meta property=\"og:title\" content=\"Therapiebereiche - Proveca\" \/>\n<meta property=\"og:url\" content=\"https:\/\/www.proveca.com\/de\/therapiebereiche\/\" \/>\n<meta property=\"og:site_name\" content=\"Proveca\" \/>\n<meta property=\"article:modified_time\" content=\"2023-11-17T21:58:21+00:00\" \/>\n<meta property=\"og:image\" content=\"https:\/\/www.proveca.com\/wp-content\/uploads\/2023\/02\/germany-flag-80x80.webp\" \/>\n<meta name=\"twitter:card\" content=\"summary_large_image\" \/>\n<meta name=\"twitter:label1\" content=\"Gesch\u00e4tzte Lesezeit\" \/>\n\t<meta name=\"twitter:data1\" content=\"5\u00a0Minuten\" \/>\n<script type=\"application\/ld+json\" class=\"yoast-schema-graph\">{\"@context\":\"https:\\\/\\\/schema.org\",\"@graph\":[{\"@type\":\"WebPage\",\"@id\":\"https:\\\/\\\/www.proveca.com\\\/de\\\/therapiebereiche\\\/\",\"url\":\"https:\\\/\\\/www.proveca.com\\\/de\\\/therapiebereiche\\\/\",\"name\":\"Therapiebereiche - Proveca\",\"isPartOf\":{\"@id\":\"https:\\\/\\\/www.proveca.com\\\/de\\\/#website\"},\"primaryImageOfPage\":{\"@id\":\"https:\\\/\\\/www.proveca.com\\\/de\\\/therapiebereiche\\\/#primaryimage\"},\"image\":{\"@id\":\"https:\\\/\\\/www.proveca.com\\\/de\\\/therapiebereiche\\\/#primaryimage\"},\"thumbnailUrl\":\"https:\\\/\\\/www.proveca.com\\\/wp-content\\\/uploads\\\/2023\\\/02\\\/germany-flag-80x80.webp\",\"datePublished\":\"2013-04-07T16:28:54+00:00\",\"dateModified\":\"2023-11-17T21:58:21+00:00\",\"breadcrumb\":{\"@id\":\"https:\\\/\\\/www.proveca.com\\\/de\\\/therapiebereiche\\\/#breadcrumb\"},\"inLanguage\":\"de\",\"potentialAction\":[{\"@type\":\"ReadAction\",\"target\":[\"https:\\\/\\\/www.proveca.com\\\/de\\\/therapiebereiche\\\/\"]}]},{\"@type\":\"ImageObject\",\"inLanguage\":\"de\",\"@id\":\"https:\\\/\\\/www.proveca.com\\\/de\\\/therapiebereiche\\\/#primaryimage\",\"url\":\"https:\\\/\\\/www.proveca.com\\\/wp-content\\\/uploads\\\/2023\\\/02\\\/germany-flag-80x80.webp\",\"contentUrl\":\"https:\\\/\\\/www.proveca.com\\\/wp-content\\\/uploads\\\/2023\\\/02\\\/germany-flag-80x80.webp\"},{\"@type\":\"BreadcrumbList\",\"@id\":\"https:\\\/\\\/www.proveca.com\\\/de\\\/therapiebereiche\\\/#breadcrumb\",\"itemListElement\":[{\"@type\":\"ListItem\",\"position\":1,\"name\":\"Home\",\"item\":\"https:\\\/\\\/www.proveca.com\\\/de\\\/homepage\\\/\"},{\"@type\":\"ListItem\",\"position\":2,\"name\":\"Therapiebereiche\"}]},{\"@type\":\"WebSite\",\"@id\":\"https:\\\/\\\/www.proveca.com\\\/de\\\/#website\",\"url\":\"https:\\\/\\\/www.proveca.com\\\/de\\\/\",\"name\":\"Proveca\",\"description\":\"Medicines for children\",\"potentialAction\":[{\"@type\":\"SearchAction\",\"target\":{\"@type\":\"EntryPoint\",\"urlTemplate\":\"https:\\\/\\\/www.proveca.com\\\/de\\\/?s={search_term_string}\"},\"query-input\":{\"@type\":\"PropertyValueSpecification\",\"valueRequired\":true,\"valueName\":\"search_term_string\"}}],\"inLanguage\":\"de\"}]}<\/script>\n<!-- \/ Yoast SEO plugin. -->","yoast_head_json":{"title":"Therapiebereiche - Proveca","robots":{"index":"index","follow":"follow","max-snippet":"max-snippet:-1","max-image-preview":"max-image-preview:large","max-video-preview":"max-video-preview:-1"},"canonical":"https:\/\/www.proveca.com\/de\/therapiebereiche\/","og_type":"article","og_title":"Therapiebereiche - Proveca","og_url":"https:\/\/www.proveca.com\/de\/therapiebereiche\/","og_site_name":"Proveca","article_modified_time":"2023-11-17T21:58:21+00:00","og_image":[{"url":"https:\/\/www.proveca.com\/wp-content\/uploads\/2023\/02\/germany-flag-80x80.webp","type":"","width":"","height":""}],"twitter_card":"summary_large_image","twitter_misc":{"Gesch\u00e4tzte Lesezeit":"5\u00a0Minuten"},"schema":{"@context":"https:\/\/schema.org","@graph":[{"@type":"WebPage","@id":"https:\/\/www.proveca.com\/de\/therapiebereiche\/","url":"https:\/\/www.proveca.com\/de\/therapiebereiche\/","name":"Therapiebereiche - Proveca","isPartOf":{"@id":"https:\/\/www.proveca.com\/de\/#website"},"primaryImageOfPage":{"@id":"https:\/\/www.proveca.com\/de\/therapiebereiche\/#primaryimage"},"image":{"@id":"https:\/\/www.proveca.com\/de\/therapiebereiche\/#primaryimage"},"thumbnailUrl":"https:\/\/www.proveca.com\/wp-content\/uploads\/2023\/02\/germany-flag-80x80.webp","datePublished":"2013-04-07T16:28:54+00:00","dateModified":"2023-11-17T21:58:21+00:00","breadcrumb":{"@id":"https:\/\/www.proveca.com\/de\/therapiebereiche\/#breadcrumb"},"inLanguage":"de","potentialAction":[{"@type":"ReadAction","target":["https:\/\/www.proveca.com\/de\/therapiebereiche\/"]}]},{"@type":"ImageObject","inLanguage":"de","@id":"https:\/\/www.proveca.com\/de\/therapiebereiche\/#primaryimage","url":"https:\/\/www.proveca.com\/wp-content\/uploads\/2023\/02\/germany-flag-80x80.webp","contentUrl":"https:\/\/www.proveca.com\/wp-content\/uploads\/2023\/02\/germany-flag-80x80.webp"},{"@type":"BreadcrumbList","@id":"https:\/\/www.proveca.com\/de\/therapiebereiche\/#breadcrumb","itemListElement":[{"@type":"ListItem","position":1,"name":"Home","item":"https:\/\/www.proveca.com\/de\/homepage\/"},{"@type":"ListItem","position":2,"name":"Therapiebereiche"}]},{"@type":"WebSite","@id":"https:\/\/www.proveca.com\/de\/#website","url":"https:\/\/www.proveca.com\/de\/","name":"Proveca","description":"Medicines for children","potentialAction":[{"@type":"SearchAction","target":{"@type":"EntryPoint","urlTemplate":"https:\/\/www.proveca.com\/de\/?s={search_term_string}"},"query-input":{"@type":"PropertyValueSpecification","valueRequired":true,"valueName":"search_term_string"}}],"inLanguage":"de"}]}},"_links":{"self":[{"href":"https:\/\/www.proveca.com\/de\/wp-json\/wp\/v2\/pages\/3724","targetHints":{"allow":["GET"]}}],"collection":[{"href":"https:\/\/www.proveca.com\/de\/wp-json\/wp\/v2\/pages"}],"about":[{"href":"https:\/\/www.proveca.com\/de\/wp-json\/wp\/v2\/types\/page"}],"author":[{"embeddable":true,"href":"https:\/\/www.proveca.com\/de\/wp-json\/wp\/v2\/users\/1"}],"replies":[{"embeddable":true,"href":"https:\/\/www.proveca.com\/de\/wp-json\/wp\/v2\/comments?post=3724"}],"version-history":[{"count":4,"href":"https:\/\/www.proveca.com\/de\/wp-json\/wp\/v2\/pages\/3724\/revisions"}],"predecessor-version":[{"id":16295,"href":"https:\/\/www.proveca.com\/de\/wp-json\/wp\/v2\/pages\/3724\/revisions\/16295"}],"wp:attachment":[{"href":"https:\/\/www.proveca.com\/de\/wp-json\/wp\/v2\/media?parent=3724"}],"curies":[{"name":"wp","href":"https:\/\/api.w.org\/{rel}","templated":true}]}}