{"id":3746,"date":"2020-02-19T14:41:50","date_gmt":"2020-02-19T14:41:50","guid":{"rendered":"https:\/\/provecaweb.geneticdigital.co.uk\/therapy-areas\/cerebral-palsy\/"},"modified":"2023-11-17T22:02:36","modified_gmt":"2023-11-17T22:02:36","slug":"zerebralparese","status":"publish","type":"page","link":"https:\/\/www.proveca.com\/de\/therapiebereiche\/zerebralparese\/","title":{"rendered":"Zerebralparese"},"content":{"rendered":"\n<style type=\"text\/css\" data-created_by=\"avia_inline_auto\" id=\"style-css-av-k7qc8ed7-b743180ceadd614371363b508d3aa343\">\n.avia-section.av-k7qc8ed7-b743180ceadd614371363b508d3aa343{\nbackground-color:#ecf2f6;\nbackground-image:url(https:\/\/www.proveca.com\/wp-content\/uploads\/2020\/03\/cerebral-therapy-1.jpg);\nbackground-repeat:no-repeat;\nbackground-position:50% 50%;\nbackground-attachment:scroll;\n}\n<\/style>\n<div id='av_section_1'  class='avia-section av-k7qc8ed7-b743180ceadd614371363b508d3aa343 main_color avia-section-default avia-no-border-styling  avia-builder-el-0  el_before_av_section  avia-builder-el-first  avia-full-stretch avia-bg-style-scroll av-minimum-height av-minimum-height-custom av-height-custom  container_wrap fullsize'  data-section-bg-repeat='stretch' data-av_minimum_height_px='150'><div class='container av-section-cont-open' style='height:150px'><main  class='template-page content  av-content-full alpha units'><div class='post-entry post-entry-type-page post-entry-3746'><div class='entry-content-wrapper clearfix'>\n\n<style type=\"text\/css\" data-created_by=\"avia_inline_auto\" id=\"style-css-av-k7up14rm-309c1687c14d2441696c0c2ebc6945a5\">\n.flex_column.av-k7up14rm-309c1687c14d2441696c0c2ebc6945a5{\nborder-radius:0px 0px 0px 0px;\npadding:0px 0px 0px 0px;\n}\n<\/style>\n<div  class='flex_column av-k7up14rm-309c1687c14d2441696c0c2ebc6945a5 av_one_full  avia-builder-el-1  avia-builder-el-no-sibling  first flex_column_div av-animated-generic left-to-right av-zero-column-padding  '     ><style type=\"text\/css\" data-created_by=\"avia_inline_auto\" id=\"style-css-av-k96z0mtu-7ff245eb327a2f502c17349a28d0c696\">\n#top .av-special-heading.av-k96z0mtu-7ff245eb327a2f502c17349a28d0c696{\npadding-bottom:10px;\ncolor:#ffffff;\n}\nbody .av-special-heading.av-k96z0mtu-7ff245eb327a2f502c17349a28d0c696 .av-special-heading-tag .heading-char{\nfont-size:25px;\n}\n.av-special-heading.av-k96z0mtu-7ff245eb327a2f502c17349a28d0c696 .special-heading-inner-border{\nborder-color:#ffffff;\n}\n.av-special-heading.av-k96z0mtu-7ff245eb327a2f502c17349a28d0c696 .av-subheading{\nfont-size:15px;\n}\n<\/style>\n<div  class='av-special-heading av-k96z0mtu-7ff245eb327a2f502c17349a28d0c696 av-special-heading-h1 custom-color-heading blockquote modern-quote  avia-builder-el-2  avia-builder-el-no-sibling '><h1 class='av-special-heading-tag '  >Zerebralparese<\/h1><div class=\"special-heading-border\"><div class=\"special-heading-inner-border\"><\/div><\/div><\/div><\/div>\n\n<\/div><\/div><\/main><!-- close content main element --><\/div><\/div><div id='av_section_2'  class='avia-section av-ars4fe-9f645b8db83a3113b0e134cefae2f143 main_color avia-section-default avia-no-border-styling  avia-builder-el-3  el_after_av_section  avia-builder-el-last  avia-bg-style-scroll container_wrap fullsize'  ><div class='container av-section-cont-open' ><div class='template-page content  av-content-full alpha units'><div class='post-entry post-entry-type-page post-entry-3746'><div class='entry-content-wrapper clearfix'>\n<div class='av-column-wrapper-individual av-mobile-columns-flex av-columns-reverse'><div  class='flex_column av-lp3614jp-c69701b47bef77e298080f0a6d9784b2 av_three_fifth  avia-builder-el-4  el_before_av_two_fifth  avia-builder-el-first  first flex_column_div  '     ><style type=\"text\/css\" data-created_by=\"avia_inline_auto\" id=\"style-css-av-1wpxj6-ae9e6c97e693d7f9c983b8fe1f78eec3\">\n#top .av-special-heading.av-1wpxj6-ae9e6c97e693d7f9c983b8fe1f78eec3{\npadding-bottom:10px;\n}\nbody .av-special-heading.av-1wpxj6-ae9e6c97e693d7f9c983b8fe1f78eec3 .av-special-heading-tag .heading-char{\nfont-size:25px;\n}\n#top #wrap_all .av-special-heading.av-1wpxj6-ae9e6c97e693d7f9c983b8fe1f78eec3 .av-special-heading-tag{\nfont-size:38px;\n}\n.av-special-heading.av-1wpxj6-ae9e6c97e693d7f9c983b8fe1f78eec3 .av-subheading{\nfont-size:15px;\n}\n<\/style>\n<div  class='av-special-heading av-1wpxj6-ae9e6c97e693d7f9c983b8fe1f78eec3 av-special-heading-h2  avia-builder-el-5  avia-builder-el-no-sibling '><h2 class='av-special-heading-tag '  >Zerebralparese<\/h2><div class=\"special-heading-border\"><div class=\"special-heading-inner-border\"><\/div><\/div><\/div><\/div><div  class='flex_column av-4ov1he-87530f5682ec0ecb21f03a9626f9a26b av_two_fifth  avia-builder-el-6  el_after_av_three_fifth  el_before_av_two_third  flex_column_div  '     ><section  class='av_textblock_section av-20jj8i-5d59a28fb1af3453cc8e27f4ae61c71b '  ><div class='avia_textblock atde_flag' ><p><img loading=\"lazy\" decoding=\"async\" class=\"size-thumbnail wp-image-9925 alignright\" src=\"https:\/\/www.proveca.com\/wp-content\/uploads\/2023\/02\/germany-flag-80x80.webp\" alt=\"\" width=\"40\" height=\"40\" srcset=\"https:\/\/www.proveca.com\/wp-content\/uploads\/2023\/02\/germany-flag-80x80.webp 80w, https:\/\/www.proveca.com\/wp-content\/uploads\/2023\/02\/germany-flag-36x36.webp 36w, https:\/\/www.proveca.com\/wp-content\/uploads\/2023\/02\/germany-flag-180x180.webp 180w\" sizes=\"auto, (max-width: 40px) 100vw, 40px\" \/><img loading=\"lazy\" decoding=\"async\" class=\"size-thumbnail wp-image-7046 alignright\" src=\"https:\/\/www.proveca.com\/wp-content\/uploads\/2020\/12\/Flag_of_Austria_640-80x80.png\" alt=\"\" width=\"40\" height=\"40\" srcset=\"https:\/\/www.proveca.com\/wp-content\/uploads\/2020\/12\/Flag_of_Austria_640-80x80.png 80w, https:\/\/www.proveca.com\/wp-content\/uploads\/2020\/12\/Flag_of_Austria_640-36x36.png 36w, https:\/\/www.proveca.com\/wp-content\/uploads\/2020\/12\/Flag_of_Austria_640-180x180.png 180w\" sizes=\"auto, (max-width: 40px) 100vw, 40px\" \/><\/p>\n<\/div><\/section><\/div><\/div><!--close flex column wrapper. Autoclose: 1 -->\n<style type=\"text\/css\" data-created_by=\"avia_inline_auto\" id=\"style-css-av-90tqx6-ec3b6a20504740f4751ede311f305d67\">\n.flex_column.av-90tqx6-ec3b6a20504740f4751ede311f305d67{\nborder-radius:0px 0px 0px 0px;\npadding:0px 0px 0px 0px;\n}\n<\/style>\n<div  class='flex_column av-90tqx6-ec3b6a20504740f4751ede311f305d67 av_two_third  avia-builder-el-8  el_after_av_two_fifth  el_before_av_one_third  first flex_column_div av-zero-column-padding  '     ><section  class='av_textblock_section av-k6t9u9qf-8aa8302f23db86c480899c894fe2b675 '  ><div class='avia_textblock' ><p>Der Begriff Zerebralparese umfasst eine Gruppe von dauerhaften Bewegungs- und Haltungsst\u00f6rungen, die durch St\u00f6rungen in der Entwicklung des Gehirns eines F\u00f6tus oder S\u00e4uglings verursacht werden. <sup>1<\/sup><\/p>\n<p>Zerebralparese stellt die h\u00e4ufigste k\u00f6rperliche Behinderung in der Kindheit dar und tritt bei etwa 1 von 500 Lebendgeburten auf.<sup> 2<\/sup><\/p>\n<p>Die Diagnose erfolgt oft im Alter von 1 bis 2 Jahren und basiert auf klinischen Symptomen wie Spastik (Muskelsteifigkeit, die Steifigkeit und Bewegungseinschr\u00e4nkung verursacht), Dyskinesie (Schwierigkeiten bei der Durchf\u00fchrung freiwilliger Bewegungen) und Ataxie (Unf\u00e4higkeit, Muskelaktivit\u00e4t zu koordinieren). <sup>2<\/sup><\/p>\n<p>Obwohl Menschen mit zerebraler L\u00e4hmung in unterschiedlichem Ausma\u00df betroffen sind, erleben viele eine Einschr\u00e4nkung ihrer Aktivit\u00e4t und andere Beeintr\u00e4chtigungen :<sup>2<\/sup><\/p>\n<ul>\n<li>Chronische Schmerzen (betrifft 3 von 4 Kindern mit Zerebralparese)<\/li>\n<li>Geistige Behinderung (betrifft 1 von 2 Kindern mit Zerebralparese)<\/li>\n<li>Fehlstellung der H\u00fcfte (betrifft 1 von 3 Kindern mit Zerebralparese)<\/li>\n<li>Verhaltensprobleme (betrifft 1 von 4 Kindern mit Zerebralparese)<\/li>\n<li>Epilepsie (betrifft 1 von 4 Kindern mit Zerebralparese)<\/li>\n<li>Probleme bei der Blasenkontrolle (betrifft 1 von 4 Kindern mit Zerebralparese)<\/li>\n<li>Chronischer \u00fcberm\u00e4\u00dfiger Speichelfluss (betrifft 1 von 5 Kindern mit Zerebralparese)<\/li>\n<li>Schlafst\u00f6rungen (betrifft 1 von 5 Kindern mit Zerebralparese<\/li>\n<li>Blindheit (betrifft 1 von 10 Kindern mit Zerebralparese<\/li>\n<li>Ern\u00e4hrungsschwierigkeiten (1 von 15 Kindern mit Zerebralparese ben\u00f6tigt Sondenern\u00e4hrung)<\/li>\n<li>Taubheit (betrifft 1 von 25 Kindern mit Zerebralparese)<\/li>\n<\/ul>\n<p>Behandlungsstrategien sollten sehr fr\u00fchzeitig entwickelt werden, um Bewegungs-, Wahrnehmungs- und Kommunikationsf\u00e4higkeiten zu optimieren, zus\u00e4tzliche Beeintr\u00e4chtigungen zu vermeiden und Komplikationen zu minimieren. <sup>2<\/sup><\/p>\n<p>Proveca m\u00f6chte mit der Entwicklung einer symptomatischen Behandlung f\u00fcr chronischen \u00fcberm\u00e4\u00dfigen Speichelfluss das Leben von Kindern mit Zerebralparase verbessern.<\/p>\n<ol>\n<li>Rosenbaum P, et al. Dev Med Child Neurol Suppl. 2007; 109:8-14.<\/li>\n<li>Novak I, et al. JAMA Pediatr. 2017;171:897-907.<\/li>\n<\/ol>\n<\/div><\/section><\/div>\n<style type=\"text\/css\" data-created_by=\"avia_inline_auto\" id=\"style-css-av-217j8q-4d8eb4fdd5f42efe04a7bb149bbb7504\">\n.flex_column.av-217j8q-4d8eb4fdd5f42efe04a7bb149bbb7504{\nborder-radius:0px 0px 0px 0px;\npadding:0px 0px 0px 0px;\n}\n<\/style>\n<div  class='flex_column av-217j8q-4d8eb4fdd5f42efe04a7bb149bbb7504 av_one_third  avia-builder-el-10  el_after_av_two_third  avia-builder-el-last  flex_column_div av-zero-column-padding  '     ><\/div>\n","protected":false},"excerpt":{"rendered":"","protected":false},"author":1,"featured_media":0,"parent":3724,"menu_order":1,"comment_status":"closed","ping_status":"closed","template":"","meta":{"footnotes":""},"class_list":["post-3746","page","type-page","status-publish","hentry"],"yoast_head":"<!-- This site is optimized with the Yoast SEO plugin v27.4 - https:\/\/yoast.com\/product\/yoast-seo-wordpress\/ -->\n<title>Zerebralparese - Proveca<\/title>\n<meta name=\"robots\" content=\"index, follow, max-snippet:-1, max-image-preview:large, max-video-preview:-1\" \/>\n<link rel=\"canonical\" href=\"https:\/\/www.proveca.com\/de\/therapiebereiche\/zerebralparese\/\" \/>\n<meta property=\"og:type\" content=\"article\" \/>\n<meta property=\"og:title\" content=\"Zerebralparese - Proveca\" \/>\n<meta property=\"og:url\" content=\"https:\/\/www.proveca.com\/de\/therapiebereiche\/zerebralparese\/\" \/>\n<meta property=\"og:site_name\" content=\"Proveca\" \/>\n<meta property=\"article:modified_time\" content=\"2023-11-17T22:02:36+00:00\" \/>\n<meta property=\"og:image\" content=\"https:\/\/www.proveca.com\/wp-content\/uploads\/2023\/02\/germany-flag-80x80.webp\" \/>\n<meta name=\"twitter:card\" content=\"summary_large_image\" \/>\n<meta name=\"twitter:label1\" content=\"Gesch\u00e4tzte Lesezeit\" \/>\n\t<meta name=\"twitter:data1\" content=\"4\u00a0Minuten\" \/>\n<script type=\"application\/ld+json\" class=\"yoast-schema-graph\">{\"@context\":\"https:\\\/\\\/schema.org\",\"@graph\":[{\"@type\":\"WebPage\",\"@id\":\"https:\\\/\\\/www.proveca.com\\\/de\\\/therapiebereiche\\\/zerebralparese\\\/\",\"url\":\"https:\\\/\\\/www.proveca.com\\\/de\\\/therapiebereiche\\\/zerebralparese\\\/\",\"name\":\"Zerebralparese - Proveca\",\"isPartOf\":{\"@id\":\"https:\\\/\\\/www.proveca.com\\\/de\\\/#website\"},\"primaryImageOfPage\":{\"@id\":\"https:\\\/\\\/www.proveca.com\\\/de\\\/therapiebereiche\\\/zerebralparese\\\/#primaryimage\"},\"image\":{\"@id\":\"https:\\\/\\\/www.proveca.com\\\/de\\\/therapiebereiche\\\/zerebralparese\\\/#primaryimage\"},\"thumbnailUrl\":\"https:\\\/\\\/www.proveca.com\\\/wp-content\\\/uploads\\\/2023\\\/02\\\/germany-flag-80x80.webp\",\"datePublished\":\"2020-02-19T14:41:50+00:00\",\"dateModified\":\"2023-11-17T22:02:36+00:00\",\"breadcrumb\":{\"@id\":\"https:\\\/\\\/www.proveca.com\\\/de\\\/therapiebereiche\\\/zerebralparese\\\/#breadcrumb\"},\"inLanguage\":\"de\",\"potentialAction\":[{\"@type\":\"ReadAction\",\"target\":[\"https:\\\/\\\/www.proveca.com\\\/de\\\/therapiebereiche\\\/zerebralparese\\\/\"]}]},{\"@type\":\"ImageObject\",\"inLanguage\":\"de\",\"@id\":\"https:\\\/\\\/www.proveca.com\\\/de\\\/therapiebereiche\\\/zerebralparese\\\/#primaryimage\",\"url\":\"https:\\\/\\\/www.proveca.com\\\/wp-content\\\/uploads\\\/2023\\\/02\\\/germany-flag-80x80.webp\",\"contentUrl\":\"https:\\\/\\\/www.proveca.com\\\/wp-content\\\/uploads\\\/2023\\\/02\\\/germany-flag-80x80.webp\"},{\"@type\":\"BreadcrumbList\",\"@id\":\"https:\\\/\\\/www.proveca.com\\\/de\\\/therapiebereiche\\\/zerebralparese\\\/#breadcrumb\",\"itemListElement\":[{\"@type\":\"ListItem\",\"position\":1,\"name\":\"Home\",\"item\":\"https:\\\/\\\/www.proveca.com\\\/de\\\/homepage\\\/\"},{\"@type\":\"ListItem\",\"position\":2,\"name\":\"Therapiebereiche\",\"item\":\"https:\\\/\\\/www.proveca.com\\\/de\\\/therapiebereiche\\\/\"},{\"@type\":\"ListItem\",\"position\":3,\"name\":\"Zerebralparese\"}]},{\"@type\":\"WebSite\",\"@id\":\"https:\\\/\\\/www.proveca.com\\\/de\\\/#website\",\"url\":\"https:\\\/\\\/www.proveca.com\\\/de\\\/\",\"name\":\"Proveca\",\"description\":\"Medicines for children\",\"potentialAction\":[{\"@type\":\"SearchAction\",\"target\":{\"@type\":\"EntryPoint\",\"urlTemplate\":\"https:\\\/\\\/www.proveca.com\\\/de\\\/?s={search_term_string}\"},\"query-input\":{\"@type\":\"PropertyValueSpecification\",\"valueRequired\":true,\"valueName\":\"search_term_string\"}}],\"inLanguage\":\"de\"}]}<\/script>\n<!-- \/ Yoast SEO plugin. -->","yoast_head_json":{"title":"Zerebralparese - Proveca","robots":{"index":"index","follow":"follow","max-snippet":"max-snippet:-1","max-image-preview":"max-image-preview:large","max-video-preview":"max-video-preview:-1"},"canonical":"https:\/\/www.proveca.com\/de\/therapiebereiche\/zerebralparese\/","og_type":"article","og_title":"Zerebralparese - Proveca","og_url":"https:\/\/www.proveca.com\/de\/therapiebereiche\/zerebralparese\/","og_site_name":"Proveca","article_modified_time":"2023-11-17T22:02:36+00:00","og_image":[{"url":"https:\/\/www.proveca.com\/wp-content\/uploads\/2023\/02\/germany-flag-80x80.webp","type":"","width":"","height":""}],"twitter_card":"summary_large_image","twitter_misc":{"Gesch\u00e4tzte Lesezeit":"4\u00a0Minuten"},"schema":{"@context":"https:\/\/schema.org","@graph":[{"@type":"WebPage","@id":"https:\/\/www.proveca.com\/de\/therapiebereiche\/zerebralparese\/","url":"https:\/\/www.proveca.com\/de\/therapiebereiche\/zerebralparese\/","name":"Zerebralparese - Proveca","isPartOf":{"@id":"https:\/\/www.proveca.com\/de\/#website"},"primaryImageOfPage":{"@id":"https:\/\/www.proveca.com\/de\/therapiebereiche\/zerebralparese\/#primaryimage"},"image":{"@id":"https:\/\/www.proveca.com\/de\/therapiebereiche\/zerebralparese\/#primaryimage"},"thumbnailUrl":"https:\/\/www.proveca.com\/wp-content\/uploads\/2023\/02\/germany-flag-80x80.webp","datePublished":"2020-02-19T14:41:50+00:00","dateModified":"2023-11-17T22:02:36+00:00","breadcrumb":{"@id":"https:\/\/www.proveca.com\/de\/therapiebereiche\/zerebralparese\/#breadcrumb"},"inLanguage":"de","potentialAction":[{"@type":"ReadAction","target":["https:\/\/www.proveca.com\/de\/therapiebereiche\/zerebralparese\/"]}]},{"@type":"ImageObject","inLanguage":"de","@id":"https:\/\/www.proveca.com\/de\/therapiebereiche\/zerebralparese\/#primaryimage","url":"https:\/\/www.proveca.com\/wp-content\/uploads\/2023\/02\/germany-flag-80x80.webp","contentUrl":"https:\/\/www.proveca.com\/wp-content\/uploads\/2023\/02\/germany-flag-80x80.webp"},{"@type":"BreadcrumbList","@id":"https:\/\/www.proveca.com\/de\/therapiebereiche\/zerebralparese\/#breadcrumb","itemListElement":[{"@type":"ListItem","position":1,"name":"Home","item":"https:\/\/www.proveca.com\/de\/homepage\/"},{"@type":"ListItem","position":2,"name":"Therapiebereiche","item":"https:\/\/www.proveca.com\/de\/therapiebereiche\/"},{"@type":"ListItem","position":3,"name":"Zerebralparese"}]},{"@type":"WebSite","@id":"https:\/\/www.proveca.com\/de\/#website","url":"https:\/\/www.proveca.com\/de\/","name":"Proveca","description":"Medicines for children","potentialAction":[{"@type":"SearchAction","target":{"@type":"EntryPoint","urlTemplate":"https:\/\/www.proveca.com\/de\/?s={search_term_string}"},"query-input":{"@type":"PropertyValueSpecification","valueRequired":true,"valueName":"search_term_string"}}],"inLanguage":"de"}]}},"_links":{"self":[{"href":"https:\/\/www.proveca.com\/de\/wp-json\/wp\/v2\/pages\/3746","targetHints":{"allow":["GET"]}}],"collection":[{"href":"https:\/\/www.proveca.com\/de\/wp-json\/wp\/v2\/pages"}],"about":[{"href":"https:\/\/www.proveca.com\/de\/wp-json\/wp\/v2\/types\/page"}],"author":[{"embeddable":true,"href":"https:\/\/www.proveca.com\/de\/wp-json\/wp\/v2\/users\/1"}],"replies":[{"embeddable":true,"href":"https:\/\/www.proveca.com\/de\/wp-json\/wp\/v2\/comments?post=3746"}],"version-history":[{"count":4,"href":"https:\/\/www.proveca.com\/de\/wp-json\/wp\/v2\/pages\/3746\/revisions"}],"predecessor-version":[{"id":16302,"href":"https:\/\/www.proveca.com\/de\/wp-json\/wp\/v2\/pages\/3746\/revisions\/16302"}],"up":[{"embeddable":true,"href":"https:\/\/www.proveca.com\/de\/wp-json\/wp\/v2\/pages\/3724"}],"wp:attachment":[{"href":"https:\/\/www.proveca.com\/de\/wp-json\/wp\/v2\/media?parent=3746"}],"curies":[{"name":"wp","href":"https:\/\/api.w.org\/{rel}","templated":true}]}}