{"id":3758,"date":"2020-02-19T15:58:59","date_gmt":"2020-02-19T15:58:59","guid":{"rendered":"https:\/\/provecaweb.geneticdigital.co.uk\/therapy-areas\/heart-failure\/"},"modified":"2023-11-17T22:01:34","modified_gmt":"2023-11-17T22:01:34","slug":"herzinsuffizienz","status":"publish","type":"page","link":"https:\/\/www.proveca.com\/de\/therapiebereiche\/herzinsuffizienz\/","title":{"rendered":"Herzinsuffizienz"},"content":{"rendered":"\n<style type=\"text\/css\" data-created_by=\"avia_inline_auto\" id=\"style-css-av-k7qc8ed7-55addc9f9a11476be134ed15c89ae1a3\">\n.avia-section.av-k7qc8ed7-55addc9f9a11476be134ed15c89ae1a3{\nbackground-color:#ecf2f6;\nbackground-image:url(https:\/\/www.proveca.com\/wp-content\/uploads\/2020\/03\/heart-failure-therapy-image-3.jpg);\nbackground-repeat:no-repeat;\nbackground-position:50% 50%;\nbackground-attachment:scroll;\n}\n<\/style>\n<div id='av_section_1'  class='avia-section av-k7qc8ed7-55addc9f9a11476be134ed15c89ae1a3 main_color avia-section-default avia-no-border-styling  avia-builder-el-0  el_before_av_section  avia-builder-el-first  avia-full-stretch avia-bg-style-scroll av-minimum-height av-minimum-height-custom av-height-custom  container_wrap fullsize'  data-section-bg-repeat='stretch' data-av_minimum_height_px='150'><div class='container av-section-cont-open' style='height:150px'><main  class='template-page content  av-content-full alpha units'><div class='post-entry post-entry-type-page post-entry-3758'><div class='entry-content-wrapper clearfix'>\n\n<style type=\"text\/css\" data-created_by=\"avia_inline_auto\" id=\"style-css-av-k7up14rm-309c1687c14d2441696c0c2ebc6945a5\">\n.flex_column.av-k7up14rm-309c1687c14d2441696c0c2ebc6945a5{\nborder-radius:0px 0px 0px 0px;\npadding:0px 0px 0px 0px;\n}\n<\/style>\n<div  class='flex_column av-k7up14rm-309c1687c14d2441696c0c2ebc6945a5 av_one_full  avia-builder-el-1  avia-builder-el-no-sibling  first flex_column_div av-animated-generic left-to-right av-zero-column-padding  '     ><style type=\"text\/css\" data-created_by=\"avia_inline_auto\" id=\"style-css-av-k96z6kup-899ec821495bde7fd8a37943e6d957f9\">\n#top .av-special-heading.av-k96z6kup-899ec821495bde7fd8a37943e6d957f9{\npadding-bottom:10px;\ncolor:#ffffff;\n}\nbody .av-special-heading.av-k96z6kup-899ec821495bde7fd8a37943e6d957f9 .av-special-heading-tag .heading-char{\nfont-size:25px;\n}\n.av-special-heading.av-k96z6kup-899ec821495bde7fd8a37943e6d957f9 .special-heading-inner-border{\nborder-color:#ffffff;\n}\n.av-special-heading.av-k96z6kup-899ec821495bde7fd8a37943e6d957f9 .av-subheading{\nfont-size:15px;\n}\n<\/style>\n<div  class='av-special-heading av-k96z6kup-899ec821495bde7fd8a37943e6d957f9 av-special-heading-h1 custom-color-heading blockquote modern-quote  avia-builder-el-2  avia-builder-el-no-sibling '><h1 class='av-special-heading-tag '  >Herzinsuffizienz<\/h1><div class=\"special-heading-border\"><div class=\"special-heading-inner-border\"><\/div><\/div><\/div><\/div>\n\n<\/div><\/div><\/main><!-- close content main element --><\/div><\/div><div id='av_section_2'  class='avia-section av-b01mat-e3a17e6847eb04c1bc0c4dda0412157d main_color avia-section-default avia-no-shadow  avia-builder-el-3  el_after_av_section  avia-builder-el-last  avia-bg-style-scroll container_wrap fullsize'  ><div class='container av-section-cont-open' ><div class='template-page content  av-content-full alpha units'><div class='post-entry post-entry-type-page post-entry-3758'><div class='entry-content-wrapper clearfix'>\n<div class='av-column-wrapper-individual av-mobile-columns-flex av-columns-reverse'><div  class='flex_column av-lp35zqhy-f61b93d426066e3d92f65d190fd9778a av_three_fifth  avia-builder-el-4  el_before_av_two_fifth  avia-builder-el-first  first flex_column_div  '     ><style type=\"text\/css\" data-created_by=\"avia_inline_auto\" id=\"style-css-av-2kcetq-413de536721b1b2c0c44edbf560a350b\">\n#top .av-special-heading.av-2kcetq-413de536721b1b2c0c44edbf560a350b{\npadding-bottom:10px;\n}\nbody .av-special-heading.av-2kcetq-413de536721b1b2c0c44edbf560a350b .av-special-heading-tag .heading-char{\nfont-size:25px;\n}\n#top #wrap_all .av-special-heading.av-2kcetq-413de536721b1b2c0c44edbf560a350b .av-special-heading-tag{\nfont-size:38px;\n}\n.av-special-heading.av-2kcetq-413de536721b1b2c0c44edbf560a350b .av-subheading{\nfont-size:15px;\n}\n<\/style>\n<div  class='av-special-heading av-2kcetq-413de536721b1b2c0c44edbf560a350b av-special-heading-h2  avia-builder-el-5  avia-builder-el-no-sibling '><h2 class='av-special-heading-tag '  >Herzinsuffizienz<\/h2><div class=\"special-heading-border\"><div class=\"special-heading-inner-border\"><\/div><\/div><\/div><\/div><div  class='flex_column av-4yl9im-82a680e7eb2c272dd699e1d8bfea8338 av_two_fifth  avia-builder-el-6  el_after_av_three_fifth  el_before_av_two_third  flex_column_div  '     ><section  class='av_textblock_section av-2o688u-2b915f36c7995db5156da7181580c4d1 '  ><div class='avia_textblock atde_flag' ><p><img loading=\"lazy\" decoding=\"async\" class=\"size-thumbnail wp-image-9925 alignright\" src=\"https:\/\/www.proveca.com\/wp-content\/uploads\/2023\/02\/germany-flag-80x80.webp\" alt=\"\" width=\"40\" height=\"40\" srcset=\"https:\/\/www.proveca.com\/wp-content\/uploads\/2023\/02\/germany-flag-80x80.webp 80w, https:\/\/www.proveca.com\/wp-content\/uploads\/2023\/02\/germany-flag-36x36.webp 36w, https:\/\/www.proveca.com\/wp-content\/uploads\/2023\/02\/germany-flag-180x180.webp 180w\" sizes=\"auto, (max-width: 40px) 100vw, 40px\" \/><img loading=\"lazy\" decoding=\"async\" class=\"size-thumbnail wp-image-7046 alignright\" src=\"https:\/\/www.proveca.com\/wp-content\/uploads\/2020\/12\/Flag_of_Austria_640-80x80.png\" alt=\"\" width=\"40\" height=\"40\" srcset=\"https:\/\/www.proveca.com\/wp-content\/uploads\/2020\/12\/Flag_of_Austria_640-80x80.png 80w, https:\/\/www.proveca.com\/wp-content\/uploads\/2020\/12\/Flag_of_Austria_640-36x36.png 36w, https:\/\/www.proveca.com\/wp-content\/uploads\/2020\/12\/Flag_of_Austria_640-180x180.png 180w\" sizes=\"auto, (max-width: 40px) 100vw, 40px\" \/><\/p>\n<\/div><\/section><\/div><\/div><!--close flex column wrapper. Autoclose: 1 -->\n<style type=\"text\/css\" data-created_by=\"avia_inline_auto\" id=\"style-css-av-988t45-1dc94d34de59fa31eb59a6074b248a90\">\n.flex_column.av-988t45-1dc94d34de59fa31eb59a6074b248a90{\nborder-radius:0px 0px 0px 0px;\npadding:0px 0px 0px 0px;\n}\n<\/style>\n<div  class='flex_column av-988t45-1dc94d34de59fa31eb59a6074b248a90 av_two_third  avia-builder-el-8  el_after_av_two_fifth  el_before_av_one_third  first flex_column_div av-zero-column-padding  '     ><section  class='av_textblock_section av-k6t9u9qf-8aa8302f23db86c480899c894fe2b675 '  ><div class='avia_textblock' ><p>Herzinsuffizienz tritt auf, wenn das Herz die Anforderungen des K\u00f6rpers nicht mehr erf\u00fcllen kann. Die Ursachen der Herzinsuffizienz bei Kindern unterscheiden sich erheblich von denen bei Erwachsenen und umfassen angeborene (von Geburt an) Herzerkrankungen, Kardiomyopathien (Herzmuskelerkrankungen), Arrhythmien (abnormer Herzrhythmus), Infektionen und An\u00e4mie. <sup>1,2<\/sup><\/p>\n<p>Daten zur Inzidenz von Herzinsuffizienz bei Kindern sind rar und variieren von Land zu Land, aber Sch\u00e4tzungen liegen zwischen 0,87 und 3 pro 100.000 Einwohner in Europa. <sup>1<\/sup><\/p>\n<p>Bei Kindern ist Herzinsuffizienz durch Schwierigkeiten beim F\u00fcttern und beim Wachstum sowie durch M\u00fcdigkeit, Atemlosigkeit, ungew\u00f6hnlich schnelles Atmen und Schwitzen gekennzeichnet. Bei einigen Patienten ist die Prognose schlecht und eine Herztransplantation ist erforderlich.<\/p>\n<p>Standardbehandlungen f\u00fcr Herzinsuffizienz bei Kindern umfassen Digoxin, Diuretika, Angiotensin-Converting-Enzym (ACE)-Hemmer und Betablocker. Allerdings wurden relativ wenige Studien durchgef\u00fchrt, um die Behandlung der Herzinsuffizienz bei Kindern zu testen. <sup>3<\/sup> Die meisten Arzneimittel zur Behandlung erwachsener Patienten mit Herzinsuffizienz haben keine p\u00e4diatrische Zulassung erhalten und rund 80 % der Kinder erhalten die Arzneimittel ohne explizite Zulassung bei Kindern (sogenannte Off-Label-Anwendung). <sup>3<\/sup> Die meisten Wirkstoffe, die bei der Behandlung der Herzinsuffizienz bei Kindern verwendet werden, sind nicht in kindgerechten Formulierungen erh\u00e4ltlich, was zu zus\u00e4tzlichen Schwierigkeiten bei der korrekten Dosierung f\u00fchrt. <sup>2<\/sup><\/p>\n<p>Proveca entwickelt zwei speziell f\u00fcr die Anwendung bei Kindern bestimmte Arzneimittel, um die Symptomatik bei Kindern mit Herzinsuffizienz zu verbessern.<\/p>\n<ol>\n<li>Shaddy RE, et al. Pediatr Cardiol. 2018; 39:415-436.<\/li>\n<li>Weltherz-Organisation. Herzversagen bei Kindern. Verf\u00fcgbar unter: https:\/\/www.who.int\/selection_medicines\/committees\/expert\/17\/application\/paediatric\/Paed_Cardiac_Failure_Review.pdf<\/li>\n<li>Recla S, et al. Transl Pediatr. 2019; 8:127-132.<\/li>\n<\/ol>\n<\/div><\/section><\/div>\n<style type=\"text\/css\" data-created_by=\"avia_inline_auto\" id=\"style-css-av-4xlw5x-ad0447de5ba145e9c7b355fb3b097901\">\n.flex_column.av-4xlw5x-ad0447de5ba145e9c7b355fb3b097901{\nborder-radius:0px 0px 0px 0px;\npadding:0px 0px 0px 0px;\n}\n<\/style>\n<div  class='flex_column av-4xlw5x-ad0447de5ba145e9c7b355fb3b097901 av_one_third  avia-builder-el-10  el_after_av_two_third  avia-builder-el-last  flex_column_div av-zero-column-padding  '     ><\/div>\n","protected":false},"excerpt":{"rendered":"","protected":false},"author":1,"featured_media":0,"parent":3724,"menu_order":3,"comment_status":"closed","ping_status":"closed","template":"","meta":{"footnotes":""},"class_list":["post-3758","page","type-page","status-publish","hentry"],"yoast_head":"<!-- This site is optimized with the Yoast SEO plugin v27.5 - https:\/\/yoast.com\/product\/yoast-seo-wordpress\/ -->\n<title>Herzinsuffizienz - Proveca<\/title>\n<meta name=\"robots\" content=\"index, follow, max-snippet:-1, max-image-preview:large, max-video-preview:-1\" \/>\n<link rel=\"canonical\" href=\"https:\/\/www.proveca.com\/de\/therapiebereiche\/herzinsuffizienz\/\" \/>\n<meta property=\"og:type\" content=\"article\" \/>\n<meta property=\"og:title\" content=\"Herzinsuffizienz - Proveca\" \/>\n<meta property=\"og:url\" content=\"https:\/\/www.proveca.com\/de\/therapiebereiche\/herzinsuffizienz\/\" \/>\n<meta property=\"og:site_name\" content=\"Proveca\" \/>\n<meta property=\"article:modified_time\" content=\"2023-11-17T22:01:34+00:00\" \/>\n<meta property=\"og:image\" content=\"https:\/\/www.proveca.com\/wp-content\/uploads\/2023\/02\/germany-flag-80x80.webp\" \/>\n<meta name=\"twitter:card\" content=\"summary_large_image\" \/>\n<meta name=\"twitter:label1\" content=\"Gesch\u00e4tzte Lesezeit\" \/>\n\t<meta name=\"twitter:data1\" content=\"4\u00a0Minuten\" \/>\n<script type=\"application\/ld+json\" class=\"yoast-schema-graph\">{\"@context\":\"https:\\\/\\\/schema.org\",\"@graph\":[{\"@type\":\"WebPage\",\"@id\":\"https:\\\/\\\/www.proveca.com\\\/de\\\/therapiebereiche\\\/herzinsuffizienz\\\/\",\"url\":\"https:\\\/\\\/www.proveca.com\\\/de\\\/therapiebereiche\\\/herzinsuffizienz\\\/\",\"name\":\"Herzinsuffizienz - Proveca\",\"isPartOf\":{\"@id\":\"https:\\\/\\\/www.proveca.com\\\/de\\\/#website\"},\"primaryImageOfPage\":{\"@id\":\"https:\\\/\\\/www.proveca.com\\\/de\\\/therapiebereiche\\\/herzinsuffizienz\\\/#primaryimage\"},\"image\":{\"@id\":\"https:\\\/\\\/www.proveca.com\\\/de\\\/therapiebereiche\\\/herzinsuffizienz\\\/#primaryimage\"},\"thumbnailUrl\":\"https:\\\/\\\/www.proveca.com\\\/wp-content\\\/uploads\\\/2023\\\/02\\\/germany-flag-80x80.webp\",\"datePublished\":\"2020-02-19T15:58:59+00:00\",\"dateModified\":\"2023-11-17T22:01:34+00:00\",\"breadcrumb\":{\"@id\":\"https:\\\/\\\/www.proveca.com\\\/de\\\/therapiebereiche\\\/herzinsuffizienz\\\/#breadcrumb\"},\"inLanguage\":\"de\",\"potentialAction\":[{\"@type\":\"ReadAction\",\"target\":[\"https:\\\/\\\/www.proveca.com\\\/de\\\/therapiebereiche\\\/herzinsuffizienz\\\/\"]}]},{\"@type\":\"ImageObject\",\"inLanguage\":\"de\",\"@id\":\"https:\\\/\\\/www.proveca.com\\\/de\\\/therapiebereiche\\\/herzinsuffizienz\\\/#primaryimage\",\"url\":\"https:\\\/\\\/www.proveca.com\\\/wp-content\\\/uploads\\\/2023\\\/02\\\/germany-flag-80x80.webp\",\"contentUrl\":\"https:\\\/\\\/www.proveca.com\\\/wp-content\\\/uploads\\\/2023\\\/02\\\/germany-flag-80x80.webp\"},{\"@type\":\"BreadcrumbList\",\"@id\":\"https:\\\/\\\/www.proveca.com\\\/de\\\/therapiebereiche\\\/herzinsuffizienz\\\/#breadcrumb\",\"itemListElement\":[{\"@type\":\"ListItem\",\"position\":1,\"name\":\"Home\",\"item\":\"https:\\\/\\\/www.proveca.com\\\/de\\\/homepage\\\/\"},{\"@type\":\"ListItem\",\"position\":2,\"name\":\"Therapiebereiche\",\"item\":\"https:\\\/\\\/www.proveca.com\\\/de\\\/therapiebereiche\\\/\"},{\"@type\":\"ListItem\",\"position\":3,\"name\":\"Herzinsuffizienz\"}]},{\"@type\":\"WebSite\",\"@id\":\"https:\\\/\\\/www.proveca.com\\\/de\\\/#website\",\"url\":\"https:\\\/\\\/www.proveca.com\\\/de\\\/\",\"name\":\"Proveca\",\"description\":\"Medicines for children\",\"potentialAction\":[{\"@type\":\"SearchAction\",\"target\":{\"@type\":\"EntryPoint\",\"urlTemplate\":\"https:\\\/\\\/www.proveca.com\\\/de\\\/?s={search_term_string}\"},\"query-input\":{\"@type\":\"PropertyValueSpecification\",\"valueRequired\":true,\"valueName\":\"search_term_string\"}}],\"inLanguage\":\"de\"}]}<\/script>\n<!-- \/ Yoast SEO plugin. -->","yoast_head_json":{"title":"Herzinsuffizienz - Proveca","robots":{"index":"index","follow":"follow","max-snippet":"max-snippet:-1","max-image-preview":"max-image-preview:large","max-video-preview":"max-video-preview:-1"},"canonical":"https:\/\/www.proveca.com\/de\/therapiebereiche\/herzinsuffizienz\/","og_type":"article","og_title":"Herzinsuffizienz - Proveca","og_url":"https:\/\/www.proveca.com\/de\/therapiebereiche\/herzinsuffizienz\/","og_site_name":"Proveca","article_modified_time":"2023-11-17T22:01:34+00:00","og_image":[{"url":"https:\/\/www.proveca.com\/wp-content\/uploads\/2023\/02\/germany-flag-80x80.webp","type":"","width":"","height":""}],"twitter_card":"summary_large_image","twitter_misc":{"Gesch\u00e4tzte Lesezeit":"4\u00a0Minuten"},"schema":{"@context":"https:\/\/schema.org","@graph":[{"@type":"WebPage","@id":"https:\/\/www.proveca.com\/de\/therapiebereiche\/herzinsuffizienz\/","url":"https:\/\/www.proveca.com\/de\/therapiebereiche\/herzinsuffizienz\/","name":"Herzinsuffizienz - Proveca","isPartOf":{"@id":"https:\/\/www.proveca.com\/de\/#website"},"primaryImageOfPage":{"@id":"https:\/\/www.proveca.com\/de\/therapiebereiche\/herzinsuffizienz\/#primaryimage"},"image":{"@id":"https:\/\/www.proveca.com\/de\/therapiebereiche\/herzinsuffizienz\/#primaryimage"},"thumbnailUrl":"https:\/\/www.proveca.com\/wp-content\/uploads\/2023\/02\/germany-flag-80x80.webp","datePublished":"2020-02-19T15:58:59+00:00","dateModified":"2023-11-17T22:01:34+00:00","breadcrumb":{"@id":"https:\/\/www.proveca.com\/de\/therapiebereiche\/herzinsuffizienz\/#breadcrumb"},"inLanguage":"de","potentialAction":[{"@type":"ReadAction","target":["https:\/\/www.proveca.com\/de\/therapiebereiche\/herzinsuffizienz\/"]}]},{"@type":"ImageObject","inLanguage":"de","@id":"https:\/\/www.proveca.com\/de\/therapiebereiche\/herzinsuffizienz\/#primaryimage","url":"https:\/\/www.proveca.com\/wp-content\/uploads\/2023\/02\/germany-flag-80x80.webp","contentUrl":"https:\/\/www.proveca.com\/wp-content\/uploads\/2023\/02\/germany-flag-80x80.webp"},{"@type":"BreadcrumbList","@id":"https:\/\/www.proveca.com\/de\/therapiebereiche\/herzinsuffizienz\/#breadcrumb","itemListElement":[{"@type":"ListItem","position":1,"name":"Home","item":"https:\/\/www.proveca.com\/de\/homepage\/"},{"@type":"ListItem","position":2,"name":"Therapiebereiche","item":"https:\/\/www.proveca.com\/de\/therapiebereiche\/"},{"@type":"ListItem","position":3,"name":"Herzinsuffizienz"}]},{"@type":"WebSite","@id":"https:\/\/www.proveca.com\/de\/#website","url":"https:\/\/www.proveca.com\/de\/","name":"Proveca","description":"Medicines for children","potentialAction":[{"@type":"SearchAction","target":{"@type":"EntryPoint","urlTemplate":"https:\/\/www.proveca.com\/de\/?s={search_term_string}"},"query-input":{"@type":"PropertyValueSpecification","valueRequired":true,"valueName":"search_term_string"}}],"inLanguage":"de"}]}},"_links":{"self":[{"href":"https:\/\/www.proveca.com\/de\/wp-json\/wp\/v2\/pages\/3758","targetHints":{"allow":["GET"]}}],"collection":[{"href":"https:\/\/www.proveca.com\/de\/wp-json\/wp\/v2\/pages"}],"about":[{"href":"https:\/\/www.proveca.com\/de\/wp-json\/wp\/v2\/types\/page"}],"author":[{"embeddable":true,"href":"https:\/\/www.proveca.com\/de\/wp-json\/wp\/v2\/users\/1"}],"replies":[{"embeddable":true,"href":"https:\/\/www.proveca.com\/de\/wp-json\/wp\/v2\/comments?post=3758"}],"version-history":[{"count":4,"href":"https:\/\/www.proveca.com\/de\/wp-json\/wp\/v2\/pages\/3758\/revisions"}],"predecessor-version":[{"id":16300,"href":"https:\/\/www.proveca.com\/de\/wp-json\/wp\/v2\/pages\/3758\/revisions\/16300"}],"up":[{"embeddable":true,"href":"https:\/\/www.proveca.com\/de\/wp-json\/wp\/v2\/pages\/3724"}],"wp:attachment":[{"href":"https:\/\/www.proveca.com\/de\/wp-json\/wp\/v2\/media?parent=3758"}],"curies":[{"name":"wp","href":"https:\/\/api.w.org\/{rel}","templated":true}]}}