{"id":3853,"date":"2020-03-05T14:13:30","date_gmt":"2020-03-05T14:13:30","guid":{"rendered":"https:\/\/provecaweb.geneticdigital.co.uk\/report-a-problem\/"},"modified":"2023-12-07T15:59:12","modified_gmt":"2023-12-07T15:59:12","slug":"melden-eines-problems","status":"publish","type":"page","link":"https:\/\/www.proveca.com\/de\/melden-eines-problems\/","title":{"rendered":"Melden eines Problems"},"content":{"rendered":"\n<style type=\"text\/css\" data-created_by=\"avia_inline_auto\" id=\"style-css-av-k7qc8ed7-1bb441dd7617e0290444cdcc31084ea2\">\n.avia-section.av-k7qc8ed7-1bb441dd7617e0290444cdcc31084ea2{\nbackground-color:#ecf2f6;\nbackground-image:url(https:\/\/www.proveca.com\/wp-content\/uploads\/2023\/10\/big-leaf-4-1.png);\nbackground-repeat:no-repeat;\nbackground-position:50% 50%;\nbackground-attachment:scroll;\n}\n<\/style>\n<div id='av_section_1'  class='avia-section av-k7qc8ed7-1bb441dd7617e0290444cdcc31084ea2 main_color avia-section-default avia-no-border-styling  avia-builder-el-0  el_before_av_section  avia-builder-el-first  avia-full-stretch avia-bg-style-scroll av-minimum-height av-minimum-height-custom av-height-custom  container_wrap fullsize'  data-section-bg-repeat='stretch' data-av_minimum_height_px='150'><div class='container av-section-cont-open' style='height:150px'><main  class='template-page content  av-content-full alpha units'><div class='post-entry post-entry-type-page post-entry-3853'><div class='entry-content-wrapper clearfix'>\n\n<style type=\"text\/css\" data-created_by=\"avia_inline_auto\" id=\"style-css-av-k7up14rm-309c1687c14d2441696c0c2ebc6945a5\">\n.flex_column.av-k7up14rm-309c1687c14d2441696c0c2ebc6945a5{\nborder-radius:0px 0px 0px 0px;\npadding:0px 0px 0px 0px;\n}\n<\/style>\n<div  class='flex_column av-k7up14rm-309c1687c14d2441696c0c2ebc6945a5 av_one_full  avia-builder-el-1  avia-builder-el-no-sibling  first flex_column_div av-animated-generic left-to-right av-zero-column-padding  '     ><style type=\"text\/css\" data-created_by=\"avia_inline_auto\" id=\"style-css-av-k98aurbm-f2739c50f29a21a3fdb344460552ff1e\">\n#top .av-special-heading.av-k98aurbm-f2739c50f29a21a3fdb344460552ff1e{\npadding-bottom:10px;\ncolor:#ffffff;\n}\nbody .av-special-heading.av-k98aurbm-f2739c50f29a21a3fdb344460552ff1e .av-special-heading-tag .heading-char{\nfont-size:25px;\n}\n.av-special-heading.av-k98aurbm-f2739c50f29a21a3fdb344460552ff1e .special-heading-inner-border{\nborder-color:#ffffff;\n}\n.av-special-heading.av-k98aurbm-f2739c50f29a21a3fdb344460552ff1e .av-subheading{\nfont-size:15px;\n}\n<\/style>\n<div  class='av-special-heading av-k98aurbm-f2739c50f29a21a3fdb344460552ff1e av-special-heading-h1 custom-color-heading blockquote modern-quote  avia-builder-el-2  avia-builder-el-no-sibling '><h1 class='av-special-heading-tag '  >Melden eines Problems<\/h1><div class=\"special-heading-border\"><div class=\"special-heading-inner-border\"><\/div><\/div><\/div><\/div>\n\n<\/div><\/div><\/main><!-- close content main element --><\/div><\/div><div id='av_section_2'  class='avia-section av-ba49y2-7acfa1d8ed06a1989be0f7d47126d79f main_color avia-section-default avia-no-border-styling  avia-builder-el-3  el_after_av_section  avia-builder-el-last  avia-bg-style-scroll container_wrap fullsize'  ><div class='container av-section-cont-open' ><div class='template-page content  av-content-full alpha units'><div class='post-entry post-entry-type-page post-entry-3853'><div class='entry-content-wrapper clearfix'>\n\n<style type=\"text\/css\" data-created_by=\"avia_inline_auto\" id=\"style-css-av-38z471-e5e6f703cd66842f3e321deb3b50aac3\">\n#top .av-special-heading.av-38z471-e5e6f703cd66842f3e321deb3b50aac3{\npadding-bottom:10px;\n}\nbody .av-special-heading.av-38z471-e5e6f703cd66842f3e321deb3b50aac3 .av-special-heading-tag .heading-char{\nfont-size:25px;\n}\n.av-special-heading.av-38z471-e5e6f703cd66842f3e321deb3b50aac3 .av-subheading{\nfont-size:15px;\n}\n<\/style>\n<div  class='av-special-heading av-38z471-e5e6f703cd66842f3e321deb3b50aac3 av-special-heading-h2  avia-builder-el-4  el_before_av_one_full  avia-builder-el-first '><h2 class='av-special-heading-tag '  > So melden Sie ein Problem mit Proveca-Arzneimitteln<\/h2><div class=\"special-heading-border\"><div class=\"special-heading-inner-border\"><\/div><\/div><\/div>\n\n<style type=\"text\/css\" data-created_by=\"avia_inline_auto\" id=\"style-css-av-8npzze-287466476fe6e624a7b4429f6d574dbc\">\n.flex_column.av-8npzze-287466476fe6e624a7b4429f6d574dbc{\nborder-radius:0px 0px 0px 0px;\npadding:0px 0px 0px 0px;\n}\n<\/style>\n<div  class='flex_column av-8npzze-287466476fe6e624a7b4429f6d574dbc av_one_full  avia-builder-el-5  el_after_av_heading  avia-builder-el-last  first flex_column_div av-zero-column-padding  '     ><section  class='av_textblock_section av-k6t9u9qf-8aa8302f23db86c480899c894fe2b675 '  ><div class='avia_textblock' ><h3>Nebenwirkungen<\/h3>\n<p>Die Proveca Ltd. \u00fcberwacht kontinuierlich das Sicherheitsprofil ihrer Arzneimittel. Dies beinhaltet die \u00dcberpr\u00fcfung von Sicherheitsdaten aus klinischen Studien und die Sammlung von Berichten und Meldungen aufgetretener Nebenwirkungen f\u00fcr vermarktete Produkte. Ihre Information tr\u00e4gt zur kontinuierlichen \u00dcberwachung der Sicherheit unserer Produkte bei.<\/p>\n<p>Falls Sie von Patienten\/Patientinnen Kenntnis erlangen, bei denen ein unerw\u00fcnschtes Ereignis oder eine Nebenwirkung aufgetreten ist, bei denen eine Schwangerschaft vorliegt oder eingetreten ist, die eine \u00dcberdosis des Medikaments genommen haben oder bei denen unerwartete positive Effekte aufgetreten sind, bitten wir Sie, \u00fcber eine der nachfolgend genannten M\u00f6glichkeiten Kontakt mit der Proveca Ltd. aufzunehmen: per Telefon unter <span class=\"ui-provider ec cas bgo cev cew cex cey cez cfa cfb cfc cfd cfe cff cfg cfh cfi cfj cfk cfl cfm cfn cfo cfp cfq cfr cfs cft cfu cfv cfw cfx cfy cfz cga\" dir=\"ltr\"><strong> +49 (0) 3091734882<\/strong><\/span>\u00a0 (DE) or <strong>+43 (0) 800070052<\/strong> (AT) oder per E-Mail \u00fcber <strong><a href=\"mailto:medinfo@proveca.com\">medinfo@proveca.com<\/a><\/strong>.<\/p>\n<h3>Deutschland<\/h3>\n<p><img loading=\"lazy\" decoding=\"async\" class=\"wp-image-9925 alignleft\" src=\"https:\/\/www.proveca.com\/wp-content\/uploads\/2023\/02\/germany-flag-300x180.webp\" alt=\"\" width=\"54\" height=\"33\" srcset=\"https:\/\/www.proveca.com\/wp-content\/uploads\/2023\/02\/germany-flag-300x180.webp 300w, https:\/\/www.proveca.com\/wp-content\/uploads\/2023\/02\/germany-flag-768x461.webp 768w, https:\/\/www.proveca.com\/wp-content\/uploads\/2023\/02\/germany-flag-705x423.webp 705w, https:\/\/www.proveca.com\/wp-content\/uploads\/2023\/02\/germany-flag.webp 1000w\" sizes=\"auto, (max-width: 54px) 100vw, 54px\" \/>Weitere Informationen \u00fcber die Meldung unerw\u00fcnschter Nebenwirkungen k\u00f6nnen Sie auf den Internetseiten des Bundesinstituts f\u00fcr Arzneimittel und Medizinprodukte &#8211; BfArM (<u><a href=\"http:\/\/www.bfarm.de\/\">http:\/\/www.bfarm.de<\/a><\/u>) finden.<\/p>\n<h3>\u00d6sterreich<\/h3>\n<p><img loading=\"lazy\" decoding=\"async\" class=\"wp-image-7046 alignleft\" src=\"https:\/\/www.proveca.com\/wp-content\/uploads\/2020\/12\/Flag_of_Austria_640-300x200.png\" alt=\"\" width=\"54\" height=\"36\" srcset=\"https:\/\/www.proveca.com\/wp-content\/uploads\/2020\/12\/Flag_of_Austria_640-300x200.png 300w, https:\/\/www.proveca.com\/wp-content\/uploads\/2020\/12\/Flag_of_Austria_640.png 640w\" sizes=\"auto, (max-width: 54px) 100vw, 54px\" \/><\/p>\n<p>Die Meldung des Verdachts auf Nebenwirkungen nach der Zulassung ist von gro\u00dfer Wichtigkeit. Sie erm\u00f6glicht eine kontinuierliche \u00dcberwachung des Nutzen-Risiko-Verh\u00e4ltnisses des Arzneimittels. Angeh\u00f6rige von Gesundheitsberufen sind aufgefordert, jeden Verdachtsfall einer Nebenwirkung \u00fcber das nationale Meldesystem anzuzeigen:<\/p>\n<p>Bundesamt f\u00fcr Sicherheit im Gesundheitswesen<br \/>\nTraisengasse 5<br \/>\n1200 WIEN<br \/>\n\u00d6STERREICH<br \/>\nFax:+43 (0) 50 555 36207<br \/>\nWebsite: <a href=\"https:\/\/www.basg.gv.at\/\">http:\/\/www.basg.gv.at\/<\/a><\/p>\n<h3>Produktqualit\u00e4t<\/h3>\n<p>Falls sie ein Qualit\u00e4tsproblem mit unseren Produkten feststellen, bitten wir Sie, \u00fcber eine der nachfolgend genannten M\u00f6glichkeiten Kontakt mit der Proveca Ltd. aufzunehmen: per Telefon unter<span class=\"ui-provider ec cas bgo cev cew cex cey cez cfa cfb cfc cfd cfe cff cfg cfh cfi cfj cfk cfl cfm cfn cfo cfp cfq cfr cfs cft cfu cfv cfw cfx cfy cfz cga\" dir=\"ltr\"> <strong>+49 (0) 3091734882 <\/strong>(DE)<\/span> or <strong>+43 (0) 800070052<\/strong> (AT) oder per E-Mail \u00fcber <a href=\"mailto:medinfo@proveca.com\"><strong>medinfo@proveca.com<\/strong><\/a>.<\/p>\n<\/div><\/section><\/div>\n","protected":false},"excerpt":{"rendered":"","protected":false},"author":1,"featured_media":0,"parent":0,"menu_order":0,"comment_status":"closed","ping_status":"closed","template":"","meta":{"footnotes":""},"class_list":["post-3853","page","type-page","status-publish","hentry"],"yoast_head":"<!-- This site is optimized with the Yoast SEO plugin v27.3 - https:\/\/yoast.com\/product\/yoast-seo-wordpress\/ -->\n<title>Melden eines Problems - Proveca<\/title>\n<meta name=\"robots\" content=\"index, follow, max-snippet:-1, max-image-preview:large, max-video-preview:-1\" \/>\n<link rel=\"canonical\" href=\"https:\/\/www.proveca.com\/de\/melden-eines-problems\/\" \/>\n<meta property=\"og:type\" content=\"article\" \/>\n<meta property=\"og:title\" content=\"Melden eines Problems - Proveca\" \/>\n<meta property=\"og:url\" content=\"https:\/\/www.proveca.com\/de\/melden-eines-problems\/\" \/>\n<meta property=\"og:site_name\" content=\"Proveca\" \/>\n<meta property=\"article:modified_time\" content=\"2023-12-07T15:59:12+00:00\" \/>\n<meta property=\"og:image\" content=\"https:\/\/www.proveca.com\/wp-content\/uploads\/2023\/02\/germany-flag-300x180.webp\" \/>\n<meta name=\"twitter:card\" content=\"summary_large_image\" \/>\n<meta name=\"twitter:label1\" content=\"Gesch\u00e4tzte Lesezeit\" \/>\n\t<meta name=\"twitter:data1\" content=\"4\u00a0Minuten\" \/>\n<script type=\"application\/ld+json\" class=\"yoast-schema-graph\">{\"@context\":\"https:\\\/\\\/schema.org\",\"@graph\":[{\"@type\":\"WebPage\",\"@id\":\"https:\\\/\\\/www.proveca.com\\\/de\\\/melden-eines-problems\\\/\",\"url\":\"https:\\\/\\\/www.proveca.com\\\/de\\\/melden-eines-problems\\\/\",\"name\":\"Melden eines Problems - Proveca\",\"isPartOf\":{\"@id\":\"https:\\\/\\\/www.proveca.com\\\/de\\\/#website\"},\"primaryImageOfPage\":{\"@id\":\"https:\\\/\\\/www.proveca.com\\\/de\\\/melden-eines-problems\\\/#primaryimage\"},\"image\":{\"@id\":\"https:\\\/\\\/www.proveca.com\\\/de\\\/melden-eines-problems\\\/#primaryimage\"},\"thumbnailUrl\":\"https:\\\/\\\/www.proveca.com\\\/wp-content\\\/uploads\\\/2023\\\/02\\\/germany-flag-300x180.webp\",\"datePublished\":\"2020-03-05T14:13:30+00:00\",\"dateModified\":\"2023-12-07T15:59:12+00:00\",\"breadcrumb\":{\"@id\":\"https:\\\/\\\/www.proveca.com\\\/de\\\/melden-eines-problems\\\/#breadcrumb\"},\"inLanguage\":\"de\",\"potentialAction\":[{\"@type\":\"ReadAction\",\"target\":[\"https:\\\/\\\/www.proveca.com\\\/de\\\/melden-eines-problems\\\/\"]}]},{\"@type\":\"ImageObject\",\"inLanguage\":\"de\",\"@id\":\"https:\\\/\\\/www.proveca.com\\\/de\\\/melden-eines-problems\\\/#primaryimage\",\"url\":\"https:\\\/\\\/www.proveca.com\\\/wp-content\\\/uploads\\\/2023\\\/02\\\/germany-flag-300x180.webp\",\"contentUrl\":\"https:\\\/\\\/www.proveca.com\\\/wp-content\\\/uploads\\\/2023\\\/02\\\/germany-flag-300x180.webp\"},{\"@type\":\"BreadcrumbList\",\"@id\":\"https:\\\/\\\/www.proveca.com\\\/de\\\/melden-eines-problems\\\/#breadcrumb\",\"itemListElement\":[{\"@type\":\"ListItem\",\"position\":1,\"name\":\"Home\",\"item\":\"https:\\\/\\\/www.proveca.com\\\/de\\\/homepage\\\/\"},{\"@type\":\"ListItem\",\"position\":2,\"name\":\"Melden eines Problems\"}]},{\"@type\":\"WebSite\",\"@id\":\"https:\\\/\\\/www.proveca.com\\\/de\\\/#website\",\"url\":\"https:\\\/\\\/www.proveca.com\\\/de\\\/\",\"name\":\"Proveca\",\"description\":\"Medicines for children\",\"potentialAction\":[{\"@type\":\"SearchAction\",\"target\":{\"@type\":\"EntryPoint\",\"urlTemplate\":\"https:\\\/\\\/www.proveca.com\\\/de\\\/?s={search_term_string}\"},\"query-input\":{\"@type\":\"PropertyValueSpecification\",\"valueRequired\":true,\"valueName\":\"search_term_string\"}}],\"inLanguage\":\"de\"}]}<\/script>\n<!-- \/ Yoast SEO plugin. -->","yoast_head_json":{"title":"Melden eines Problems - Proveca","robots":{"index":"index","follow":"follow","max-snippet":"max-snippet:-1","max-image-preview":"max-image-preview:large","max-video-preview":"max-video-preview:-1"},"canonical":"https:\/\/www.proveca.com\/de\/melden-eines-problems\/","og_type":"article","og_title":"Melden eines Problems - Proveca","og_url":"https:\/\/www.proveca.com\/de\/melden-eines-problems\/","og_site_name":"Proveca","article_modified_time":"2023-12-07T15:59:12+00:00","og_image":[{"url":"https:\/\/www.proveca.com\/wp-content\/uploads\/2023\/02\/germany-flag-300x180.webp","type":"","width":"","height":""}],"twitter_card":"summary_large_image","twitter_misc":{"Gesch\u00e4tzte Lesezeit":"4\u00a0Minuten"},"schema":{"@context":"https:\/\/schema.org","@graph":[{"@type":"WebPage","@id":"https:\/\/www.proveca.com\/de\/melden-eines-problems\/","url":"https:\/\/www.proveca.com\/de\/melden-eines-problems\/","name":"Melden eines Problems - Proveca","isPartOf":{"@id":"https:\/\/www.proveca.com\/de\/#website"},"primaryImageOfPage":{"@id":"https:\/\/www.proveca.com\/de\/melden-eines-problems\/#primaryimage"},"image":{"@id":"https:\/\/www.proveca.com\/de\/melden-eines-problems\/#primaryimage"},"thumbnailUrl":"https:\/\/www.proveca.com\/wp-content\/uploads\/2023\/02\/germany-flag-300x180.webp","datePublished":"2020-03-05T14:13:30+00:00","dateModified":"2023-12-07T15:59:12+00:00","breadcrumb":{"@id":"https:\/\/www.proveca.com\/de\/melden-eines-problems\/#breadcrumb"},"inLanguage":"de","potentialAction":[{"@type":"ReadAction","target":["https:\/\/www.proveca.com\/de\/melden-eines-problems\/"]}]},{"@type":"ImageObject","inLanguage":"de","@id":"https:\/\/www.proveca.com\/de\/melden-eines-problems\/#primaryimage","url":"https:\/\/www.proveca.com\/wp-content\/uploads\/2023\/02\/germany-flag-300x180.webp","contentUrl":"https:\/\/www.proveca.com\/wp-content\/uploads\/2023\/02\/germany-flag-300x180.webp"},{"@type":"BreadcrumbList","@id":"https:\/\/www.proveca.com\/de\/melden-eines-problems\/#breadcrumb","itemListElement":[{"@type":"ListItem","position":1,"name":"Home","item":"https:\/\/www.proveca.com\/de\/homepage\/"},{"@type":"ListItem","position":2,"name":"Melden eines Problems"}]},{"@type":"WebSite","@id":"https:\/\/www.proveca.com\/de\/#website","url":"https:\/\/www.proveca.com\/de\/","name":"Proveca","description":"Medicines for children","potentialAction":[{"@type":"SearchAction","target":{"@type":"EntryPoint","urlTemplate":"https:\/\/www.proveca.com\/de\/?s={search_term_string}"},"query-input":{"@type":"PropertyValueSpecification","valueRequired":true,"valueName":"search_term_string"}}],"inLanguage":"de"}]}},"_links":{"self":[{"href":"https:\/\/www.proveca.com\/de\/wp-json\/wp\/v2\/pages\/3853","targetHints":{"allow":["GET"]}}],"collection":[{"href":"https:\/\/www.proveca.com\/de\/wp-json\/wp\/v2\/pages"}],"about":[{"href":"https:\/\/www.proveca.com\/de\/wp-json\/wp\/v2\/types\/page"}],"author":[{"embeddable":true,"href":"https:\/\/www.proveca.com\/de\/wp-json\/wp\/v2\/users\/1"}],"replies":[{"embeddable":true,"href":"https:\/\/www.proveca.com\/de\/wp-json\/wp\/v2\/comments?post=3853"}],"version-history":[{"count":9,"href":"https:\/\/www.proveca.com\/de\/wp-json\/wp\/v2\/pages\/3853\/revisions"}],"predecessor-version":[{"id":16649,"href":"https:\/\/www.proveca.com\/de\/wp-json\/wp\/v2\/pages\/3853\/revisions\/16649"}],"wp:attachment":[{"href":"https:\/\/www.proveca.com\/de\/wp-json\/wp\/v2\/media?parent=3853"}],"curies":[{"name":"wp","href":"https:\/\/api.w.org\/{rel}","templated":true}]}}