{"id":6884,"date":"2020-10-26T17:05:43","date_gmt":"2020-10-26T17:05:43","guid":{"rendered":"https:\/\/www.proveca.com\/?page_id=6884"},"modified":"2024-10-09T10:24:20","modified_gmt":"2024-10-09T10:24:20","slug":"chronischer-speichelfluss-bei-kindern","status":"publish","type":"page","link":"https:\/\/www.proveca.com\/de\/therapiebereiche\/zerebralparese\/chronischer-speichelfluss-bei-kindern\/","title":{"rendered":"Chronischer, krankhaft vermehrter Speichelfluss bei Kindern"},"content":{"rendered":"\n<style type=\"text\/css\" data-created_by=\"avia_inline_auto\" id=\"style-css-av-k7qc8ed7-b743180ceadd614371363b508d3aa343\">\n.avia-section.av-k7qc8ed7-b743180ceadd614371363b508d3aa343{\nbackground-color:#ecf2f6;\nbackground-image:url(https:\/\/www.proveca.com\/wp-content\/uploads\/2020\/03\/cerebral-therapy-1.jpg);\nbackground-repeat:no-repeat;\nbackground-position:50% 50%;\nbackground-attachment:scroll;\n}\n<\/style>\n<div id='av_section_1'  class='avia-section av-k7qc8ed7-b743180ceadd614371363b508d3aa343 main_color avia-section-default avia-no-border-styling  avia-builder-el-0  el_before_av_section  avia-builder-el-first  avia-full-stretch avia-bg-style-scroll av-minimum-height av-minimum-height-custom av-height-custom  container_wrap fullsize'  data-section-bg-repeat='stretch' data-av_minimum_height_px='150'><div class='container av-section-cont-open' style='height:150px'><main  class='template-page content  av-content-full alpha units'><div class='post-entry post-entry-type-page post-entry-6884'><div class='entry-content-wrapper clearfix'>\n\n<style type=\"text\/css\" data-created_by=\"avia_inline_auto\" id=\"style-css-av-k7up14rm-309c1687c14d2441696c0c2ebc6945a5\">\n.flex_column.av-k7up14rm-309c1687c14d2441696c0c2ebc6945a5{\nborder-radius:0px 0px 0px 0px;\npadding:0px 0px 0px 0px;\n}\n<\/style>\n<div  class='flex_column av-k7up14rm-309c1687c14d2441696c0c2ebc6945a5 av_one_full  avia-builder-el-1  avia-builder-el-no-sibling  first flex_column_div av-animated-generic left-to-right av-zero-column-padding  '     ><style type=\"text\/css\" data-created_by=\"avia_inline_auto\" id=\"style-css-av-kguu8xmc-257d8baec023d99614ac8d5c85a8396a\">\n#top .av-special-heading.av-kguu8xmc-257d8baec023d99614ac8d5c85a8396a{\npadding-bottom:10px;\ncolor:#ffffff;\n}\nbody .av-special-heading.av-kguu8xmc-257d8baec023d99614ac8d5c85a8396a .av-special-heading-tag .heading-char{\nfont-size:25px;\n}\n.av-special-heading.av-kguu8xmc-257d8baec023d99614ac8d5c85a8396a .special-heading-inner-border{\nborder-color:#ffffff;\n}\n.av-special-heading.av-kguu8xmc-257d8baec023d99614ac8d5c85a8396a .av-subheading{\nfont-size:15px;\n}\n<\/style>\n<div  class='av-special-heading av-kguu8xmc-257d8baec023d99614ac8d5c85a8396a av-special-heading-h1 custom-color-heading blockquote modern-quote  avia-builder-el-2  avia-builder-el-no-sibling '><h1 class='av-special-heading-tag '  >Chronischer, krankhaft vermehrter Speichelfluss bei Kindern<\/h1><div class=\"special-heading-border\"><div class=\"special-heading-inner-border\"><\/div><\/div><\/div><\/div><\/div><\/div><\/main><!-- close content main element --><\/div><\/div><div id='av_section_2'  class='avia-section av-ars4fe-9f645b8db83a3113b0e134cefae2f143 main_color avia-section-default avia-no-border-styling  avia-builder-el-3  el_after_av_section  avia-builder-el-last  avia-bg-style-scroll container_wrap fullsize'  ><div class='container av-section-cont-open' ><div class='template-page content  av-content-full alpha units'><div class='post-entry post-entry-type-page post-entry-6884'><div class='entry-content-wrapper clearfix'>\n<div class='av-column-wrapper-individual av-mobile-columns-flex av-columns-reverse'><div  class='flex_column av-lp35wo88-c0ba757986ad76d1d004b44748868469 av_three_fourth  avia-builder-el-4  el_before_av_one_fourth  avia-builder-el-first  first flex_column_div  '     ><p><section  class='av_textblock_section av-28e3es-4edad6e84c5270839df17a5d39fae892 '  ><div class='avia_textblock atde_flag' ><p><img loading=\"lazy\" decoding=\"async\" class=\"size-thumbnail wp-image-9925 alignright\" src=\"https:\/\/www.proveca.com\/wp-content\/uploads\/2023\/02\/germany-flag-80x80.webp\" alt=\"\" width=\"40\" height=\"40\" srcset=\"https:\/\/www.proveca.com\/wp-content\/uploads\/2023\/02\/germany-flag-80x80.webp 80w, https:\/\/www.proveca.com\/wp-content\/uploads\/2023\/02\/germany-flag-36x36.webp 36w, https:\/\/www.proveca.com\/wp-content\/uploads\/2023\/02\/germany-flag-180x180.webp 180w\" sizes=\"auto, (max-width: 40px) 100vw, 40px\" \/><img loading=\"lazy\" decoding=\"async\" class=\"size-thumbnail wp-image-7046 alignright\" src=\"https:\/\/www.proveca.com\/wp-content\/uploads\/2020\/12\/Flag_of_Austria_640-80x80.png\" alt=\"\" width=\"40\" height=\"40\" srcset=\"https:\/\/www.proveca.com\/wp-content\/uploads\/2020\/12\/Flag_of_Austria_640-80x80.png 80w, https:\/\/www.proveca.com\/wp-content\/uploads\/2020\/12\/Flag_of_Austria_640-36x36.png 36w, https:\/\/www.proveca.com\/wp-content\/uploads\/2020\/12\/Flag_of_Austria_640-180x180.png 180w\" sizes=\"auto, (max-width: 40px) 100vw, 40px\" \/><\/p>\n<\/div><\/section><br \/>\n\n<style type=\"text\/css\" data-created_by=\"avia_inline_auto\" id=\"style-css-av-34x06s-b3c4be8b5f2bfaa19ff6a9b19448fd28\">\n#top .av-special-heading.av-34x06s-b3c4be8b5f2bfaa19ff6a9b19448fd28{\npadding-bottom:0;\n}\nbody .av-special-heading.av-34x06s-b3c4be8b5f2bfaa19ff6a9b19448fd28 .av-special-heading-tag .heading-char{\nfont-size:25px;\n}\n#top #wrap_all .av-special-heading.av-34x06s-b3c4be8b5f2bfaa19ff6a9b19448fd28 .av-special-heading-tag{\nfont-size:38px;\n}\n.av-special-heading.av-34x06s-b3c4be8b5f2bfaa19ff6a9b19448fd28 .av-subheading{\nfont-size:15px;\n}\n<\/style>\n<div  class='av-special-heading av-34x06s-b3c4be8b5f2bfaa19ff6a9b19448fd28 av-special-heading-h2  avia-builder-el-6  el_after_av_textblock  el_before_av_heading '><h2 class='av-special-heading-tag '  >Chronischer, krankhaft vermehrter Speichelfluss bei Kindern<\/h2><div class=\"special-heading-border\"><div class=\"special-heading-inner-border\"><\/div><\/div><\/div><br \/>\n\n<style type=\"text\/css\" data-created_by=\"avia_inline_auto\" id=\"style-css-av-24uzsk-77d4c06fdfee3e4bd80fbe5da8591ba7\">\n#top .av-special-heading.av-24uzsk-77d4c06fdfee3e4bd80fbe5da8591ba7{\npadding-bottom:0;\n}\nbody .av-special-heading.av-24uzsk-77d4c06fdfee3e4bd80fbe5da8591ba7 .av-special-heading-tag .heading-char{\nfont-size:25px;\n}\n#top #wrap_all .av-special-heading.av-24uzsk-77d4c06fdfee3e4bd80fbe5da8591ba7 .av-special-heading-tag{\nfont-size:38px;\n}\n.av-special-heading.av-24uzsk-77d4c06fdfee3e4bd80fbe5da8591ba7 .av-subheading{\nfont-size:15px;\n}\n<\/style>\n<div  class='av-special-heading av-24uzsk-77d4c06fdfee3e4bd80fbe5da8591ba7 av-special-heading-h1  avia-builder-el-7  el_after_av_heading  el_before_av_hr '><h1 class='av-special-heading-tag '  >Informationen f\u00fcr Sie<\/h1><div class=\"special-heading-border\"><div class=\"special-heading-inner-border\"><\/div><\/div><\/div><br \/>\n<div  class='hr av-2ksrno-685535bc10cd6ed94c91eb13e26c686f hr-default  avia-builder-el-8  el_after_av_heading  avia-builder-el-last '><span class='hr-inner '><span class=\"hr-inner-style\"><\/span><\/span><\/div><\/p><\/div><div  class='flex_column av-3td2ac-0dde870705cca8df1df6d240223aed04 av_one_fourth  avia-builder-el-9  el_after_av_three_fourth  el_before_av_one_third  flex_column_div  '     ><\/div><\/div><!--close flex column wrapper. Autoclose: 1 --><div  class='flex_column av-w674k-5ded771ecaaa7dc0c9750951e5381c4e av_one_third  avia-builder-el-11  el_after_av_one_fourth  el_before_av_one_third  first flex_column_div  column-top-margin'     ><section  class='av_textblock_section av-726ybo-4360b8a44a06e927cab5b944dd813ff8 '  ><div class='avia_textblock' ><p><em><strong>Sialorrh\u00f6: Was Sie dar\u00fcber<\/strong> <strong>wissen sollten (f\u00fcr Deutschland)\u00a0<\/strong><\/em><\/p>\n<h6><\/h6>\n<h6><\/h6>\n<h6><\/h6>\n<h6><em><img loading=\"lazy\" decoding=\"async\" class=\"alignnone wp-image-9925\" src=\"https:\/\/www.proveca.com\/wp-content\/uploads\/2023\/02\/germany-flag.webp\" alt=\"\" width=\"18\" height=\"11\" srcset=\"https:\/\/www.proveca.com\/wp-content\/uploads\/2023\/02\/germany-flag.webp 1000w, https:\/\/www.proveca.com\/wp-content\/uploads\/2023\/02\/germany-flag-300x180.webp 300w, https:\/\/www.proveca.com\/wp-content\/uploads\/2023\/02\/germany-flag-768x461.webp 768w, https:\/\/www.proveca.com\/wp-content\/uploads\/2023\/02\/germany-flag-710x375.webp 710w, https:\/\/www.proveca.com\/wp-content\/uploads\/2023\/02\/germany-flag-705x423.webp 705w\" sizes=\"auto, (max-width: 18px) 100vw, 18px\" \/><\/em><em>Auf das Bild unten klicken zum \u00d6ffnen der Brosch\u00fcre<\/em><\/h6>\n<h6><a href=\"https:\/\/publish.flyeralarm.digital\/proveca-folder-awareness-sialorrhoe-2024\"><img loading=\"lazy\" decoding=\"async\" class=\"wp-image-17762 alignleft\" src=\"https:\/\/www.proveca.com\/wp-content\/uploads\/2024\/10\/DE-information-drooling-pic.png\" alt=\"\" width=\"334\" height=\"234\" \/><\/a><\/h6>\n<p style=\"text-align: left;\">Informationen zu chronischem, krankhaft gesteigertem Speichelfluss<\/p>\n<p style=\"text-align: left;\"><a href=\"https:\/\/www.proveca.com\/wp-content\/uploads\/2024\/10\/DE_Awareness-Sialorrhoe.pdf\">PDF hier herunterladen\u00a0<\/a><\/p>\n<\/div><\/section><\/div><div  class='flex_column av-5dkdsk-79f27d6ce91f8b432900f565f7281c46 av_one_third  avia-builder-el-13  el_after_av_one_third  el_before_av_one_third  flex_column_div  column-top-margin'     ><section  class='av_textblock_section av-m1ufvkuk-7e02ca70418ba1681b7cfd6ae474ba44 '  ><div class='avia_textblock' ><p><strong>Sialorrh\u00f6: Was Sie dar\u00fcber wissen sollten (f\u00fcr \u00d6sterreich)\u00a0<\/strong><\/p>\n<h6><em><img loading=\"lazy\" decoding=\"async\" class=\"alignnone wp-image-7046\" src=\"https:\/\/www.proveca.com\/wp-content\/uploads\/2020\/12\/Flag_of_Austria_640.png\" alt=\"\" width=\"18\" height=\"12\" srcset=\"https:\/\/www.proveca.com\/wp-content\/uploads\/2020\/12\/Flag_of_Austria_640.png 640w, https:\/\/www.proveca.com\/wp-content\/uploads\/2020\/12\/Flag_of_Austria_640-300x200.png 300w, https:\/\/www.proveca.com\/wp-content\/uploads\/2020\/12\/Flag_of_Austria_640-260x185.png 260w\" sizes=\"auto, (max-width: 18px) 100vw, 18px\" \/>Auf das Bild unten klicken zum \u00d6ffnen der Brosch\u00fcre<\/em><\/h6>\n<h6><a href=\"https:\/\/publish.flyeralarm.digital\/proveca-folder-at-awareness-sialorrhoe-2024\"><img loading=\"lazy\" decoding=\"async\" class=\"wp-image-17762 alignleft\" src=\"https:\/\/www.proveca.com\/wp-content\/uploads\/2024\/10\/DE-information-drooling-pic.png\" alt=\"\" width=\"334\" height=\"234\" \/><\/a><\/h6>\n<p style=\"text-align: left;\">Informationen zu chronischem, krankhaft gesteigertem Speichelfluss<\/p>\n<p><a href=\"https:\/\/www.proveca.com\/wp-content\/uploads\/2024\/10\/AT_Awareness-Sialorrhoe.pdf\">PDF hier herunterladen\u00a0<\/a><\/p>\n<\/div><\/section><\/div><div  class='flex_column av-2gndkk-e139a470dc8f44ce7c969019cf646b4f av_one_third  avia-builder-el-15  el_after_av_one_third  el_before_av_hr  flex_column_div  column-top-margin'     ><section  class='av_textblock_section av-m1uoznyc-005e714a0f72b6a3b3d168715a73ea47 '  ><div class='avia_textblock' ><p><strong>Quick Check Sialorrh\u00f6 (f\u00fcr \u00d6sterreich und Deutschland)<\/strong><\/p>\n<h6><em><img loading=\"lazy\" decoding=\"async\" class=\"alignnone wp-image-7046\" src=\"https:\/\/www.proveca.com\/wp-content\/uploads\/2020\/12\/Flag_of_Austria_640.png\" alt=\"\" width=\"18\" height=\"12\" srcset=\"https:\/\/www.proveca.com\/wp-content\/uploads\/2020\/12\/Flag_of_Austria_640.png 640w, https:\/\/www.proveca.com\/wp-content\/uploads\/2020\/12\/Flag_of_Austria_640-300x200.png 300w, https:\/\/www.proveca.com\/wp-content\/uploads\/2020\/12\/Flag_of_Austria_640-260x185.png 260w\" sizes=\"auto, (max-width: 18px) 100vw, 18px\" \/>\u00a0<\/em><em><img loading=\"lazy\" decoding=\"async\" class=\"alignnone wp-image-9925\" src=\"https:\/\/www.proveca.com\/wp-content\/uploads\/2023\/02\/germany-flag.webp\" alt=\"\" width=\"18\" height=\"11\" srcset=\"https:\/\/www.proveca.com\/wp-content\/uploads\/2023\/02\/germany-flag.webp 1000w, https:\/\/www.proveca.com\/wp-content\/uploads\/2023\/02\/germany-flag-300x180.webp 300w, https:\/\/www.proveca.com\/wp-content\/uploads\/2023\/02\/germany-flag-768x461.webp 768w, https:\/\/www.proveca.com\/wp-content\/uploads\/2023\/02\/germany-flag-710x375.webp 710w, https:\/\/www.proveca.com\/wp-content\/uploads\/2023\/02\/germany-flag-705x423.webp 705w\" sizes=\"auto, (max-width: 18px) 100vw, 18px\" \/><\/em><\/h6>\n<p><img loading=\"lazy\" decoding=\"async\" class=\"alignnone wp-image-17789\" src=\"https:\/\/www.proveca.com\/wp-content\/uploads\/2024\/10\/Screenshot-Qucik-Check-.png\" alt=\"\" width=\"335\" height=\"216\" \/><\/p>\n<p>Den Schweregrad der Sialorrh\u00f6 einfach bestimmen. Zum Ausf\u00fcllen und Ausdrucken<\/p>\n<p><a href=\"https:\/\/www.proveca.com\/wp-content\/uploads\/2024\/10\/Quick-Check_A5_09-24_FIN.pdf\">PDF hier herunterladen<\/a><\/p>\n<\/div><\/section><\/div><div  class='hr av-28yo5g-163ead14864372627a3f9d43ba369ef8 hr-default  avia-builder-el-17  el_after_av_one_third  el_before_av_two_third '><span class='hr-inner '><span class=\"hr-inner-style\"><\/span><\/span><\/div>\n\n<style type=\"text\/css\" data-created_by=\"avia_inline_auto\" id=\"style-css-av-90tqx6-eaa5ac7582d09e611530123ff3df9007\">\n#top .flex_column.av-90tqx6-eaa5ac7582d09e611530123ff3df9007{\nmargin-top:0px;\nmargin-bottom:0px;\n}\n.flex_column.av-90tqx6-eaa5ac7582d09e611530123ff3df9007{\nborder-radius:0px 0px 0px 0px;\npadding:0px 0px 0px 0px;\n}\n.responsive #top #wrap_all .flex_column.av-90tqx6-eaa5ac7582d09e611530123ff3df9007{\nmargin-top:0px;\nmargin-bottom:0px;\n}\n<\/style>\n<div  class='flex_column av-90tqx6-eaa5ac7582d09e611530123ff3df9007 av_two_third  avia-builder-el-18  el_after_av_hr  el_before_av_one_third  first flex_column_div av-zero-column-padding  '     ><section  class='av_textblock_section av-k6t9u9qf-8aa8302f23db86c480899c894fe2b675 '  ><div class='avia_textblock' ><p><span data-olk-copy-source=\"MessageBody\">Gesteigerter <\/span>Speichelfluss ist bei Babys und Kleinkindern bis zu einem Alter von 18 Monaten normal, da diese erst noch die Kontrolle \u00fcber Mund und Schluckapparat erlernen m\u00fcssen. In der Regel gibt es keinen vermehrten Speichelfluss mehr, wenn das Kind das Alter von vier Jahren erreicht hat. Kinder und Jugendliche, die von einer Zerebralparese oder anderen neurologischen Erkrankungen betroffen sind, zeigen jedoch oft weiterhin einen vermehrten Speichelfluss. Der medizinische Fachbegriff, den \u00c4rzte verwenden, ist \u201eSialorrh\u00f6\u201c, was mit \u201e\u00fcberflie\u00dfendem Speichel\u201c \u00fcbersetzt werden kann. In den meisten F\u00e4llen sind Schluckschwierigkeiten die Ursache f\u00fcr den chronischen vermehrten Speichelfluss, es gibt aber auch weitere Ursachen, so zum Beispiel eine fehlende Kontrolle \u00fcber Lippen und Zunge.<\/p>\n<p>Etwa 1 von 5 Kindern(1) und Jugendlichen mit Zerebralparese ist von chronischem vermehrtem Speichelfluss betroffen \u2013 also h\u00e4ufiges, mit Problemen behaftetes Speicheln, das die Gesundheit und\/oder das Wohlbefinden beeinflusst. Chronischer vermehrter Speichelfluss kann zu einer gereizten Haut im Bereich des Mundes, des Nackens und der Brust f\u00fchren. Auch Dehydrierung (Fl\u00fcssigkeitsmangel) und dadurch bedingt Harnwegsinfektionen oder Infektionen der Atemwege k\u00f6nnen die Folge sein. Kleidung und L\u00e4tzchen m\u00fcssen regelm\u00e4\u00dfig gewechselt werden, B\u00fccher und elektronische Ger\u00e4te k\u00f6nnen in Mitleidenschaft gezogen werden, auch kann ein unangenehmer Geruch entstehen. Junge Menschen mit chronischem vermehrtem Speichelfluss k\u00f6nnen Scham empfinden \u2013 so kann der chronische vermehrte Speichelfluss Einfluss haben auf Beziehungen zu anderen und das Selbstwertgef\u00fchl.<br \/>\nUm Kindern und Jugendlichen mit chronischem gesteigertem Speichelfluss eine bessere Kontrolle zu erm\u00f6glichen, wird zumeist eine Sprach- und Physiotherapie angeboten. Der vermehrte Speichelfluss kann durch eine verbesserte Kontrolle der Mundmuskulatur und auch das Erlernen eines h\u00e4ufigeren Schluckens reduziert werden. Falls n\u00f6tig stehen medikament\u00f6se Behandlungen zur Verf\u00fcgung.<\/p>\n<p>(1) Novak I, et al. JAMA Pediatr. 2017;171:897-907 (page 10)<\/p>\n<\/div><\/section><\/div>\n<style type=\"text\/css\" data-created_by=\"avia_inline_auto\" id=\"style-css-av-217j8q-4d8eb4fdd5f42efe04a7bb149bbb7504\">\n#top .flex_column.av-217j8q-4d8eb4fdd5f42efe04a7bb149bbb7504{\nmargin-top:0px;\nmargin-bottom:0px;\n}\n.flex_column.av-217j8q-4d8eb4fdd5f42efe04a7bb149bbb7504{\nborder-radius:0px 0px 0px 0px;\npadding:0px 0px 0px 0px;\n}\n.responsive #top #wrap_all .flex_column.av-217j8q-4d8eb4fdd5f42efe04a7bb149bbb7504{\nmargin-top:0px;\nmargin-bottom:0px;\n}\n<\/style>\n<div  class='flex_column av-217j8q-4d8eb4fdd5f42efe04a7bb149bbb7504 av_one_third  avia-builder-el-20  el_after_av_two_third  avia-builder-el-last  flex_column_div av-zero-column-padding  '     ><style type=\"text\/css\" data-created_by=\"avia_inline_auto\" id=\"style-css-av-kgqod8l9-3ed7dcc922cc0e71a0ee33ff24a21fe7\">\n.avia-image-container.av-kgqod8l9-3ed7dcc922cc0e71a0ee33ff24a21fe7 img.avia_image{\nbox-shadow:none;\n}\n.avia-image-container.av-kgqod8l9-3ed7dcc922cc0e71a0ee33ff24a21fe7 .av-image-caption-overlay-center{\ncolor:#ffffff;\n}\n<\/style>\n<div  class='avia-image-container av-kgqod8l9-3ed7dcc922cc0e71a0ee33ff24a21fe7 av-styling-no-styling avia_animated_image av-animated-when-visible-95 fade-in avia-align-  avia-builder-el-21  avia-builder-el-no-sibling '  ><div class=\"avia-image-container-inner\"><div class=\"avia-image-overlay-wrap\"><img decoding=\"async\" fetchpriority=\"high\" class='wp-image-6866 avia-img-lazy-loading-not-6866 avia_image ' src=\"https:\/\/www.proveca.com\/wp-content\/uploads\/2020\/10\/image001.jpg\" alt='' title='image001'  height=\"337\" width=\"450\" srcset=\"https:\/\/www.proveca.com\/wp-content\/uploads\/2020\/10\/image001.jpg 450w, https:\/\/www.proveca.com\/wp-content\/uploads\/2020\/10\/image001-300x225.jpg 300w\" sizes=\"(max-width: 450px) 100vw, 450px\" \/><\/div><\/div><\/div><\/div>\n<\/p>\n","protected":false},"excerpt":{"rendered":"","protected":false},"author":1,"featured_media":0,"parent":3746,"menu_order":0,"comment_status":"closed","ping_status":"closed","template":"","meta":{"footnotes":""},"class_list":["post-6884","page","type-page","status-publish","hentry"],"yoast_head":"<!-- This site is optimized with the Yoast SEO plugin v27.4 - https:\/\/yoast.com\/product\/yoast-seo-wordpress\/ -->\n<title>Chronischer, krankhaft vermehrter Speichelfluss bei Kindern - Proveca<\/title>\n<meta name=\"robots\" content=\"index, follow, max-snippet:-1, max-image-preview:large, max-video-preview:-1\" \/>\n<link rel=\"canonical\" href=\"https:\/\/www.proveca.com\/de\/therapiebereiche\/zerebralparese\/chronischer-speichelfluss-bei-kindern\/\" \/>\n<meta property=\"og:type\" content=\"article\" \/>\n<meta property=\"og:title\" content=\"Chronischer, krankhaft vermehrter Speichelfluss bei Kindern - Proveca\" \/>\n<meta property=\"og:url\" content=\"https:\/\/www.proveca.com\/de\/therapiebereiche\/zerebralparese\/chronischer-speichelfluss-bei-kindern\/\" \/>\n<meta property=\"og:site_name\" content=\"Proveca\" \/>\n<meta property=\"article:modified_time\" content=\"2024-10-09T10:24:20+00:00\" \/>\n<meta property=\"og:image\" content=\"https:\/\/www.proveca.com\/wp-content\/uploads\/2023\/02\/germany-flag-80x80.webp\" \/>\n<meta name=\"twitter:card\" content=\"summary_large_image\" \/>\n<meta name=\"twitter:label1\" content=\"Gesch\u00e4tzte Lesezeit\" \/>\n\t<meta name=\"twitter:data1\" content=\"4\u00a0Minuten\" \/>\n<script type=\"application\/ld+json\" class=\"yoast-schema-graph\">{\"@context\":\"https:\\\/\\\/schema.org\",\"@graph\":[{\"@type\":\"WebPage\",\"@id\":\"https:\\\/\\\/www.proveca.com\\\/de\\\/therapiebereiche\\\/zerebralparese\\\/chronischer-speichelfluss-bei-kindern\\\/\",\"url\":\"https:\\\/\\\/www.proveca.com\\\/de\\\/therapiebereiche\\\/zerebralparese\\\/chronischer-speichelfluss-bei-kindern\\\/\",\"name\":\"Chronischer, krankhaft vermehrter Speichelfluss bei Kindern - Proveca\",\"isPartOf\":{\"@id\":\"https:\\\/\\\/www.proveca.com\\\/de\\\/#website\"},\"primaryImageOfPage\":{\"@id\":\"https:\\\/\\\/www.proveca.com\\\/de\\\/therapiebereiche\\\/zerebralparese\\\/chronischer-speichelfluss-bei-kindern\\\/#primaryimage\"},\"image\":{\"@id\":\"https:\\\/\\\/www.proveca.com\\\/de\\\/therapiebereiche\\\/zerebralparese\\\/chronischer-speichelfluss-bei-kindern\\\/#primaryimage\"},\"thumbnailUrl\":\"https:\\\/\\\/www.proveca.com\\\/wp-content\\\/uploads\\\/2023\\\/02\\\/germany-flag-80x80.webp\",\"datePublished\":\"2020-10-26T17:05:43+00:00\",\"dateModified\":\"2024-10-09T10:24:20+00:00\",\"breadcrumb\":{\"@id\":\"https:\\\/\\\/www.proveca.com\\\/de\\\/therapiebereiche\\\/zerebralparese\\\/chronischer-speichelfluss-bei-kindern\\\/#breadcrumb\"},\"inLanguage\":\"de\",\"potentialAction\":[{\"@type\":\"ReadAction\",\"target\":[\"https:\\\/\\\/www.proveca.com\\\/de\\\/therapiebereiche\\\/zerebralparese\\\/chronischer-speichelfluss-bei-kindern\\\/\"]}]},{\"@type\":\"ImageObject\",\"inLanguage\":\"de\",\"@id\":\"https:\\\/\\\/www.proveca.com\\\/de\\\/therapiebereiche\\\/zerebralparese\\\/chronischer-speichelfluss-bei-kindern\\\/#primaryimage\",\"url\":\"https:\\\/\\\/www.proveca.com\\\/wp-content\\\/uploads\\\/2023\\\/02\\\/germany-flag-80x80.webp\",\"contentUrl\":\"https:\\\/\\\/www.proveca.com\\\/wp-content\\\/uploads\\\/2023\\\/02\\\/germany-flag-80x80.webp\"},{\"@type\":\"BreadcrumbList\",\"@id\":\"https:\\\/\\\/www.proveca.com\\\/de\\\/therapiebereiche\\\/zerebralparese\\\/chronischer-speichelfluss-bei-kindern\\\/#breadcrumb\",\"itemListElement\":[{\"@type\":\"ListItem\",\"position\":1,\"name\":\"Home\",\"item\":\"https:\\\/\\\/www.proveca.com\\\/de\\\/homepage\\\/\"},{\"@type\":\"ListItem\",\"position\":2,\"name\":\"Therapiebereiche\",\"item\":\"https:\\\/\\\/www.proveca.com\\\/de\\\/therapiebereiche\\\/\"},{\"@type\":\"ListItem\",\"position\":3,\"name\":\"Zerebralparese\",\"item\":\"https:\\\/\\\/www.proveca.com\\\/de\\\/therapiebereiche\\\/zerebralparese\\\/\"},{\"@type\":\"ListItem\",\"position\":4,\"name\":\"Chronischer, krankhaft vermehrter Speichelfluss bei Kindern\"}]},{\"@type\":\"WebSite\",\"@id\":\"https:\\\/\\\/www.proveca.com\\\/de\\\/#website\",\"url\":\"https:\\\/\\\/www.proveca.com\\\/de\\\/\",\"name\":\"Proveca\",\"description\":\"Medicines for children\",\"potentialAction\":[{\"@type\":\"SearchAction\",\"target\":{\"@type\":\"EntryPoint\",\"urlTemplate\":\"https:\\\/\\\/www.proveca.com\\\/de\\\/?s={search_term_string}\"},\"query-input\":{\"@type\":\"PropertyValueSpecification\",\"valueRequired\":true,\"valueName\":\"search_term_string\"}}],\"inLanguage\":\"de\"}]}<\/script>\n<!-- \/ Yoast SEO plugin. -->","yoast_head_json":{"title":"Chronischer, krankhaft vermehrter Speichelfluss bei Kindern - Proveca","robots":{"index":"index","follow":"follow","max-snippet":"max-snippet:-1","max-image-preview":"max-image-preview:large","max-video-preview":"max-video-preview:-1"},"canonical":"https:\/\/www.proveca.com\/de\/therapiebereiche\/zerebralparese\/chronischer-speichelfluss-bei-kindern\/","og_type":"article","og_title":"Chronischer, krankhaft vermehrter Speichelfluss bei Kindern - Proveca","og_url":"https:\/\/www.proveca.com\/de\/therapiebereiche\/zerebralparese\/chronischer-speichelfluss-bei-kindern\/","og_site_name":"Proveca","article_modified_time":"2024-10-09T10:24:20+00:00","og_image":[{"url":"https:\/\/www.proveca.com\/wp-content\/uploads\/2023\/02\/germany-flag-80x80.webp","type":"","width":"","height":""}],"twitter_card":"summary_large_image","twitter_misc":{"Gesch\u00e4tzte Lesezeit":"4\u00a0Minuten"},"schema":{"@context":"https:\/\/schema.org","@graph":[{"@type":"WebPage","@id":"https:\/\/www.proveca.com\/de\/therapiebereiche\/zerebralparese\/chronischer-speichelfluss-bei-kindern\/","url":"https:\/\/www.proveca.com\/de\/therapiebereiche\/zerebralparese\/chronischer-speichelfluss-bei-kindern\/","name":"Chronischer, krankhaft vermehrter Speichelfluss bei Kindern - Proveca","isPartOf":{"@id":"https:\/\/www.proveca.com\/de\/#website"},"primaryImageOfPage":{"@id":"https:\/\/www.proveca.com\/de\/therapiebereiche\/zerebralparese\/chronischer-speichelfluss-bei-kindern\/#primaryimage"},"image":{"@id":"https:\/\/www.proveca.com\/de\/therapiebereiche\/zerebralparese\/chronischer-speichelfluss-bei-kindern\/#primaryimage"},"thumbnailUrl":"https:\/\/www.proveca.com\/wp-content\/uploads\/2023\/02\/germany-flag-80x80.webp","datePublished":"2020-10-26T17:05:43+00:00","dateModified":"2024-10-09T10:24:20+00:00","breadcrumb":{"@id":"https:\/\/www.proveca.com\/de\/therapiebereiche\/zerebralparese\/chronischer-speichelfluss-bei-kindern\/#breadcrumb"},"inLanguage":"de","potentialAction":[{"@type":"ReadAction","target":["https:\/\/www.proveca.com\/de\/therapiebereiche\/zerebralparese\/chronischer-speichelfluss-bei-kindern\/"]}]},{"@type":"ImageObject","inLanguage":"de","@id":"https:\/\/www.proveca.com\/de\/therapiebereiche\/zerebralparese\/chronischer-speichelfluss-bei-kindern\/#primaryimage","url":"https:\/\/www.proveca.com\/wp-content\/uploads\/2023\/02\/germany-flag-80x80.webp","contentUrl":"https:\/\/www.proveca.com\/wp-content\/uploads\/2023\/02\/germany-flag-80x80.webp"},{"@type":"BreadcrumbList","@id":"https:\/\/www.proveca.com\/de\/therapiebereiche\/zerebralparese\/chronischer-speichelfluss-bei-kindern\/#breadcrumb","itemListElement":[{"@type":"ListItem","position":1,"name":"Home","item":"https:\/\/www.proveca.com\/de\/homepage\/"},{"@type":"ListItem","position":2,"name":"Therapiebereiche","item":"https:\/\/www.proveca.com\/de\/therapiebereiche\/"},{"@type":"ListItem","position":3,"name":"Zerebralparese","item":"https:\/\/www.proveca.com\/de\/therapiebereiche\/zerebralparese\/"},{"@type":"ListItem","position":4,"name":"Chronischer, krankhaft vermehrter Speichelfluss bei Kindern"}]},{"@type":"WebSite","@id":"https:\/\/www.proveca.com\/de\/#website","url":"https:\/\/www.proveca.com\/de\/","name":"Proveca","description":"Medicines for children","potentialAction":[{"@type":"SearchAction","target":{"@type":"EntryPoint","urlTemplate":"https:\/\/www.proveca.com\/de\/?s={search_term_string}"},"query-input":{"@type":"PropertyValueSpecification","valueRequired":true,"valueName":"search_term_string"}}],"inLanguage":"de"}]}},"_links":{"self":[{"href":"https:\/\/www.proveca.com\/de\/wp-json\/wp\/v2\/pages\/6884","targetHints":{"allow":["GET"]}}],"collection":[{"href":"https:\/\/www.proveca.com\/de\/wp-json\/wp\/v2\/pages"}],"about":[{"href":"https:\/\/www.proveca.com\/de\/wp-json\/wp\/v2\/types\/page"}],"author":[{"embeddable":true,"href":"https:\/\/www.proveca.com\/de\/wp-json\/wp\/v2\/users\/1"}],"replies":[{"embeddable":true,"href":"https:\/\/www.proveca.com\/de\/wp-json\/wp\/v2\/comments?post=6884"}],"version-history":[{"count":9,"href":"https:\/\/www.proveca.com\/de\/wp-json\/wp\/v2\/pages\/6884\/revisions"}],"predecessor-version":[{"id":16976,"href":"https:\/\/www.proveca.com\/de\/wp-json\/wp\/v2\/pages\/6884\/revisions\/16976"}],"up":[{"embeddable":true,"href":"https:\/\/www.proveca.com\/de\/wp-json\/wp\/v2\/pages\/3746"}],"wp:attachment":[{"href":"https:\/\/www.proveca.com\/de\/wp-json\/wp\/v2\/media?parent=6884"}],"curies":[{"name":"wp","href":"https:\/\/api.w.org\/{rel}","templated":true}]}}