{"id":15589,"date":"2023-09-09T06:37:02","date_gmt":"2023-09-09T06:37:02","guid":{"rendered":"https:\/\/www.staging.proveca.com\/?page_id=15589"},"modified":"2023-11-06T17:24:06","modified_gmt":"2023-11-06T17:24:06","slug":"homepage-2","status":"publish","type":"page","link":"https:\/\/www.proveca.com\/fr\/","title":{"rendered":"Homepage"},"content":{"rendered":"<div id='layer_slider_1'  class='avia-layerslider main_color avia-shadow  avia-builder-el-0  el_before_av_section  avia-builder-el-first  container_wrap fullsize'  style='height: 521px;'  ><\/div>\n\n<style type=\"text\/css\" data-created_by=\"avia_inline_auto\" id=\"style-css-av-kwm4enw6-601bc05c8206d08101178b6d1e494935\">\n.avia-section.av-kwm4enw6-601bc05c8206d08101178b6d1e494935{\nbackground-color:#2d578b;\nbackground:linear-gradient( to right, #2d578b, #2788c8 );\n}\n<\/style>\n<div id='av_section_1'  class='avia-section av-kwm4enw6-601bc05c8206d08101178b6d1e494935 main_color avia-section-large avia-no-border-styling  avia-builder-el-1  el_after_av_layerslider  el_before_av_section  avia-bg-style-scroll container_wrap fullsize'  ><div class='container av-section-cont-open' ><div class='template-page content  av-content-full alpha units'><div class='post-entry post-entry-type-page post-entry-15589'><div class='entry-content-wrapper clearfix'>\n<div class='flex_column_table av-911ma6-e6371b21f612aa51c145b48423401347 sc-av_one_half av-break-at-tablet-flextable av-equal-height-column-flextable'>\n<style type=\"text\/css\" data-created_by=\"avia_inline_auto\" id=\"style-css-av-911ma6-e6371b21f612aa51c145b48423401347\">\n.flex_column.av-911ma6-e6371b21f612aa51c145b48423401347{\nwidth:48.5%;\nmargin-left:0;\npadding:20px 20px 20px 20px;\n}\n#top .flex_column_table.av-equal-height-column-flextable.av-911ma6-e6371b21f612aa51c145b48423401347 .av-flex-placeholder{\nwidth:3%;\n}\n<\/style>\n<div  class='flex_column av-911ma6-e6371b21f612aa51c145b48423401347 av_one_half  avia-builder-el-2  el_before_av_one_half  avia-builder-el-first  hp_top_ctas first av-break-at-tablet flex_column_table_cell av-equal-height-column av-align-top  '     ><p>\n<style type=\"text\/css\" data-created_by=\"avia_inline_auto\" id=\"style-css-av-aax4if-3b64e1b9b92c6efb06f3f192847840ca\">\n#top .av-special-heading.av-aax4if-3b64e1b9b92c6efb06f3f192847840ca{\npadding-bottom:0;\n}\nbody .av-special-heading.av-aax4if-3b64e1b9b92c6efb06f3f192847840ca .av-special-heading-tag .heading-char{\nfont-size:25px;\n}\n.av-special-heading.av-aax4if-3b64e1b9b92c6efb06f3f192847840ca .av-subheading{\nfont-size:15px;\n}\n<\/style>\n<div  class='av-special-heading av-aax4if-3b64e1b9b92c6efb06f3f192847840ca av-special-heading-h3  avia-builder-el-3  el_before_av_textblock  avia-builder-el-first '><h3 class='av-special-heading-tag '  >\u00c0 propos de Proveca<\/h3><div class=\"special-heading-border\"><div class=\"special-heading-inner-border\"><\/div><\/div><\/div><br \/>\n<section  class='av_textblock_section av-9orl3b-be9c43a1eee55a0ff10237f605e29662 '  ><div class='avia_textblock' ><p>Proveca est une famille de pionniers passionn\u00e9s sp\u00e9cialis\u00e9s dans la conception et l\u2019homologation de m\u00e9dicaments p\u00e9diatriques.<\/p>\n<\/div><\/section><br \/>\n\n<style type=\"text\/css\" data-created_by=\"avia_inline_auto\" id=\"style-css-av-6lryhz-336c377c2624dc72caa5154ba1b2794c\">\n#top .hr.hr-invisible.av-6lryhz-336c377c2624dc72caa5154ba1b2794c{\nheight:40px;\n}\n<\/style>\n<div  class='hr av-6lryhz-336c377c2624dc72caa5154ba1b2794c hr-invisible  avia-builder-el-5  el_after_av_textblock  el_before_av_button '><span class='hr-inner '><span class=\"hr-inner-style\"><\/span><\/span><\/div><br \/>\n<div  class='avia-button-wrap av-k7xj3278-7e00e69a70c8cf0eb4f4d13a5e3ea1a4-wrap avia-button-left  avia-builder-el-6  el_after_av_hr  avia-builder-el-last '><a href='https:\/\/www.proveca.com\/fr\/qui-sommes-nous\/'  class='avia-button av-k7xj3278-7e00e69a70c8cf0eb4f4d13a5e3ea1a4 av-link-btn avia-icon_select-yes-left-icon avia-size-small avia-position-left av-icon-on-hover avia-color-dark'   aria-label=\"EN SAVOIR PLUS\"><span class='avia_button_icon avia_button_icon_left avia-iconfont avia-font-entypo-fontello' data-av_icon='\ue875' data-av_iconfont='entypo-fontello' ><\/span><span class='avia_iconbox_title' >EN SAVOIR PLUS<\/span><\/a><\/div><\/p><\/div><div class='av-flex-placeholder'><\/div>\n<style type=\"text\/css\" data-created_by=\"avia_inline_auto\" id=\"style-css-av-2qkljr-421a5269cec3148a8c5ff57eb3be9e99\">\n.flex_column.av-2qkljr-421a5269cec3148a8c5ff57eb3be9e99{\nwidth:48.5%;\nmargin-left:0;\npadding:20px 20px 20px 20px;\n}\n#top .flex_column_table.av-equal-height-column-flextable.av-2qkljr-421a5269cec3148a8c5ff57eb3be9e99 .av-flex-placeholder{\nwidth:3%;\n}\n<\/style>\n<div  class='flex_column av-2qkljr-421a5269cec3148a8c5ff57eb3be9e99 av_one_half  avia-builder-el-7  el_after_av_one_half  avia-builder-el-last  hp_top_ctas av-break-at-tablet flex_column_table_cell av-equal-height-column av-align-top  '     ><p>\n<style type=\"text\/css\" data-created_by=\"avia_inline_auto\" id=\"style-css-av-7cpe6v-3d9e626738e024b913aa38dd1704af6f\">\n#top .av-special-heading.av-7cpe6v-3d9e626738e024b913aa38dd1704af6f{\npadding-bottom:0;\n}\nbody .av-special-heading.av-7cpe6v-3d9e626738e024b913aa38dd1704af6f .av-special-heading-tag .heading-char{\nfont-size:25px;\n}\n.av-special-heading.av-7cpe6v-3d9e626738e024b913aa38dd1704af6f .av-subheading{\nfont-size:15px;\n}\n<\/style>\n<div  class='av-special-heading av-7cpe6v-3d9e626738e024b913aa38dd1704af6f av-special-heading-h3  avia-builder-el-8  el_before_av_textblock  avia-builder-el-first '><h3 class='av-special-heading-tag '  >Domaines th\u00e9rapeutiques<\/h3><div class=\"special-heading-border\"><div class=\"special-heading-inner-border\"><\/div><\/div><\/div><br \/>\n<section  class='av_textblock_section av-61a053-232fc506861d775005d441f4f187b649 '  ><div class='avia_textblock' ><p>Proveca travaille actuellement dans 3 domaines th\u00e9rapeutiques : la paralysie c\u00e9r\u00e9brale, l\u2019\u00e9pilepsie et l\u2019insuffisance cardiaque.<\/p>\n<\/div><\/section><br \/>\n\n<style type=\"text\/css\" data-created_by=\"avia_inline_auto\" id=\"style-css-av-3tiznr-d7d198aadcbb88c4b4ebb4eded0cc66a\">\n#top .hr.hr-invisible.av-3tiznr-d7d198aadcbb88c4b4ebb4eded0cc66a{\nheight:40px;\n}\n<\/style>\n<div  class='hr av-3tiznr-d7d198aadcbb88c4b4ebb4eded0cc66a hr-invisible  avia-builder-el-10  el_after_av_textblock  el_before_av_button '><span class='hr-inner '><span class=\"hr-inner-style\"><\/span><\/span><\/div><br \/>\n<div  class='avia-button-wrap av-k7xj3278-41438bb2900879e242d7a07d23dbf1eb-wrap avia-button-left  avia-builder-el-11  el_after_av_hr  avia-builder-el-last '><a href='https:\/\/www.proveca.com\/fr\/domaines-therapeutiques\/'  class='avia-button av-k7xj3278-41438bb2900879e242d7a07d23dbf1eb av-link-btn avia-icon_select-yes-left-icon avia-size-small avia-position-left av-icon-on-hover avia-color-dark'   aria-label=\"EN SAVOIR PLUS\"><span class='avia_button_icon avia_button_icon_left avia-iconfont avia-font-entypo-fontello' data-av_icon='\ue875' data-av_iconfont='entypo-fontello' ><\/span><span class='avia_iconbox_title' >EN SAVOIR PLUS<\/span><\/a><\/div><\/p><\/div><\/div><!--close column table wrapper. Autoclose: 1 -->\n\n<\/div><\/div><\/div><!-- close content main div --><\/div><\/div><div id='av_section_2'  class='avia-section av-kwn59c03-e7b73d356372c68f4246de00e1e0cd0f main_color avia-section-large avia-no-border-styling  avia-builder-el-12  el_after_av_section  avia-builder-el-last  hp_copy_one invest_mid avia-bg-style-scroll container_wrap fullsize'  ><div class='container av-section-cont-open' ><div class='template-page content  av-content-full alpha units'><div class='post-entry post-entry-type-page post-entry-15589'><div class='entry-content-wrapper clearfix'>\n<div  class='flex_column av-2yl3cn-b254c39e9887e26c98ba1fdd0185cbc7 av_one_full  avia-builder-el-13  el_before_av_one_half  avia-builder-el-first  first flex_column_div  '     ><style type=\"text\/css\" data-created_by=\"avia_inline_auto\" id=\"style-css-av-kwm5hpu1-fa14fb0b11ccbf54b4c8c5ac829afeb7\">\n#top .av-special-heading.av-kwm5hpu1-fa14fb0b11ccbf54b4c8c5ac829afeb7{\nmargin:0 0 -20px 0;\npadding-bottom:0;\n}\nbody .av-special-heading.av-kwm5hpu1-fa14fb0b11ccbf54b4c8c5ac829afeb7 .av-special-heading-tag .heading-char{\nfont-size:25px;\n}\n.av-special-heading.av-kwm5hpu1-fa14fb0b11ccbf54b4c8c5ac829afeb7 .av-subheading{\nfont-size:15px;\n}\n<\/style>\n<div  class='av-special-heading av-kwm5hpu1-fa14fb0b11ccbf54b4c8c5ac829afeb7 av-special-heading-h1 blockquote modern-quote  avia-builder-el-14  avia-builder-el-no-sibling  hp_h1'><h1 class='av-special-heading-tag '  >Des m\u00e9dicaments pour les enfants<\/h1><div class=\"special-heading-border\"><div class=\"special-heading-inner-border\"><\/div><\/div><\/div><\/div><div  class='flex_column av-av_one_half-82c421f339a928a8ac690ceea3cff6cb av_one_half  avia-builder-el-15  el_after_av_one_full  el_before_av_one_half  first flex_column_div  column-top-margin'     ><section  class='av_textblock_section av-loedespw-45e33aca6e1596960a104e9202354588 '  ><div class='avia_textblock hp_copy_one_mid' ><p><strong>Proveca Ltd est une soci\u00e9t\u00e9 pharmaceutique bas\u00e9e au Royaume-Uni, sp\u00e9cialis\u00e9e dans le d\u00e9veloppement et l\u2019obtention d\u2019AMM pour des m\u00e9dicaments p\u00e9diatriques destin\u00e9s \u00e0 r\u00e9pondre \u00e0 des besoins m\u00e9dicaux non satisfaits chez les enfants.<\/strong><\/p>\n<p>Proveca se positionne comme leader dans l\u2019homologation des m\u00e9dicaments p\u00e9diatriques en utilisant le cadre r\u00e9glementaire europ\u00e9en et le processus d\u2019autorisation de mise sur le march\u00e9 en vue d\u2019un usage p\u00e9diatrique (PUMA). Cette r\u00e9glementation a \u00e9t\u00e9 pr\u00e9cis\u00e9ment con\u00e7ue pour augmenter le d\u00e9veloppment du nombre de m\u00e9dicaments autoris\u00e9s chez les enfants \u00e0 partir de mol\u00e9cules qui ne sont plus couvertes par un brevet.<\/p>\n<p>Proveca a travaill\u00e9 en collaboration avec le comit\u00e9 p\u00e9diatrique de l\u2019Agence europ\u00e9enne des m\u00e9dicaments pour obtenir une PUMA en septembre 2016.<\/p>\n<\/div><\/section><\/div><div  class='flex_column av-av_one_half-838c76ee294fa093a17e94dc54512b24 av_one_half  avia-builder-el-17  el_after_av_one_half  el_before_av_one_half  flex_column_div  column-top-margin'     ><section  class='av_textblock_section av-loedf2rf-603cfcc9bb07c329209304be93b1fd49 '  ><div class='avia_textblock hp_copy_one_mid' ><p>L\u2019objectif de l\u2019\u00e9quipe dynamique et exp\u00e9riment\u00e9e de Proveca est d\u2019am\u00e9liorer la vie des enfants, car ils sont nombreux \u00e0 devoir suivre un traitement m\u00e9dicamenteux de longue dur\u00e9e pour des maladies chroniques..<\/p>\n<p>En travaillant avec des cliniciens, des parents, des soignants et des enfants, Proveca ouvre la voie \u00e0 la mise \u00e0 disposition de m\u00e9dicaments p\u00e9diatriques, avec une AMM, adapt\u00e9s aux besoins sp\u00e9cifiques des enfants..<\/p>\n<p>Si vous avez besoin d\u2019une aide suppl\u00e9mentaire, veuillez consulter la page Contact. Si vous souhaitez signaler un effet secondaire ou si vous avez des doutes concernant nos produits, rendez-vous sur la page <a href=\"https:\/\/www.proveca.com\/fr\/signaler-un-probleme\/\">Signaler un probl\u00e8me<\/a>.<\/p>\n<\/div><\/section><\/div><div class='flex_column_table av-h2luev-3495f45d73cac98b0d3d77475f3fd61f sc-av_one_half av-equal-height-column-flextable'>\n<style type=\"text\/css\" data-created_by=\"avia_inline_auto\" id=\"style-css-av-h2luev-3495f45d73cac98b0d3d77475f3fd61f\">\n.flex_column.av-h2luev-3495f45d73cac98b0d3d77475f3fd61f{\nwidth:48%;\nmargin-left:0;\npadding:20px 20px 20px 20px;\nbackground-color:#ecf2f6;\n}\n#top .flex_column_table.av-equal-height-column-flextable.av-h2luev-3495f45d73cac98b0d3d77475f3fd61f .av-flex-placeholder{\nwidth:4%;\n}\n<\/style>\n<div  class='flex_column av-h2luev-3495f45d73cac98b0d3d77475f3fd61f av_one_half  avia-builder-el-19  el_after_av_one_half  el_before_av_one_half  hp_top_ctas hp_inv_part first flex_column_table_cell av-equal-height-column av-align-top  column-top-margin'     ><p>\n<style type=\"text\/css\" data-created_by=\"avia_inline_auto\" id=\"style-css-av-g6v0fr-4313d58210f5e1957d14bfc55ef64c4b\">\n#top .av-special-heading.av-g6v0fr-4313d58210f5e1957d14bfc55ef64c4b{\npadding-bottom:0;\n}\nbody .av-special-heading.av-g6v0fr-4313d58210f5e1957d14bfc55ef64c4b .av-special-heading-tag .heading-char{\nfont-size:25px;\n}\n.av-special-heading.av-g6v0fr-4313d58210f5e1957d14bfc55ef64c4b .av-subheading{\nfont-size:15px;\n}\n<\/style>\n<div  class='av-special-heading av-g6v0fr-4313d58210f5e1957d14bfc55ef64c4b av-special-heading-h3  avia-builder-el-20  el_before_av_textblock  avia-builder-el-first '><h3 class='av-special-heading-tag '  >Patients<\/h3><div class=\"special-heading-border\"><div class=\"special-heading-inner-border\"><\/div><\/div><\/div><br \/>\n\n<style type=\"text\/css\" data-created_by=\"avia_inline_auto\" id=\"style-css-av-965cn-b916b86d2a5171887cfbabca2c144bf0\">\n#top .av_textblock_section.av-965cn-b916b86d2a5171887cfbabca2c144bf0 .avia_textblock{\ncolor:#ffffff;\n}\n<\/style>\n<section  class='av_textblock_section av-965cn-b916b86d2a5171887cfbabca2c144bf0 '  ><div class='avia_textblock av_inherit_color' ><p>En savoir plus sur les m\u00e9dicaments p\u00e9diatriques.<\/p>\n<\/div><\/section><br \/>\n<div  class='avia-button-wrap av-7526f-5b9dafb0ddbe1af602951e2fe56bf936-wrap avia-button-right  avia-builder-el-22  el_after_av_textblock  avia-builder-el-last  investor_team_link'><a href='https:\/\/www.proveca.com\/fr\/qui-sommes-nous\/'  class='avia-button av-7526f-5b9dafb0ddbe1af602951e2fe56bf936 av-link-btn avia-icon_select-yes-left-icon avia-size-small avia-position-right av-icon-on-hover avia-color-dark'   aria-label=\"En savoir plus\"><span class='avia_button_icon avia_button_icon_left avia-iconfont avia-font-entypo-fontello' data-av_icon='\ue879' data-av_iconfont='entypo-fontello' ><\/span><span class='avia_iconbox_title' >En savoir plus<\/span><\/a><\/div><\/p><\/div><div class='av-flex-placeholder'><\/div>\n<style type=\"text\/css\" data-created_by=\"avia_inline_auto\" id=\"style-css-av-dfp9mv-03be519d37ac26aba8509bd8589da56b\">\n.flex_column.av-dfp9mv-03be519d37ac26aba8509bd8589da56b{\nwidth:48%;\nmargin-left:0;\npadding:20px 20px 20px 20px;\nbackground-color:#ecf2f6;\n}\n#top .flex_column_table.av-equal-height-column-flextable.av-dfp9mv-03be519d37ac26aba8509bd8589da56b .av-flex-placeholder{\nwidth:4%;\n}\n<\/style>\n<div  class='flex_column av-dfp9mv-03be519d37ac26aba8509bd8589da56b av_one_half  avia-builder-el-23  el_after_av_one_half  avia-builder-el-last  hp_top_ctas hp_inv_part flex_column_table_cell av-equal-height-column av-align-top  column-top-margin'     ><p>\n<style type=\"text\/css\" data-created_by=\"avia_inline_auto\" id=\"style-css-av-cfym6v-88cd6d85e90c8a9906ff78300653180c\">\n#top .av-special-heading.av-cfym6v-88cd6d85e90c8a9906ff78300653180c{\npadding-bottom:0;\n}\nbody .av-special-heading.av-cfym6v-88cd6d85e90c8a9906ff78300653180c .av-special-heading-tag .heading-char{\nfont-size:25px;\n}\n.av-special-heading.av-cfym6v-88cd6d85e90c8a9906ff78300653180c .av-subheading{\nfont-size:15px;\n}\n<\/style>\n<div  class='av-special-heading av-cfym6v-88cd6d85e90c8a9906ff78300653180c av-special-heading-h3  avia-builder-el-24  el_before_av_textblock  avia-builder-el-first '><h3 class='av-special-heading-tag '  >Investisseurs<\/h3><div class=\"special-heading-border\"><div class=\"special-heading-inner-border\"><\/div><\/div><\/div><br \/>\n\n<style type=\"text\/css\" data-created_by=\"avia_inline_auto\" id=\"style-css-av-kwnah6rq-7a47313ee049c7f94730f8d50fe992cc\">\n#top .av_textblock_section.av-kwnah6rq-7a47313ee049c7f94730f8d50fe992cc .avia_textblock{\ncolor:#ffffff;\n}\n<\/style>\n<section  class='av_textblock_section av-kwnah6rq-7a47313ee049c7f94730f8d50fe992cc '  ><div class='avia_textblock av_inherit_color' ><p>Informations pour les investisseurs ou les relations presse.<\/p>\n<\/div><\/section><br \/>\n<div  class='avia-button-wrap av-kwnavxwq-8b34601538a711cc6bee38582cc1325a-wrap avia-button-right  avia-builder-el-26  el_after_av_textblock  avia-builder-el-last  investor_team_link'><a href='\/investors\/'  class='avia-button av-kwnavxwq-8b34601538a711cc6bee38582cc1325a av-link-btn avia-icon_select-yes-left-icon avia-size-small avia-position-right av-icon-on-hover avia-color-dark'   aria-label=\"Plus d\u2019informations\"><span class='avia_button_icon avia_button_icon_left avia-iconfont avia-font-entypo-fontello' data-av_icon='\ue879' data-av_iconfont='entypo-fontello' ><\/span><span class='avia_iconbox_title' >Plus d\u2019informations<\/span><\/a><\/div><\/p><\/div><\/div><!--close column table wrapper. Autoclose: 1 -->\n","protected":false},"excerpt":{"rendered":"","protected":false},"author":1,"featured_media":0,"parent":0,"menu_order":0,"comment_status":"closed","ping_status":"closed","template":"","meta":{"footnotes":""},"class_list":["post-15589","page","type-page","status-publish","hentry"],"yoast_head":"<!-- This site is optimized with the Yoast SEO plugin v27.3 - https:\/\/yoast.com\/product\/yoast-seo-wordpress\/ -->\n<title>Proveca, une soci\u00e9t\u00e9 pharmaceutique sp\u00e9cialis\u00e9e dans les m\u00e9dicaments pour enfants<\/title>\n<meta name=\"description\" content=\"Proveca est une soci\u00e9t\u00e9 pharmaceutique europ\u00e9enne bas\u00e9e au Royaume-Uni, sp\u00e9cialis\u00e9e dans le d\u00e9veloppement et l\u2019obtentionune autorisation de mise sur le march\u00e9 (AMM) pour des m\u00e9dicaments p\u00e9diatriques au sein de divers domaines th\u00e9rapeutiques. En savoir plus.\" \/>\n<meta name=\"robots\" content=\"index, follow, max-snippet:-1, max-image-preview:large, max-video-preview:-1\" \/>\n<link rel=\"canonical\" href=\"https:\/\/www.proveca.com\/fr\/\" \/>\n<meta property=\"og:type\" content=\"article\" \/>\n<meta property=\"og:title\" content=\"Proveca, une soci\u00e9t\u00e9 pharmaceutique sp\u00e9cialis\u00e9e dans les m\u00e9dicaments pour enfants\" \/>\n<meta property=\"og:description\" content=\"Proveca est une soci\u00e9t\u00e9 pharmaceutique europ\u00e9enne bas\u00e9e au Royaume-Uni, sp\u00e9cialis\u00e9e dans le d\u00e9veloppement et l\u2019obtentionune autorisation de mise sur le march\u00e9 (AMM) pour des m\u00e9dicaments p\u00e9diatriques au sein de divers domaines th\u00e9rapeutiques. En savoir plus.\" \/>\n<meta property=\"og:url\" content=\"https:\/\/www.proveca.com\/fr\/\" \/>\n<meta property=\"og:site_name\" content=\"Proveca\" \/>\n<meta property=\"article:modified_time\" content=\"2023-11-06T17:24:06+00:00\" \/>\n<meta name=\"twitter:card\" content=\"summary_large_image\" \/>\n<meta name=\"twitter:label1\" content=\"Dur\u00e9e de lecture estim\u00e9e\" \/>\n\t<meta name=\"twitter:data1\" content=\"9 minutes\" \/>\n<script type=\"application\/ld+json\" class=\"yoast-schema-graph\">{\"@context\":\"https:\\\/\\\/schema.org\",\"@graph\":[{\"@type\":\"WebPage\",\"@id\":\"https:\\\/\\\/www.proveca.com\\\/fr\\\/\",\"url\":\"https:\\\/\\\/www.proveca.com\\\/fr\\\/\",\"name\":\"Proveca, une soci\u00e9t\u00e9 pharmaceutique sp\u00e9cialis\u00e9e dans les m\u00e9dicaments pour enfants\",\"isPartOf\":{\"@id\":\"https:\\\/\\\/www.proveca.com\\\/fr\\\/#website\"},\"datePublished\":\"2023-09-09T06:37:02+00:00\",\"dateModified\":\"2023-11-06T17:24:06+00:00\",\"description\":\"Proveca est une soci\u00e9t\u00e9 pharmaceutique europ\u00e9enne bas\u00e9e au Royaume-Uni, sp\u00e9cialis\u00e9e dans le d\u00e9veloppement et l\u2019obtentionune autorisation de mise sur le march\u00e9 (AMM) pour des m\u00e9dicaments p\u00e9diatriques au sein de divers domaines th\u00e9rapeutiques. En savoir plus.\",\"breadcrumb\":{\"@id\":\"https:\\\/\\\/www.proveca.com\\\/fr\\\/#breadcrumb\"},\"inLanguage\":\"fr-FR\",\"potentialAction\":[{\"@type\":\"ReadAction\",\"target\":[\"https:\\\/\\\/www.proveca.com\\\/fr\\\/\"]}]},{\"@type\":\"BreadcrumbList\",\"@id\":\"https:\\\/\\\/www.proveca.com\\\/fr\\\/#breadcrumb\",\"itemListElement\":[{\"@type\":\"ListItem\",\"position\":1,\"name\":\"Home\",\"item\":\"https:\\\/\\\/www.proveca.com\\\/fr\\\/homepage-2\\\/\"},{\"@type\":\"ListItem\",\"position\":2,\"name\":\"Homepage\"}]},{\"@type\":\"WebSite\",\"@id\":\"https:\\\/\\\/www.proveca.com\\\/fr\\\/#website\",\"url\":\"https:\\\/\\\/www.proveca.com\\\/fr\\\/\",\"name\":\"Proveca\",\"description\":\"Medicines for children\",\"potentialAction\":[{\"@type\":\"SearchAction\",\"target\":{\"@type\":\"EntryPoint\",\"urlTemplate\":\"https:\\\/\\\/www.proveca.com\\\/fr\\\/?s={search_term_string}\"},\"query-input\":{\"@type\":\"PropertyValueSpecification\",\"valueRequired\":true,\"valueName\":\"search_term_string\"}}],\"inLanguage\":\"fr-FR\"}]}<\/script>\n<!-- \/ Yoast SEO plugin. -->","yoast_head_json":{"title":"Proveca, une soci\u00e9t\u00e9 pharmaceutique sp\u00e9cialis\u00e9e dans les m\u00e9dicaments pour enfants","description":"Proveca est une soci\u00e9t\u00e9 pharmaceutique europ\u00e9enne bas\u00e9e au Royaume-Uni, sp\u00e9cialis\u00e9e dans le d\u00e9veloppement et l\u2019obtentionune autorisation de mise sur le march\u00e9 (AMM) pour des m\u00e9dicaments p\u00e9diatriques au sein de divers domaines th\u00e9rapeutiques. En savoir plus.","robots":{"index":"index","follow":"follow","max-snippet":"max-snippet:-1","max-image-preview":"max-image-preview:large","max-video-preview":"max-video-preview:-1"},"canonical":"https:\/\/www.proveca.com\/fr\/","og_type":"article","og_title":"Proveca, une soci\u00e9t\u00e9 pharmaceutique sp\u00e9cialis\u00e9e dans les m\u00e9dicaments pour enfants","og_description":"Proveca est une soci\u00e9t\u00e9 pharmaceutique europ\u00e9enne bas\u00e9e au Royaume-Uni, sp\u00e9cialis\u00e9e dans le d\u00e9veloppement et l\u2019obtentionune autorisation de mise sur le march\u00e9 (AMM) pour des m\u00e9dicaments p\u00e9diatriques au sein de divers domaines th\u00e9rapeutiques. En savoir plus.","og_url":"https:\/\/www.proveca.com\/fr\/","og_site_name":"Proveca","article_modified_time":"2023-11-06T17:24:06+00:00","twitter_card":"summary_large_image","twitter_misc":{"Dur\u00e9e de lecture estim\u00e9e":"9 minutes"},"schema":{"@context":"https:\/\/schema.org","@graph":[{"@type":"WebPage","@id":"https:\/\/www.proveca.com\/fr\/","url":"https:\/\/www.proveca.com\/fr\/","name":"Proveca, une soci\u00e9t\u00e9 pharmaceutique sp\u00e9cialis\u00e9e dans les m\u00e9dicaments pour enfants","isPartOf":{"@id":"https:\/\/www.proveca.com\/fr\/#website"},"datePublished":"2023-09-09T06:37:02+00:00","dateModified":"2023-11-06T17:24:06+00:00","description":"Proveca est une soci\u00e9t\u00e9 pharmaceutique europ\u00e9enne bas\u00e9e au Royaume-Uni, sp\u00e9cialis\u00e9e dans le d\u00e9veloppement et l\u2019obtentionune autorisation de mise sur le march\u00e9 (AMM) pour des m\u00e9dicaments p\u00e9diatriques au sein de divers domaines th\u00e9rapeutiques. En savoir plus.","breadcrumb":{"@id":"https:\/\/www.proveca.com\/fr\/#breadcrumb"},"inLanguage":"fr-FR","potentialAction":[{"@type":"ReadAction","target":["https:\/\/www.proveca.com\/fr\/"]}]},{"@type":"BreadcrumbList","@id":"https:\/\/www.proveca.com\/fr\/#breadcrumb","itemListElement":[{"@type":"ListItem","position":1,"name":"Home","item":"https:\/\/www.proveca.com\/fr\/homepage-2\/"},{"@type":"ListItem","position":2,"name":"Homepage"}]},{"@type":"WebSite","@id":"https:\/\/www.proveca.com\/fr\/#website","url":"https:\/\/www.proveca.com\/fr\/","name":"Proveca","description":"Medicines for children","potentialAction":[{"@type":"SearchAction","target":{"@type":"EntryPoint","urlTemplate":"https:\/\/www.proveca.com\/fr\/?s={search_term_string}"},"query-input":{"@type":"PropertyValueSpecification","valueRequired":true,"valueName":"search_term_string"}}],"inLanguage":"fr-FR"}]}},"_links":{"self":[{"href":"https:\/\/www.proveca.com\/fr\/wp-json\/wp\/v2\/pages\/15589","targetHints":{"allow":["GET"]}}],"collection":[{"href":"https:\/\/www.proveca.com\/fr\/wp-json\/wp\/v2\/pages"}],"about":[{"href":"https:\/\/www.proveca.com\/fr\/wp-json\/wp\/v2\/types\/page"}],"author":[{"embeddable":true,"href":"https:\/\/www.proveca.com\/fr\/wp-json\/wp\/v2\/users\/1"}],"replies":[{"embeddable":true,"href":"https:\/\/www.proveca.com\/fr\/wp-json\/wp\/v2\/comments?post=15589"}],"version-history":[{"count":8,"href":"https:\/\/www.proveca.com\/fr\/wp-json\/wp\/v2\/pages\/15589\/revisions"}],"predecessor-version":[{"id":16095,"href":"https:\/\/www.proveca.com\/fr\/wp-json\/wp\/v2\/pages\/15589\/revisions\/16095"}],"wp:attachment":[{"href":"https:\/\/www.proveca.com\/fr\/wp-json\/wp\/v2\/media?parent=15589"}],"curies":[{"name":"wp","href":"https:\/\/api.w.org\/{rel}","templated":true}]}}