{"id":9851,"date":"2023-01-16T20:49:43","date_gmt":"2023-01-16T20:49:43","guid":{"rendered":"https:\/\/www.proveca.com\/?page_id=9851"},"modified":"2025-11-10T12:47:31","modified_gmt":"2025-11-10T12:47:31","slug":"nouscontacter","status":"publish","type":"page","link":"https:\/\/www.proveca.com\/fr\/nouscontacter\/","title":{"rendered":"Nous contacter"},"content":{"rendered":"<div id='avia-leaflet-map-1' class='av_leaflet_sc_main_wrap av-mht47m3e-97567f93a3dd205df654c496ef78b43f av_leaflet_main_wrap'><div class='avia-leaflet-map-container avia-leaflet-map-sc'><div class=\"leaflet-map WPLeafletMap\" style=\"height:250px; width:100%;\"><\/div><script>\nwindow.WPLeafletMapPlugin = window.WPLeafletMapPlugin || [];\nwindow.WPLeafletMapPlugin.push(function WPLeafletMapShortcode() {\/*<script>*\/\nvar baseUrl = atob('aHR0cHM6Ly90aWxlLm9wZW5zdHJlZXRtYXAub3JnL3t6fS97eH0ve3l9LnBuZw==');\nvar base = (!baseUrl && window.MQ) ?\n    window.MQ.mapLayer() : L.tileLayer(baseUrl,\n        L.Util.extend({}, {\n            detectRetina: 0,\n        },\n        {\"subdomains\":\"abc\",\"noWrap\":false,\"maxZoom\":20}        )\n    );\n    var options = L.Util.extend({}, {\n        layers: [base],\n        attributionControl: false\n    },\n    {\"closePopupOnClick\":false,\"dragging\":true,\"keyboard\":true,\"tap\":false,\"zoomControl\":true,\"scrollWheelZoom\":true,\"doubleClickZoom\":false,\"fitBounds\":false,\"minZoom\":1,\"maxZoom\":20,\"maxBounds\":null,\"attribution\":\"<a href=\\\"http:\\\/\\\/leafletjs.com\\\" title=\\\"Une biblioth\\u00e8que JS pour des cartes interactives\\\">Leaflet<\\\/a>; \\u00a9 <a href=\\\"http:\\\/\\\/www.openstreetmap.org\\\/copyright\\\">OpenStreetMap<\\\/a> contributeurs\\\/contributrices\"},\n    {});\nwindow.WPLeafletMapPlugin.createMap(options).setView([53.3481797,-6.2335173],16);window.WPLeafletMapPlugin.createScale({});});<\/script><script>\nwindow.WPLeafletMapPlugin = window.WPLeafletMapPlugin || [];\nwindow.WPLeafletMapPlugin.push(function WPLeafletMarkerShortcode() {\/*<script>*\/\nvar map = window.WPLeafletMapPlugin.getCurrentMap();\nvar group = window.WPLeafletMapPlugin.getCurrentGroup();\nvar marker_options = window.WPLeafletMapPlugin.getIconOptions({\"draggable\":false,\"iconUrl\":\"https:\\\/\\\/www.staging.proveca.com\\\/wp-content\\\/uploads\\\/2020\\\/03\\\/favicon.png\",\"iconSize\":\"40,40\",\"iconAnchor\":\"20,50\"});\nvar marker = L.marker(\n    [53.3481797,-6.2335173],\n    marker_options\n);\nvar is_image = map.is_image_map;\nif (marker_options.draggable) {\n    marker.on('dragend', function () {\n        var latlng = this.getLatLng();\n        var lat = latlng.lat;\n        var lng = latlng.lng;\n        if (is_image) {\n            console.log('leaflet-marker y=' + lat + ' x=' + lng);\n        } else {\n            console.log('leaflet-marker lat=' + lat + ' lng=' + lng);\n        }\n    });\n}\nmarker.addTo( group );\nmarker.bindPopup(window.WPLeafletMapPlugin.unescape('2 Dublin Landings&lt;br \/&gt;&lt;br&gt;North Wall Quay&lt;br \/&gt;&lt;br&gt;Dublin 1&lt;br \/&gt;&lt;br&gt;D01 V4A3&lt;br \/&gt;&lt;br&gt;Ireland')).openPopup();window.WPLeafletMapPlugin.markers.push( marker );\n        });<\/script><\/div><\/div>\n<div id='av_section_1'  class='avia-section av-66g7nj-3a7f269208d928c4cb4bfcd240b2c36d main_color avia-section-default avia-no-border-styling  avia-builder-el-1  el_after_av_leaflet_map  avia-builder-el-last  avia-bg-style-scroll container_wrap fullsize'  ><div class='container av-section-cont-open' ><div class='template-page content  av-content-full alpha units'><div class='post-entry post-entry-type-page post-entry-9851'><div class='entry-content-wrapper clearfix'>\n\n<style type=\"text\/css\" data-created_by=\"avia_inline_auto\" id=\"style-css-av-43vo4v-089841221da8bb1afdf13cf3e13ed0c0\">\n.flex_column.av-43vo4v-089841221da8bb1afdf13cf3e13ed0c0{\nborder-radius:0px 0px 0px 0px;\npadding:0px 0px 0px 0px;\n}\n<\/style>\n<div  class='flex_column av-43vo4v-089841221da8bb1afdf13cf3e13ed0c0 av_two_third  avia-builder-el-2  el_before_av_one_third  avia-builder-el-first  first flex_column_div av-zero-column-padding  '     ><p>\n<style type=\"text\/css\" data-created_by=\"avia_inline_auto\" id=\"style-css-av-4cqvd3-cac9a6e6b42924b73c0d77431cad73db\">\n#top .av-special-heading.av-4cqvd3-cac9a6e6b42924b73c0d77431cad73db{\npadding-bottom:10px;\n}\nbody .av-special-heading.av-4cqvd3-cac9a6e6b42924b73c0d77431cad73db .av-special-heading-tag .heading-char{\nfont-size:25px;\n}\n.av-special-heading.av-4cqvd3-cac9a6e6b42924b73c0d77431cad73db .av-subheading{\nfont-size:15px;\n}\n<\/style>\n<div  class='av-special-heading av-4cqvd3-cac9a6e6b42924b73c0d77431cad73db av-special-heading-h2  avia-builder-el-3  el_before_av_codeblock  avia-builder-el-first '><h2 class='av-special-heading-tag '  >Nous Contacter<\/h2><div class=\"special-heading-border\"><div class=\"special-heading-inner-border\"><\/div><\/div><\/div><br \/>\n<\/p><\/div>\n<style type=\"text\/css\" data-created_by=\"avia_inline_auto\" id=\"style-css-av-2wpbcf-b0db11e0724647050d877e4d47051beb\">\n.flex_column.av-2wpbcf-b0db11e0724647050d877e4d47051beb{\nborder-radius:0px 0px 0px 0px;\npadding:0px 0px 0px 0px;\n}\n<\/style>\n<div  class='flex_column av-2wpbcf-b0db11e0724647050d877e4d47051beb av_one_third  avia-builder-el-5  el_after_av_two_third  avia-builder-el-last  flex_column_div av-zero-column-padding  '     ><p>\n<style type=\"text\/css\" data-created_by=\"avia_inline_auto\" id=\"style-css-av-274dif-687388f9a956639eb8475b756eb31e21\">\n#top .av-special-heading.av-274dif-687388f9a956639eb8475b756eb31e21{\npadding-bottom:10px;\n}\nbody .av-special-heading.av-274dif-687388f9a956639eb8475b756eb31e21 .av-special-heading-tag .heading-char{\nfont-size:25px;\n}\n.av-special-heading.av-274dif-687388f9a956639eb8475b756eb31e21 .av-subheading{\nfont-size:15px;\n}\n<\/style>\n<div  class='av-special-heading av-274dif-687388f9a956639eb8475b756eb31e21 av-special-heading-h2  avia-builder-el-6  el_before_av_textblock  avia-builder-el-first '><h2 class='av-special-heading-tag '  >Proveca Pharma Ltd<\/h2><div class=\"special-heading-border\"><div class=\"special-heading-inner-border\"><\/div><\/div><\/div><br \/>\n<section  class='av_textblock_section av-k7ypbd9e-4a3b1f63a72d900a6b6248dba8e3af7a '  ><div class='avia_textblock' ><p>2 Dublin Landings<br \/>\nNorth Wall Quay<br \/>\nDublin 1<br \/>\nD01 V4A3<br \/>\nIreland<\/p>\n<p>+353 1 513 6233<\/p>\n<\/div><\/section><\/p><\/div>\n\n","protected":false},"excerpt":{"rendered":"","protected":false},"author":1,"featured_media":0,"parent":0,"menu_order":0,"comment_status":"open","ping_status":"closed","template":"","meta":{"footnotes":""},"class_list":["post-9851","page","type-page","status-publish","hentry"],"yoast_head":"<!-- This site is optimized with the Yoast SEO plugin v27.5 - https:\/\/yoast.com\/product\/yoast-seo-wordpress\/ -->\n<title>Contactez Proveca Ltd par e-mail ou par t\u00e9l\u00e9phone<\/title>\n<meta name=\"description\" content=\"Contactez notre sympathique \u00e9quipe de Proveca par e-mail ou par t\u00e9l\u00e9phone pour en savoir plus sur notre organisation, nos produits et nos recherches\" \/>\n<meta name=\"robots\" content=\"index, follow, max-snippet:-1, max-image-preview:large, max-video-preview:-1\" \/>\n<link rel=\"canonical\" href=\"https:\/\/www.proveca.com\/fr\/nouscontacter\/\" \/>\n<meta property=\"og:type\" content=\"article\" \/>\n<meta property=\"og:title\" content=\"Contactez Proveca Ltd par e-mail ou par t\u00e9l\u00e9phone\" \/>\n<meta property=\"og:description\" content=\"Contactez notre sympathique \u00e9quipe de Proveca par e-mail ou par t\u00e9l\u00e9phone pour en savoir plus sur notre organisation, nos produits et nos recherches\" \/>\n<meta property=\"og:url\" content=\"https:\/\/www.proveca.com\/fr\/nouscontacter\/\" \/>\n<meta property=\"og:site_name\" content=\"Proveca\" \/>\n<meta property=\"article:modified_time\" content=\"2025-11-10T12:47:31+00:00\" \/>\n<meta name=\"twitter:card\" content=\"summary_large_image\" \/>\n<meta name=\"twitter:label1\" content=\"Dur\u00e9e de lecture estim\u00e9e\" \/>\n\t<meta name=\"twitter:data1\" content=\"1 minute\" \/>\n<script type=\"application\/ld+json\" class=\"yoast-schema-graph\">{\"@context\":\"https:\\\/\\\/schema.org\",\"@graph\":[{\"@type\":\"WebPage\",\"@id\":\"https:\\\/\\\/www.proveca.com\\\/fr\\\/nouscontacter\\\/\",\"url\":\"https:\\\/\\\/www.proveca.com\\\/fr\\\/nouscontacter\\\/\",\"name\":\"Contactez Proveca Ltd par e-mail ou par t\u00e9l\u00e9phone\",\"isPartOf\":{\"@id\":\"https:\\\/\\\/www.proveca.com\\\/fr\\\/#website\"},\"datePublished\":\"2023-01-16T20:49:43+00:00\",\"dateModified\":\"2025-11-10T12:47:31+00:00\",\"description\":\"Contactez notre sympathique \u00e9quipe de Proveca par e-mail ou par t\u00e9l\u00e9phone pour en savoir plus sur notre organisation, nos produits et nos recherches\",\"breadcrumb\":{\"@id\":\"https:\\\/\\\/www.proveca.com\\\/fr\\\/nouscontacter\\\/#breadcrumb\"},\"inLanguage\":\"fr-FR\",\"potentialAction\":[{\"@type\":\"ReadAction\",\"target\":[\"https:\\\/\\\/www.proveca.com\\\/fr\\\/nouscontacter\\\/\"]}]},{\"@type\":\"BreadcrumbList\",\"@id\":\"https:\\\/\\\/www.proveca.com\\\/fr\\\/nouscontacter\\\/#breadcrumb\",\"itemListElement\":[{\"@type\":\"ListItem\",\"position\":1,\"name\":\"Home\",\"item\":\"https:\\\/\\\/www.proveca.com\\\/fr\\\/homepage-2\\\/\"},{\"@type\":\"ListItem\",\"position\":2,\"name\":\"Nous contacter\"}]},{\"@type\":\"WebSite\",\"@id\":\"https:\\\/\\\/www.proveca.com\\\/fr\\\/#website\",\"url\":\"https:\\\/\\\/www.proveca.com\\\/fr\\\/\",\"name\":\"Proveca\",\"description\":\"Medicines for children\",\"potentialAction\":[{\"@type\":\"SearchAction\",\"target\":{\"@type\":\"EntryPoint\",\"urlTemplate\":\"https:\\\/\\\/www.proveca.com\\\/fr\\\/?s={search_term_string}\"},\"query-input\":{\"@type\":\"PropertyValueSpecification\",\"valueRequired\":true,\"valueName\":\"search_term_string\"}}],\"inLanguage\":\"fr-FR\"}]}<\/script>\n<!-- \/ Yoast SEO plugin. -->","yoast_head_json":{"title":"Contactez Proveca Ltd par e-mail ou par t\u00e9l\u00e9phone","description":"Contactez notre sympathique \u00e9quipe de Proveca par e-mail ou par t\u00e9l\u00e9phone pour en savoir plus sur notre organisation, nos produits et nos recherches","robots":{"index":"index","follow":"follow","max-snippet":"max-snippet:-1","max-image-preview":"max-image-preview:large","max-video-preview":"max-video-preview:-1"},"canonical":"https:\/\/www.proveca.com\/fr\/nouscontacter\/","og_type":"article","og_title":"Contactez Proveca Ltd par e-mail ou par t\u00e9l\u00e9phone","og_description":"Contactez notre sympathique \u00e9quipe de Proveca par e-mail ou par t\u00e9l\u00e9phone pour en savoir plus sur notre organisation, nos produits et nos recherches","og_url":"https:\/\/www.proveca.com\/fr\/nouscontacter\/","og_site_name":"Proveca","article_modified_time":"2025-11-10T12:47:31+00:00","twitter_card":"summary_large_image","twitter_misc":{"Dur\u00e9e de lecture estim\u00e9e":"1 minute"},"schema":{"@context":"https:\/\/schema.org","@graph":[{"@type":"WebPage","@id":"https:\/\/www.proveca.com\/fr\/nouscontacter\/","url":"https:\/\/www.proveca.com\/fr\/nouscontacter\/","name":"Contactez Proveca Ltd par e-mail ou par t\u00e9l\u00e9phone","isPartOf":{"@id":"https:\/\/www.proveca.com\/fr\/#website"},"datePublished":"2023-01-16T20:49:43+00:00","dateModified":"2025-11-10T12:47:31+00:00","description":"Contactez notre sympathique \u00e9quipe de Proveca par e-mail ou par t\u00e9l\u00e9phone pour en savoir plus sur notre organisation, nos produits et nos recherches","breadcrumb":{"@id":"https:\/\/www.proveca.com\/fr\/nouscontacter\/#breadcrumb"},"inLanguage":"fr-FR","potentialAction":[{"@type":"ReadAction","target":["https:\/\/www.proveca.com\/fr\/nouscontacter\/"]}]},{"@type":"BreadcrumbList","@id":"https:\/\/www.proveca.com\/fr\/nouscontacter\/#breadcrumb","itemListElement":[{"@type":"ListItem","position":1,"name":"Home","item":"https:\/\/www.proveca.com\/fr\/homepage-2\/"},{"@type":"ListItem","position":2,"name":"Nous contacter"}]},{"@type":"WebSite","@id":"https:\/\/www.proveca.com\/fr\/#website","url":"https:\/\/www.proveca.com\/fr\/","name":"Proveca","description":"Medicines for children","potentialAction":[{"@type":"SearchAction","target":{"@type":"EntryPoint","urlTemplate":"https:\/\/www.proveca.com\/fr\/?s={search_term_string}"},"query-input":{"@type":"PropertyValueSpecification","valueRequired":true,"valueName":"search_term_string"}}],"inLanguage":"fr-FR"}]}},"_links":{"self":[{"href":"https:\/\/www.proveca.com\/fr\/wp-json\/wp\/v2\/pages\/9851","targetHints":{"allow":["GET"]}}],"collection":[{"href":"https:\/\/www.proveca.com\/fr\/wp-json\/wp\/v2\/pages"}],"about":[{"href":"https:\/\/www.proveca.com\/fr\/wp-json\/wp\/v2\/types\/page"}],"author":[{"embeddable":true,"href":"https:\/\/www.proveca.com\/fr\/wp-json\/wp\/v2\/users\/1"}],"replies":[{"embeddable":true,"href":"https:\/\/www.proveca.com\/fr\/wp-json\/wp\/v2\/comments?post=9851"}],"version-history":[{"count":4,"href":"https:\/\/www.proveca.com\/fr\/wp-json\/wp\/v2\/pages\/9851\/revisions"}],"predecessor-version":[{"id":17147,"href":"https:\/\/www.proveca.com\/fr\/wp-json\/wp\/v2\/pages\/9851\/revisions\/17147"}],"wp:attachment":[{"href":"https:\/\/www.proveca.com\/fr\/wp-json\/wp\/v2\/media?parent=9851"}],"curies":[{"name":"wp","href":"https:\/\/api.w.org\/{rel}","templated":true}]}}