{"id":9854,"date":"2023-01-16T20:54:38","date_gmt":"2023-01-16T20:54:38","guid":{"rendered":"https:\/\/www.proveca.com\/?page_id=9854"},"modified":"2023-11-06T17:27:54","modified_gmt":"2023-11-06T17:27:54","slug":"patients","status":"publish","type":"page","link":"https:\/\/www.proveca.com\/fr\/patients\/","title":{"rendered":"Patients"},"content":{"rendered":"\n<style type=\"text\/css\" data-created_by=\"avia_inline_auto\" id=\"style-css-av-ksryy6-b3fff8ea1cb459aed802d17032fbcd4e\">\n.avia-section.av-ksryy6-b3fff8ea1cb459aed802d17032fbcd4e{\nbackground-repeat:no-repeat;\nbackground-image:url(https:\/\/www.proveca.com\/wp-content\/uploads\/2021\/10\/happy-family-sofa_leaf.jpg);\nbackground-position:50% 50%;\nbackground-attachment:scroll;\n}\n<\/style>\n<div id='p_top'  class='avia-section av-ksryy6-b3fff8ea1cb459aed802d17032fbcd4e main_color avia-section-no-padding avia-no-border-styling  avia-builder-el-0  el_before_av_section  avia-builder-el-first  avia-full-stretch avia-bg-style-scroll av-minimum-height av-minimum-height-custom av-height-custom  container_wrap fullsize'  data-section-bg-repeat='stretch' data-av_minimum_height_px='520'><div class='container av-section-cont-open' style='height:520px'><main  class='template-page content  av-content-full alpha units'><div class='post-entry post-entry-type-page post-entry-9854'><div class='entry-content-wrapper clearfix'>\n<div class='flex_column_table av-io51ym-93f40f2333baffe263774795d8d1746d sc-av_one_half av-equal-height-column-flextable'><div  class='flex_column av-io51ym-93f40f2333baffe263774795d8d1746d av_one_half  avia-builder-el-1  el_before_av_one_half  avia-builder-el-first  first flex_column_table_cell av-equal-height-column av-align-middle  '     ><p>\n<style type=\"text\/css\" data-created_by=\"avia_inline_auto\" id=\"style-css-av-ku762f87-4c789c41d994e3e6ed2f48b718fd00ef\">\n#top .av-special-heading.av-ku762f87-4c789c41d994e3e6ed2f48b718fd00ef{\npadding-bottom:0;\ncolor:#ffffff;\n}\nbody .av-special-heading.av-ku762f87-4c789c41d994e3e6ed2f48b718fd00ef .av-special-heading-tag .heading-char{\nfont-size:25px;\n}\n.av-special-heading.av-ku762f87-4c789c41d994e3e6ed2f48b718fd00ef .special-heading-inner-border{\nborder-color:#ffffff;\n}\n.av-special-heading.av-ku762f87-4c789c41d994e3e6ed2f48b718fd00ef .av-subheading{\nfont-size:28px;\n}\n<\/style>\n<div  class='av-special-heading av-ku762f87-4c789c41d994e3e6ed2f48b718fd00ef av-special-heading-h1 custom-color-heading blockquote modern-quote  avia-builder-el-2  el_before_av_textblock  avia-builder-el-first  p_h1'><h1 class='av-special-heading-tag '  >D\u00e9velopper des m\u00e9dicaments<\/h1><div class=\"special-heading-border\"><div class=\"special-heading-inner-border\"><\/div><\/div><\/div><br \/>\n<section  class='av_textblock_section av-kv84zlez-3e0f932d196e929bc52f620b45483108 '  ><div class='avia_textblock' ><p><img decoding=\"async\" src=\"\/wp-content\/uploads\/2023\/01\/pour-les-enfants.svg\" width=\"400\" \/><\/p>\n<\/div><\/section><br \/>\n\n<style type=\"text\/css\" data-created_by=\"avia_inline_auto\" id=\"style-css-av-kv84wogj-d0d105f0a458c8bd371c3c4f01e92d7f\">\n#top .av_textblock_section.av-kv84wogj-d0d105f0a458c8bd371c3c4f01e92d7f .avia_textblock{\nfont-size:24px;\ncolor:#ffffff;\n}\n<\/style>\n<section  class='av_textblock_section av-kv84wogj-d0d105f0a458c8bd371c3c4f01e92d7f '  ><div class='avia_textblock p_banner_col1 av_inherit_color' ><p>La plupart des m\u00e9dicaments utilis\u00e9s n&rsquo;ont pas d&rsquo;AMM pour un usage p\u00e9diatrique.<\/p>\n<\/div><\/section><\/p><\/div><div class='av-flex-placeholder'><\/div><div  class='flex_column av-4fjh9a-b30def6892912dd5e7d2cf30c69f6e54 av_one_half  avia-builder-el-5  el_after_av_one_half  avia-builder-el-last  patients_banner_text flex_column_table_cell av-equal-height-column av-align-middle  '     ><section  class='av_textblock_section av-kv7zrijk-ca767153a76add5cd1972ca86d27f11c '  ><div class='avia_textblock' ><p>De nombreux m\u00e9dicaments sont administr\u00e9s aux enfants, mais la plupart d\u2019entre eux n&rsquo;ont pas d&rsquo;AMM pour un usage p\u00e9diatrique. Cela signifie que le m\u00e9dicament n\u2019a pas fait l\u2019objet d\u2019essais cliniques approfondis chez les enfants et que son utilisation p\u00e9diatrique n\u2019a pas \u00e9t\u00e9 approuv\u00e9e par les autorit\u00e9s r\u00e9glementaires.<\/p>\n<\/div><\/section><\/div><\/div><!--close column table wrapper. Autoclose: 1 -->\n\n<\/div><\/div><\/main><!-- close content main element --><\/div><\/div><div id='av_section_2'  class='avia-section av-kv9ahubn-78f442dd63e05eb8d68cee8d771c7aed main_color avia-section-default avia-no-border-styling  avia-builder-el-7  el_after_av_section  el_before_av_section  patient_section_top avia-bg-style-scroll container_wrap fullsize'  ><div class='container av-section-cont-open' ><div class='template-page content  av-content-full alpha units'><div class='post-entry post-entry-type-page post-entry-9854'><div class='entry-content-wrapper clearfix'>\n\n<style type=\"text\/css\" data-created_by=\"avia_inline_auto\" id=\"style-css-av-kv9akcwe-08f816cd487864a57c8eb24db0e72bb1\">\n.flex_column.av-kv9akcwe-08f816cd487864a57c8eb24db0e72bb1{\npadding:50px 50px 50px 50px;\n}\n<\/style>\n<div  class='flex_column av-kv9akcwe-08f816cd487864a57c8eb24db0e72bb1 av_three_fifth  avia-builder-el-8  avia-builder-el-no-sibling  patient_section_top_copy patient_boxes first av-break-at-tablet flex_column_div  '     ><p>\n<style type=\"text\/css\" data-created_by=\"avia_inline_auto\" id=\"style-css-av-kv9aj5zk-dfae3c8e84c40ea6529f0463ecb6419d\">\n#top .av-special-heading.av-kv9aj5zk-dfae3c8e84c40ea6529f0463ecb6419d{\npadding-bottom:10px;\ncolor:#ffffff;\n}\nbody .av-special-heading.av-kv9aj5zk-dfae3c8e84c40ea6529f0463ecb6419d .av-special-heading-tag .heading-char{\nfont-size:25px;\n}\n.av-special-heading.av-kv9aj5zk-dfae3c8e84c40ea6529f0463ecb6419d .special-heading-inner-border{\nborder-color:#ffffff;\n}\n.av-special-heading.av-kv9aj5zk-dfae3c8e84c40ea6529f0463ecb6419d .av-subheading{\nfont-size:15px;\n}\n<\/style>\n<div  class='av-special-heading av-kv9aj5zk-dfae3c8e84c40ea6529f0463ecb6419d av-special-heading-h3 custom-color-heading blockquote modern-quote  avia-builder-el-9  el_before_av_textblock  avia-builder-el-first '><h3 class='av-special-heading-tag '  >Les enfants ne sont pas des adultes miniatures<\/h3><div class=\"special-heading-border\"><div class=\"special-heading-inner-border\"><\/div><\/div><\/div><br \/>\n\n<style type=\"text\/css\" data-created_by=\"avia_inline_auto\" id=\"style-css-av-kv9ajpbo-7adfec3e35fbb1c3fd5c720cc7310408\">\n#top .av_textblock_section.av-kv9ajpbo-7adfec3e35fbb1c3fd5c720cc7310408 .avia_textblock{\ncolor:#ffffff;\n}\n<\/style>\n<section  class='av_textblock_section av-kv9ajpbo-7adfec3e35fbb1c3fd5c720cc7310408 '  ><div class='avia_textblock av_inherit_color' ><p>Les enfants ne sont pas des adultes miniatures : ils sont en plein d\u00e9veloppement, ce qui peut affecter la mani\u00e8re dont leur organisme r\u00e9agit aux m\u00e9dicaments. La population p\u00e9diatrique elle-m\u00eame varie beaucoup en mati\u00e8re d\u2019\u00e2ge, de taille et de croissance, des b\u00e9b\u00e9s aux tout-petits, des enfants et aux adolescents, chaque \u00e9tape de la croissance a ses propres besoins en mati\u00e8re de m\u00e9dicaments. Il est donc important que les m\u00e9dicaments soient sp\u00e9cifiquement d\u00e9velopp\u00e9s pour une utilisation p\u00e9diatrique avec des formulations adapt\u00e9es \u00e0 l\u2019\u00e2ge des enfants.<\/p>\n<\/div><\/section><\/p><\/div>\n\n<\/div><\/div><\/div><!-- close content main div --><\/div><\/div>\n<style type=\"text\/css\" data-created_by=\"avia_inline_auto\" id=\"style-css-av-kv9skbay-7b8b49f602ce33525246c0f233e2c454\">\n.avia-section.av-kv9skbay-7b8b49f602ce33525246c0f233e2c454{\nmargin-top:0px;\nmargin-bottom:0px;\n}\n<\/style>\n<div id='av_section_3'  class='avia-section av-kv9skbay-7b8b49f602ce33525246c0f233e2c454 main_color avia-section-default avia-no-border-styling  avia-builder-el-11  el_after_av_section  el_before_av_section  patient_section_mid avia-bg-style-scroll container_wrap fullsize'  ><div class='container av-section-cont-open' ><div class='template-page content  av-content-full alpha units'><div class='post-entry post-entry-type-page post-entry-9854'><div class='entry-content-wrapper clearfix'>\n<div  class='flex_column av-22lcny-984e0543e5610b35d16587105c9adb15 av_two_fifth  avia-builder-el-12  el_before_av_three_fifth  avia-builder-el-first  first av-break-at-tablet flex_column_div av-hide-on-mobile  '     ><\/div>\n<style type=\"text\/css\" data-created_by=\"avia_inline_auto\" id=\"style-css-av-kv9smsn1-d9138982ba9b01b306848e0cf7be016c\">\n.flex_column.av-kv9smsn1-d9138982ba9b01b306848e0cf7be016c{\npadding:50px 50px 50px 50px;\n}\n<\/style>\n<div  class='flex_column av-kv9smsn1-d9138982ba9b01b306848e0cf7be016c av_three_fifth  avia-builder-el-13  el_after_av_two_fifth  avia-builder-el-last  patient_section_mid_copy patient_boxes av-break-at-tablet flex_column_div  '     ><p>\n<style type=\"text\/css\" data-created_by=\"avia_inline_auto\" id=\"style-css-av-kv9skvj2-29c49d9864fa0fde960cd9afba496632\">\n#top .av-special-heading.av-kv9skvj2-29c49d9864fa0fde960cd9afba496632{\npadding-bottom:10px;\ncolor:#ffffff;\n}\nbody .av-special-heading.av-kv9skvj2-29c49d9864fa0fde960cd9afba496632 .av-special-heading-tag .heading-char{\nfont-size:25px;\n}\n.av-special-heading.av-kv9skvj2-29c49d9864fa0fde960cd9afba496632 .special-heading-inner-border{\nborder-color:#ffffff;\n}\n.av-special-heading.av-kv9skvj2-29c49d9864fa0fde960cd9afba496632 .av-subheading{\nfont-size:15px;\n}\n<\/style>\n<div  class='av-special-heading av-kv9skvj2-29c49d9864fa0fde960cd9afba496632 av-special-heading-h3 custom-color-heading blockquote modern-quote  avia-builder-el-14  el_before_av_textblock  avia-builder-el-first '><h3 class='av-special-heading-tag '  >Les enfants trouvent difficile la prise de leurs m\u00e9dicaments<\/h3><div class=\"special-heading-border\"><div class=\"special-heading-inner-border\"><\/div><\/div><\/div><br \/>\n\n<style type=\"text\/css\" data-created_by=\"avia_inline_auto\" id=\"style-css-av-kv9slou4-7796a44ed7bacf1dd80dd1b33ff50685\">\n#top .av_textblock_section.av-kv9slou4-7796a44ed7bacf1dd80dd1b33ff50685 .avia_textblock{\ncolor:#ffffff;\n}\n<\/style>\n<section  class='av_textblock_section av-kv9slou4-7796a44ed7bacf1dd80dd1b33ff50685 '  ><div class='avia_textblock av_inherit_color' ><p>L\u2019ingestion de comprim\u00e9s classiques peut s\u2019av\u00e9rer difficile pour les jeunes enfants et les personnes souffrant de certaines pathologies. Si une formulation adapt\u00e9e \u00e0 l\u2019\u00e2ge n\u2019est pas disponible, comme c\u2019est souvent le cas, les pharmaciens ou les soignants peuvent \u00eatre amen\u00e9s \u00e0 \u00e9craser les comprim\u00e9s pour les mettre en solution. Ces pratiques ne sont pas id\u00e9ales, car l\u2019enfant peut recevoir une quantit\u00e9 variable du m\u00e9dicament lors des prises, ce qui peut affecter la s\u00e9curit\u00e9 et l\u2019efficacit\u00e9 du m\u00e9dicament.<\/p>\n<p>Les enfants peuvent \u00e9galement refuser de prendre certains m\u00e9dicaments s\u2019ils ont un go\u00fbt d\u00e9sagr\u00e9able. Dans certains cas, le fait de m\u00e9langer les m\u00e9dicaments avec de la nourriture ou de la boisson peut en modifier les propri\u00e9t\u00e9s. Pour rendre le m\u00e9dicament plus acceptable pour les enfants, il est parfois n\u00e9cessaire de cr\u00e9er des formulations sp\u00e9ciales o\u00f9, par exemple, les go\u00fbts amers seront masqu\u00e9s par des saveurs agr\u00e9ables.<\/p>\n<\/div><\/section><\/p><\/div>\n\n<\/div><\/div><\/div><!-- close content main div --><\/div><\/div><div id='av_section_4'  class='avia-section av-kvb461h0-6297ed0f74663ea6a7a666f8bedd0f18 main_color avia-section-default avia-no-border-styling  avia-builder-el-16  el_after_av_section  avia-builder-el-last  patient_section_low avia-bg-style-scroll container_wrap fullsize'  ><div class='container av-section-cont-open' ><div class='template-page content  av-content-full alpha units'><div class='post-entry post-entry-type-page post-entry-9854'><div class='entry-content-wrapper clearfix'>\n\n<style type=\"text\/css\" data-created_by=\"avia_inline_auto\" id=\"style-css-av-kvb46j5i-f396cf2b89585d755f2e4e636673009b\">\n.flex_column.av-kvb46j5i-f396cf2b89585d755f2e4e636673009b{\npadding:50px 50px 50px 50px;\n}\n<\/style>\n<div  class='flex_column av-kvb46j5i-f396cf2b89585d755f2e4e636673009b av_three_fifth  avia-builder-el-17  avia-builder-el-no-sibling  patient_section_low_copy patient_boxes first av-break-at-tablet flex_column_div  '     ><p>\n<style type=\"text\/css\" data-created_by=\"avia_inline_auto\" id=\"style-css-av-3uunzi-dd3fe864652cada55ff718d0a3fe6509\">\n#top .av-special-heading.av-3uunzi-dd3fe864652cada55ff718d0a3fe6509{\npadding-bottom:10px;\ncolor:#ffffff;\n}\nbody .av-special-heading.av-3uunzi-dd3fe864652cada55ff718d0a3fe6509 .av-special-heading-tag .heading-char{\nfont-size:25px;\n}\n.av-special-heading.av-3uunzi-dd3fe864652cada55ff718d0a3fe6509 .special-heading-inner-border{\nborder-color:#ffffff;\n}\n.av-special-heading.av-3uunzi-dd3fe864652cada55ff718d0a3fe6509 .av-subheading{\nfont-size:15px;\n}\n<\/style>\n<div  class='av-special-heading av-3uunzi-dd3fe864652cada55ff718d0a3fe6509 av-special-heading-h3 custom-color-heading blockquote modern-quote  avia-builder-el-18  el_before_av_textblock  avia-builder-el-first '><h3 class='av-special-heading-tag '  >Un m\u00e9dicament sp\u00e9cifique aux enfants doit-il \u00eatre d\u00e9velopp\u00e9 ?<\/h3><div class=\"special-heading-border\"><div class=\"special-heading-inner-border\"><\/div><\/div><\/div><br \/>\n\n<style type=\"text\/css\" data-created_by=\"avia_inline_auto\" id=\"style-css-av-274gku-2f9f3560acf1a3e7c901610c7e3c3a54\">\n#top .av_textblock_section.av-274gku-2f9f3560acf1a3e7c901610c7e3c3a54 .avia_textblock{\ncolor:#ffffff;\n}\n<\/style>\n<section  class='av_textblock_section av-274gku-2f9f3560acf1a3e7c901610c7e3c3a54 '  ><div class='avia_textblock av_inherit_color' ><p>Lors de la pr\u00e9paration de formulations pour enfants, il est \u00e9galement important de souligner que certaines substances inactives ajout\u00e9es (les \u00ab excipients \u00bb) n\u00e9cessaires pour produire des comprim\u00e9s ou des liquides m\u00e9dicinaux peuvent ne pas leur convenir.<\/p>\n<p>Un autre d\u00e9fi li\u00e9 au d\u00e9veloppement de m\u00e9dicaments p\u00e9diatriques est la n\u00e9cessit\u00e9 d\u2019administrer des doses pr\u00e9cises en fonction de l\u2019\u00e2ge et du poids, comme, par exemple, lorsque de tr\u00e8s petites doses sont n\u00e9cessaires pour les b\u00e9b\u00e9s et les nourrissons.<\/p>\n<p>Les formulations adapt\u00e9es \u00e0 l\u2019\u00e2ge permettent de surmonter ces probl\u00e8mes en proposant des m\u00e9dicaments oraux \u00ab\u00a0agr\u00e9ables\u00a0\u00bb \u00e0 ing\u00e9rer et faciles \u00e0 administrer et dont la dose peut \u00eatre ajust\u00e9e avec pr\u00e9cision. Les m\u00e9dicaments adapt\u00e9s aux enfants se pr\u00e9sentent souvent sous la forme de liquides et de suspensions. Cependant, les probl\u00e8mes d\u2019excipients, de go\u00fbt et de courte dur\u00e9e de conservation rendent parfois ces formulations liquides difficiles \u00e0 produire. Des formes solides adapt\u00e9es aux enfants, comme les mini-comprim\u00e9s orodispersibles (ODMT), sont de plus en plus \u00e9tudi\u00e9es. Ces minuscules comprim\u00e9s non enrob\u00e9s se dispersent rapidement dans la bouche, sans avoir besoin de les avaler et permettent un dosage pratique et pr\u00e9cis.<\/p>\n<p>Les parents le savent, il n\u2019est pas facile d\u2019administrer des m\u00e9dicaments \u00e0 son enfant, en particulier lorsque celui-ci doit en prendre plusieurs et de fa\u00e7on fr\u00e9quente. Les m\u00e9dicaments avec une AMM p\u00e9diatrique ont une formulation sp\u00e9cifique \u00e0 l\u2019\u00e2ge de l\u2019enfant, dont la s\u00e9curit\u00e9 et l\u2019efficacit\u00e9 ont \u00e9t\u00e9 prouv\u00e9es. Ils peuvent am\u00e9liorer l\u2019observance et faciliter la vie des enfants et de leurs soignants.<\/p>\n<\/div><\/section><\/p><\/div>\n\n","protected":false},"excerpt":{"rendered":"","protected":false},"author":1,"featured_media":0,"parent":0,"menu_order":0,"comment_status":"closed","ping_status":"closed","template":"","meta":{"footnotes":""},"class_list":["post-9854","page","type-page","status-publish","hentry"],"yoast_head":"<!-- This site is optimized with the Yoast SEO plugin v27.5 - https:\/\/yoast.com\/product\/yoast-seo-wordpress\/ -->\n<title>M\u00e9dicaments autoris\u00e9s pour un usage p\u00e9diatrique et formulations adapt\u00e9es \u00e0 l\u2019\u00e2ge du patient<\/title>\n<meta name=\"description\" content=\"D\u00e9couvrez pourquoi les formulations adapt\u00e9es \u00e0 l\u2019\u00e2ge sont importantes et quels sont les m\u00e9dicaments autoris\u00e9s sp\u00e9cifiquement pour un usage p\u00e9diatrique.\" \/>\n<meta name=\"robots\" content=\"index, follow, max-snippet:-1, max-image-preview:large, max-video-preview:-1\" \/>\n<link rel=\"canonical\" href=\"https:\/\/www.proveca.com\/fr\/patients\/\" \/>\n<meta property=\"og:type\" content=\"article\" \/>\n<meta property=\"og:title\" content=\"M\u00e9dicaments autoris\u00e9s pour un usage p\u00e9diatrique et formulations adapt\u00e9es \u00e0 l\u2019\u00e2ge du patient\" \/>\n<meta property=\"og:description\" content=\"D\u00e9couvrez pourquoi les formulations adapt\u00e9es \u00e0 l\u2019\u00e2ge sont importantes et quels sont les m\u00e9dicaments autoris\u00e9s sp\u00e9cifiquement pour un usage p\u00e9diatrique.\" \/>\n<meta property=\"og:url\" content=\"https:\/\/www.proveca.com\/fr\/patients\/\" \/>\n<meta property=\"og:site_name\" content=\"Proveca\" \/>\n<meta property=\"article:modified_time\" content=\"2023-11-06T17:27:54+00:00\" \/>\n<meta name=\"twitter:card\" content=\"summary_large_image\" \/>\n<meta name=\"twitter:label1\" content=\"Dur\u00e9e de lecture estim\u00e9e\" \/>\n\t<meta name=\"twitter:data1\" content=\"8 minutes\" \/>\n<script type=\"application\/ld+json\" class=\"yoast-schema-graph\">{\"@context\":\"https:\\\/\\\/schema.org\",\"@graph\":[{\"@type\":\"WebPage\",\"@id\":\"https:\\\/\\\/www.proveca.com\\\/fr\\\/patients\\\/\",\"url\":\"https:\\\/\\\/www.proveca.com\\\/fr\\\/patients\\\/\",\"name\":\"M\u00e9dicaments autoris\u00e9s pour un usage p\u00e9diatrique et formulations adapt\u00e9es \u00e0 l\u2019\u00e2ge du patient\",\"isPartOf\":{\"@id\":\"https:\\\/\\\/www.proveca.com\\\/fr\\\/#website\"},\"datePublished\":\"2023-01-16T20:54:38+00:00\",\"dateModified\":\"2023-11-06T17:27:54+00:00\",\"description\":\"D\u00e9couvrez pourquoi les formulations adapt\u00e9es \u00e0 l\u2019\u00e2ge sont importantes et quels sont les m\u00e9dicaments autoris\u00e9s sp\u00e9cifiquement pour un usage p\u00e9diatrique.\",\"breadcrumb\":{\"@id\":\"https:\\\/\\\/www.proveca.com\\\/fr\\\/patients\\\/#breadcrumb\"},\"inLanguage\":\"fr-FR\",\"potentialAction\":[{\"@type\":\"ReadAction\",\"target\":[\"https:\\\/\\\/www.proveca.com\\\/fr\\\/patients\\\/\"]}]},{\"@type\":\"BreadcrumbList\",\"@id\":\"https:\\\/\\\/www.proveca.com\\\/fr\\\/patients\\\/#breadcrumb\",\"itemListElement\":[{\"@type\":\"ListItem\",\"position\":1,\"name\":\"Home\",\"item\":\"https:\\\/\\\/www.proveca.com\\\/fr\\\/homepage-2\\\/\"},{\"@type\":\"ListItem\",\"position\":2,\"name\":\"Patients\"}]},{\"@type\":\"WebSite\",\"@id\":\"https:\\\/\\\/www.proveca.com\\\/fr\\\/#website\",\"url\":\"https:\\\/\\\/www.proveca.com\\\/fr\\\/\",\"name\":\"Proveca\",\"description\":\"Medicines for children\",\"potentialAction\":[{\"@type\":\"SearchAction\",\"target\":{\"@type\":\"EntryPoint\",\"urlTemplate\":\"https:\\\/\\\/www.proveca.com\\\/fr\\\/?s={search_term_string}\"},\"query-input\":{\"@type\":\"PropertyValueSpecification\",\"valueRequired\":true,\"valueName\":\"search_term_string\"}}],\"inLanguage\":\"fr-FR\"}]}<\/script>\n<!-- \/ Yoast SEO plugin. -->","yoast_head_json":{"title":"M\u00e9dicaments autoris\u00e9s pour un usage p\u00e9diatrique et formulations adapt\u00e9es \u00e0 l\u2019\u00e2ge du patient","description":"D\u00e9couvrez pourquoi les formulations adapt\u00e9es \u00e0 l\u2019\u00e2ge sont importantes et quels sont les m\u00e9dicaments autoris\u00e9s sp\u00e9cifiquement pour un usage p\u00e9diatrique.","robots":{"index":"index","follow":"follow","max-snippet":"max-snippet:-1","max-image-preview":"max-image-preview:large","max-video-preview":"max-video-preview:-1"},"canonical":"https:\/\/www.proveca.com\/fr\/patients\/","og_type":"article","og_title":"M\u00e9dicaments autoris\u00e9s pour un usage p\u00e9diatrique et formulations adapt\u00e9es \u00e0 l\u2019\u00e2ge du patient","og_description":"D\u00e9couvrez pourquoi les formulations adapt\u00e9es \u00e0 l\u2019\u00e2ge sont importantes et quels sont les m\u00e9dicaments autoris\u00e9s sp\u00e9cifiquement pour un usage p\u00e9diatrique.","og_url":"https:\/\/www.proveca.com\/fr\/patients\/","og_site_name":"Proveca","article_modified_time":"2023-11-06T17:27:54+00:00","twitter_card":"summary_large_image","twitter_misc":{"Dur\u00e9e de lecture estim\u00e9e":"8 minutes"},"schema":{"@context":"https:\/\/schema.org","@graph":[{"@type":"WebPage","@id":"https:\/\/www.proveca.com\/fr\/patients\/","url":"https:\/\/www.proveca.com\/fr\/patients\/","name":"M\u00e9dicaments autoris\u00e9s pour un usage p\u00e9diatrique et formulations adapt\u00e9es \u00e0 l\u2019\u00e2ge du patient","isPartOf":{"@id":"https:\/\/www.proveca.com\/fr\/#website"},"datePublished":"2023-01-16T20:54:38+00:00","dateModified":"2023-11-06T17:27:54+00:00","description":"D\u00e9couvrez pourquoi les formulations adapt\u00e9es \u00e0 l\u2019\u00e2ge sont importantes et quels sont les m\u00e9dicaments autoris\u00e9s sp\u00e9cifiquement pour un usage p\u00e9diatrique.","breadcrumb":{"@id":"https:\/\/www.proveca.com\/fr\/patients\/#breadcrumb"},"inLanguage":"fr-FR","potentialAction":[{"@type":"ReadAction","target":["https:\/\/www.proveca.com\/fr\/patients\/"]}]},{"@type":"BreadcrumbList","@id":"https:\/\/www.proveca.com\/fr\/patients\/#breadcrumb","itemListElement":[{"@type":"ListItem","position":1,"name":"Home","item":"https:\/\/www.proveca.com\/fr\/homepage-2\/"},{"@type":"ListItem","position":2,"name":"Patients"}]},{"@type":"WebSite","@id":"https:\/\/www.proveca.com\/fr\/#website","url":"https:\/\/www.proveca.com\/fr\/","name":"Proveca","description":"Medicines for children","potentialAction":[{"@type":"SearchAction","target":{"@type":"EntryPoint","urlTemplate":"https:\/\/www.proveca.com\/fr\/?s={search_term_string}"},"query-input":{"@type":"PropertyValueSpecification","valueRequired":true,"valueName":"search_term_string"}}],"inLanguage":"fr-FR"}]}},"_links":{"self":[{"href":"https:\/\/www.proveca.com\/fr\/wp-json\/wp\/v2\/pages\/9854","targetHints":{"allow":["GET"]}}],"collection":[{"href":"https:\/\/www.proveca.com\/fr\/wp-json\/wp\/v2\/pages"}],"about":[{"href":"https:\/\/www.proveca.com\/fr\/wp-json\/wp\/v2\/types\/page"}],"author":[{"embeddable":true,"href":"https:\/\/www.proveca.com\/fr\/wp-json\/wp\/v2\/users\/1"}],"replies":[{"embeddable":true,"href":"https:\/\/www.proveca.com\/fr\/wp-json\/wp\/v2\/comments?post=9854"}],"version-history":[{"count":3,"href":"https:\/\/www.proveca.com\/fr\/wp-json\/wp\/v2\/pages\/9854\/revisions"}],"predecessor-version":[{"id":16134,"href":"https:\/\/www.proveca.com\/fr\/wp-json\/wp\/v2\/pages\/9854\/revisions\/16134"}],"wp:attachment":[{"href":"https:\/\/www.proveca.com\/fr\/wp-json\/wp\/v2\/media?parent=9854"}],"curies":[{"name":"wp","href":"https:\/\/api.w.org\/{rel}","templated":true}]}}