{"id":9864,"date":"2023-01-16T20:58:22","date_gmt":"2023-01-16T20:58:22","guid":{"rendered":"https:\/\/www.proveca.com\/?page_id=9864"},"modified":"2023-11-06T17:28:50","modified_gmt":"2023-11-06T17:28:50","slug":"signaler-un-probleme","status":"publish","type":"page","link":"https:\/\/www.proveca.com\/fr\/signaler-un-probleme\/","title":{"rendered":"Signaler un probl\u00e8me"},"content":{"rendered":"\n<style type=\"text\/css\" data-created_by=\"avia_inline_auto\" id=\"style-css-av-k7qc8ed7-0a9188b28578b252ff2bbfdc1e3ce519\">\n.avia-section.av-k7qc8ed7-0a9188b28578b252ff2bbfdc1e3ce519{\nbackground-color:#ecf2f6;\nbackground-image:url(https:\/\/www.proveca.com\/wp-content\/uploads\/2020\/03\/big-leaf-4.png);\nbackground-repeat:no-repeat;\nbackground-position:50% 50%;\nbackground-attachment:scroll;\n}\n<\/style>\n<div id='av_section_1'  class='avia-section av-k7qc8ed7-0a9188b28578b252ff2bbfdc1e3ce519 main_color avia-section-default avia-no-border-styling  avia-builder-el-0  el_before_av_section  avia-builder-el-first  avia-full-stretch avia-bg-style-scroll av-minimum-height av-minimum-height-custom av-height-custom  container_wrap fullsize'  data-section-bg-repeat='stretch' data-av_minimum_height_px='150'><div class='container av-section-cont-open' style='height:150px'><main  class='template-page content  av-content-full alpha units'><div class='post-entry post-entry-type-page post-entry-9864'><div class='entry-content-wrapper clearfix'>\n\n<style type=\"text\/css\" data-created_by=\"avia_inline_auto\" id=\"style-css-av-k7up14rm-309c1687c14d2441696c0c2ebc6945a5\">\n.flex_column.av-k7up14rm-309c1687c14d2441696c0c2ebc6945a5{\nborder-radius:0px 0px 0px 0px;\npadding:0px 0px 0px 0px;\n}\n<\/style>\n<div  class='flex_column av-k7up14rm-309c1687c14d2441696c0c2ebc6945a5 av_one_full  avia-builder-el-1  avia-builder-el-no-sibling  first flex_column_div av-animated-generic left-to-right av-zero-column-padding  '     ><style type=\"text\/css\" data-created_by=\"avia_inline_auto\" id=\"style-css-av-k7yp8wa4-ba18bcdbb54265fc42afb7239b8463fa\">\n#top .av-special-heading.av-k7yp8wa4-ba18bcdbb54265fc42afb7239b8463fa{\npadding-bottom:10px;\ncolor:#ffffff;\n}\nbody .av-special-heading.av-k7yp8wa4-ba18bcdbb54265fc42afb7239b8463fa .av-special-heading-tag .heading-char{\nfont-size:25px;\n}\n.av-special-heading.av-k7yp8wa4-ba18bcdbb54265fc42afb7239b8463fa .special-heading-inner-border{\nborder-color:#ffffff;\n}\n.av-special-heading.av-k7yp8wa4-ba18bcdbb54265fc42afb7239b8463fa .av-subheading{\nfont-size:15px;\n}\n<\/style>\n<div  class='av-special-heading av-k7yp8wa4-ba18bcdbb54265fc42afb7239b8463fa av-special-heading-h1 custom-color-heading blockquote modern-quote  avia-builder-el-2  avia-builder-el-no-sibling '><h1 class='av-special-heading-tag '  >Signaler un probl\u00e8me<\/h1><div class=\"special-heading-border\"><div class=\"special-heading-inner-border\"><\/div><\/div><\/div><\/div>\n\n<\/div><\/div><\/main><!-- close content main element --><\/div><\/div><div id='av_section_2'  class='avia-section av-ba49y2-7acfa1d8ed06a1989be0f7d47126d79f main_color avia-section-default avia-no-border-styling  avia-builder-el-3  el_after_av_section  avia-builder-el-last  avia-bg-style-scroll container_wrap fullsize'  ><div class='container av-section-cont-open' ><div class='template-page content  av-content-full alpha units'><div class='post-entry post-entry-type-page post-entry-9864'><div class='entry-content-wrapper clearfix'>\n\n<style type=\"text\/css\" data-created_by=\"avia_inline_auto\" id=\"style-css-av-3ac74g-b3f71edbbdcc57f5497c230ea03622fd\">\n#top .av-special-heading.av-3ac74g-b3f71edbbdcc57f5497c230ea03622fd{\npadding-bottom:10px;\n}\nbody .av-special-heading.av-3ac74g-b3f71edbbdcc57f5497c230ea03622fd .av-special-heading-tag .heading-char{\nfont-size:25px;\n}\n.av-special-heading.av-3ac74g-b3f71edbbdcc57f5497c230ea03622fd .av-subheading{\nfont-size:15px;\n}\n<\/style>\n<div  class='av-special-heading av-3ac74g-b3f71edbbdcc57f5497c230ea03622fd av-special-heading-h2  avia-builder-el-4  el_before_av_one_full  avia-builder-el-first '><h2 class='av-special-heading-tag '  >Comment signaler un probl\u00e8me li\u00e9 aux m\u00e9dicaments Proveca ?<\/h2><div class=\"special-heading-border\"><div class=\"special-heading-inner-border\"><\/div><\/div><\/div>\n\n<style type=\"text\/css\" data-created_by=\"avia_inline_auto\" id=\"style-css-av-8npzze-287466476fe6e624a7b4429f6d574dbc\">\n.flex_column.av-8npzze-287466476fe6e624a7b4429f6d574dbc{\nborder-radius:0px 0px 0px 0px;\npadding:0px 0px 0px 0px;\n}\n<\/style>\n<div  class='flex_column av-8npzze-287466476fe6e624a7b4429f6d574dbc av_one_full  avia-builder-el-5  el_after_av_heading  el_before_av_one_full  first flex_column_div av-zero-column-padding  '     ><section  class='av_textblock_section av-k6t9u9qf-aa5942ce9e88be3b92612a6a3cbbf14c '  ><div class='avia_textblock' ><h3>Effets ind\u00e9sirables<\/h3>\n<p>Proveca Ltd op\u00e8re une surveillance continue de la s\u00e9curit\u00e9 de ses m\u00e9dicaments. Cette surveillance se base sur l\u2019examen des donn\u00e9es de s\u00e9curit\u00e9 issues des \u00e9tudes cliniques, des rapports d\u2019utilisation du m\u00e9dicament ainsi que des comptes rendus d\u2019\u00e9ventuels \u00e9v\u00e9nements ind\u00e9sirables sur les produits commercialis\u00e9s.<\/p>\n<p>Si dans votre entourage, vous connaissez un(e) patient(e) ayant rencontr\u00e9 un effet ind\u00e9sirable, un surdosage, une absence d\u2019effets ou des effets salutaires inattendus avec l\u2019un de nos produits ; ou qui soit tomb\u00e9e enceinte lors de la prise d\u2019un de nos m\u00e9dicaments, merci de contacter le service pharmacovigilance de Proveca Ltd au +33\u00a0 (0)1 60 54 38 28 ou par e-mail: <a href=\"mailto:pvexploitant@eurodep.fr\">pvexploitant@eurodep.fr<\/a><\/p>\n<p>Assurez-vous aussi de d\u00e9clarer imm\u00e9diatement tout effet ind\u00e9sirable suspect\u00e9 d\u2019\u00eatre d\u00fb \u00e0 un m\u00e9dicament \u00e0 votre Centre R\u00e9gional de Pharmacovigilance (CRPV) ou sur\u00a0<a href=\"http:\/\/www.signalement-sante.gouv.fr\" target=\"_blank\" rel=\"noopener\">www.signalement-sante.gouv.fr<\/a> . Cette d\u00e9claration permet une surveillance continue du rapport b\u00e9n\u00e9fice\/risque du m\u00e9dicament.<\/p>\n<\/div><\/section><\/div>\n<style type=\"text\/css\" data-created_by=\"avia_inline_auto\" id=\"style-css-av-1x0ndc-19d53fe4a07ff0eb272014432ca116df\">\n.flex_column.av-1x0ndc-19d53fe4a07ff0eb272014432ca116df{\nborder-radius:0px 0px 0px 0px;\npadding:0px 0px 0px 0px;\n}\n<\/style>\n<div  class='flex_column av-1x0ndc-19d53fe4a07ff0eb272014432ca116df av_one_full  avia-builder-el-7  el_after_av_one_full  avia-builder-el-last  first flex_column_div av-zero-column-padding  column-top-margin'     ><section  class='av_textblock_section av-ktwyutpj-3ecd3ea107d7ba7b4d8ba21a9a1001f6 '  ><div class='avia_textblock' ><h3>Information m\u00e9dicale et qualit\u00e9 du produit<\/h3>\n<p>En cas de probl\u00e8me sur la qualit\u00e9 d\u2019un m\u00e9dicament Proveca ou de son emballage, veuillez contacter le service d\u2019information m\u00e9dicale de Proveca Ltd au +33\u00a0 (0)1 60 54 38 28 ou par e-mail : <a href=\"mailto: infoexploitant@eurodep.fr\">infoexploitant@eurodep.fr<\/a><\/p>\n<\/div><\/section><\/div>\n","protected":false},"excerpt":{"rendered":"","protected":false},"author":1,"featured_media":0,"parent":0,"menu_order":0,"comment_status":"closed","ping_status":"closed","template":"","meta":{"footnotes":""},"class_list":["post-9864","page","type-page","status-publish","hentry"],"yoast_head":"<!-- This site is optimized with the Yoast SEO plugin v27.3 - https:\/\/yoast.com\/product\/yoast-seo-wordpress\/ -->\n<title>Signaler un probl\u00e8me avec les m\u00e9dicaments Proveca<\/title>\n<meta name=\"description\" content=\"Il est possible de signaler un probl\u00e8me li\u00e9 aux m\u00e9dicaments Proveca, y compris les effets secondaires et\/ou ind\u00e9sirables, afin de contribuer \u00e0 la surveillance de la s\u00e9curit\u00e9 de nos produits. Contactez nous d\u00e8s que n\u00e9cessaire\" \/>\n<meta name=\"robots\" content=\"index, follow, max-snippet:-1, max-image-preview:large, max-video-preview:-1\" \/>\n<link rel=\"canonical\" href=\"https:\/\/www.proveca.com\/fr\/signaler-un-probleme\/\" \/>\n<meta property=\"og:type\" content=\"article\" \/>\n<meta property=\"og:title\" content=\"Signaler un probl\u00e8me avec les m\u00e9dicaments Proveca\" \/>\n<meta property=\"og:description\" content=\"Il est possible de signaler un probl\u00e8me li\u00e9 aux m\u00e9dicaments Proveca, y compris les effets secondaires et\/ou ind\u00e9sirables, afin de contribuer \u00e0 la surveillance de la s\u00e9curit\u00e9 de nos produits. Contactez nous d\u00e8s que n\u00e9cessaire\" \/>\n<meta property=\"og:url\" content=\"https:\/\/www.proveca.com\/fr\/signaler-un-probleme\/\" \/>\n<meta property=\"og:site_name\" content=\"Proveca\" \/>\n<meta property=\"article:modified_time\" content=\"2023-11-06T17:28:50+00:00\" \/>\n<meta name=\"twitter:card\" content=\"summary_large_image\" \/>\n<meta name=\"twitter:label1\" content=\"Dur\u00e9e de lecture estim\u00e9e\" \/>\n\t<meta name=\"twitter:data1\" content=\"3 minutes\" \/>\n<script type=\"application\/ld+json\" class=\"yoast-schema-graph\">{\"@context\":\"https:\\\/\\\/schema.org\",\"@graph\":[{\"@type\":\"WebPage\",\"@id\":\"https:\\\/\\\/www.proveca.com\\\/fr\\\/signaler-un-probleme\\\/\",\"url\":\"https:\\\/\\\/www.proveca.com\\\/fr\\\/signaler-un-probleme\\\/\",\"name\":\"Signaler un probl\u00e8me avec les m\u00e9dicaments Proveca\",\"isPartOf\":{\"@id\":\"https:\\\/\\\/www.proveca.com\\\/fr\\\/#website\"},\"datePublished\":\"2023-01-16T20:58:22+00:00\",\"dateModified\":\"2023-11-06T17:28:50+00:00\",\"description\":\"Il est possible de signaler un probl\u00e8me li\u00e9 aux m\u00e9dicaments Proveca, y compris les effets secondaires et\\\/ou ind\u00e9sirables, afin de contribuer \u00e0 la surveillance de la s\u00e9curit\u00e9 de nos produits. Contactez nous d\u00e8s que n\u00e9cessaire\",\"breadcrumb\":{\"@id\":\"https:\\\/\\\/www.proveca.com\\\/fr\\\/signaler-un-probleme\\\/#breadcrumb\"},\"inLanguage\":\"fr-FR\",\"potentialAction\":[{\"@type\":\"ReadAction\",\"target\":[\"https:\\\/\\\/www.proveca.com\\\/fr\\\/signaler-un-probleme\\\/\"]}]},{\"@type\":\"BreadcrumbList\",\"@id\":\"https:\\\/\\\/www.proveca.com\\\/fr\\\/signaler-un-probleme\\\/#breadcrumb\",\"itemListElement\":[{\"@type\":\"ListItem\",\"position\":1,\"name\":\"Home\",\"item\":\"https:\\\/\\\/www.proveca.com\\\/fr\\\/homepage-2\\\/\"},{\"@type\":\"ListItem\",\"position\":2,\"name\":\"Signaler un probl\u00e8me\"}]},{\"@type\":\"WebSite\",\"@id\":\"https:\\\/\\\/www.proveca.com\\\/fr\\\/#website\",\"url\":\"https:\\\/\\\/www.proveca.com\\\/fr\\\/\",\"name\":\"Proveca\",\"description\":\"Medicines for children\",\"potentialAction\":[{\"@type\":\"SearchAction\",\"target\":{\"@type\":\"EntryPoint\",\"urlTemplate\":\"https:\\\/\\\/www.proveca.com\\\/fr\\\/?s={search_term_string}\"},\"query-input\":{\"@type\":\"PropertyValueSpecification\",\"valueRequired\":true,\"valueName\":\"search_term_string\"}}],\"inLanguage\":\"fr-FR\"}]}<\/script>\n<!-- \/ Yoast SEO plugin. -->","yoast_head_json":{"title":"Signaler un probl\u00e8me avec les m\u00e9dicaments Proveca","description":"Il est possible de signaler un probl\u00e8me li\u00e9 aux m\u00e9dicaments Proveca, y compris les effets secondaires et\/ou ind\u00e9sirables, afin de contribuer \u00e0 la surveillance de la s\u00e9curit\u00e9 de nos produits. Contactez nous d\u00e8s que n\u00e9cessaire","robots":{"index":"index","follow":"follow","max-snippet":"max-snippet:-1","max-image-preview":"max-image-preview:large","max-video-preview":"max-video-preview:-1"},"canonical":"https:\/\/www.proveca.com\/fr\/signaler-un-probleme\/","og_type":"article","og_title":"Signaler un probl\u00e8me avec les m\u00e9dicaments Proveca","og_description":"Il est possible de signaler un probl\u00e8me li\u00e9 aux m\u00e9dicaments Proveca, y compris les effets secondaires et\/ou ind\u00e9sirables, afin de contribuer \u00e0 la surveillance de la s\u00e9curit\u00e9 de nos produits. Contactez nous d\u00e8s que n\u00e9cessaire","og_url":"https:\/\/www.proveca.com\/fr\/signaler-un-probleme\/","og_site_name":"Proveca","article_modified_time":"2023-11-06T17:28:50+00:00","twitter_card":"summary_large_image","twitter_misc":{"Dur\u00e9e de lecture estim\u00e9e":"3 minutes"},"schema":{"@context":"https:\/\/schema.org","@graph":[{"@type":"WebPage","@id":"https:\/\/www.proveca.com\/fr\/signaler-un-probleme\/","url":"https:\/\/www.proveca.com\/fr\/signaler-un-probleme\/","name":"Signaler un probl\u00e8me avec les m\u00e9dicaments Proveca","isPartOf":{"@id":"https:\/\/www.proveca.com\/fr\/#website"},"datePublished":"2023-01-16T20:58:22+00:00","dateModified":"2023-11-06T17:28:50+00:00","description":"Il est possible de signaler un probl\u00e8me li\u00e9 aux m\u00e9dicaments Proveca, y compris les effets secondaires et\/ou ind\u00e9sirables, afin de contribuer \u00e0 la surveillance de la s\u00e9curit\u00e9 de nos produits. Contactez nous d\u00e8s que n\u00e9cessaire","breadcrumb":{"@id":"https:\/\/www.proveca.com\/fr\/signaler-un-probleme\/#breadcrumb"},"inLanguage":"fr-FR","potentialAction":[{"@type":"ReadAction","target":["https:\/\/www.proveca.com\/fr\/signaler-un-probleme\/"]}]},{"@type":"BreadcrumbList","@id":"https:\/\/www.proveca.com\/fr\/signaler-un-probleme\/#breadcrumb","itemListElement":[{"@type":"ListItem","position":1,"name":"Home","item":"https:\/\/www.proveca.com\/fr\/homepage-2\/"},{"@type":"ListItem","position":2,"name":"Signaler un probl\u00e8me"}]},{"@type":"WebSite","@id":"https:\/\/www.proveca.com\/fr\/#website","url":"https:\/\/www.proveca.com\/fr\/","name":"Proveca","description":"Medicines for children","potentialAction":[{"@type":"SearchAction","target":{"@type":"EntryPoint","urlTemplate":"https:\/\/www.proveca.com\/fr\/?s={search_term_string}"},"query-input":{"@type":"PropertyValueSpecification","valueRequired":true,"valueName":"search_term_string"}}],"inLanguage":"fr-FR"}]}},"_links":{"self":[{"href":"https:\/\/www.proveca.com\/fr\/wp-json\/wp\/v2\/pages\/9864","targetHints":{"allow":["GET"]}}],"collection":[{"href":"https:\/\/www.proveca.com\/fr\/wp-json\/wp\/v2\/pages"}],"about":[{"href":"https:\/\/www.proveca.com\/fr\/wp-json\/wp\/v2\/types\/page"}],"author":[{"embeddable":true,"href":"https:\/\/www.proveca.com\/fr\/wp-json\/wp\/v2\/users\/1"}],"replies":[{"embeddable":true,"href":"https:\/\/www.proveca.com\/fr\/wp-json\/wp\/v2\/comments?post=9864"}],"version-history":[{"count":3,"href":"https:\/\/www.proveca.com\/fr\/wp-json\/wp\/v2\/pages\/9864\/revisions"}],"predecessor-version":[{"id":16136,"href":"https:\/\/www.proveca.com\/fr\/wp-json\/wp\/v2\/pages\/9864\/revisions\/16136"}],"wp:attachment":[{"href":"https:\/\/www.proveca.com\/fr\/wp-json\/wp\/v2\/media?parent=9864"}],"curies":[{"name":"wp","href":"https:\/\/api.w.org\/{rel}","templated":true}]}}